{"id":156,"date":"2017-01-05T20:45:21","date_gmt":"2017-01-05T20:45:21","guid":{"rendered":"http:\/\/santosaraujoinformatica.com.br\/santos\/?p=156"},"modified":"2017-07-11T20:58:58","modified_gmt":"2017-07-11T20:58:58","slug":"treinamento","status":"publish","type":"page","link":"https:\/\/www.santosaraujo.com.br\/santos\/treinamento\/","title":{"rendered":"Treinamento"},"content":{"rendered":"<p align=\"left\"><span class=\"TextoReportagem\">Oferecemos <strong>treinamento<\/strong> para opera\u00e7\u00e3o de computadores e para a utiliza\u00e7\u00e3o de softwares b\u00e1sicos e alguns de nossos produtos.<\/span><\/p>\n<h3 align=\"left\"><strong>Os servi\u00e7os de treinamento s\u00e3o para os seguintes \u00edtens:<\/strong><\/h3>\n<ul>\n<li class=\"TextoReportagem\">Opera\u00e7\u00e3o b\u00e1sica de computadores (Windows e Windows Explorer e Internet Explorer).<\/li>\n<li class=\"TextoReportagem\">B\u00e1sico Microsoft Office, OpenOffice e Libre Office<\/li>\n<li class=\"TextoReportagem\">ADV para Windows<\/li>\n<li class=\"TextoReportagem\">ADV para WEB<\/li>\n<li class=\"TextoReportagem\">COB para Windows<\/li>\n<li class=\"TextoReportagem\">COB para WEB<\/li>\n<li class=\"TextoReportagem\">CALCDES<\/li>\n<li class=\"TextoReportagem\">Eleito Profissional<\/li>\n<li class=\"TextoReportagem\">ADV Profissional<\/li>\n<li class=\"TextoReportagem\">Atendimento Profissional<\/li>\n<li class=\"TextoReportagem\">IR\/AAR<\/li>\n<li class=\"TextoReportagem\">Publica\u00e7\u00e3o e Administra\u00e7\u00e3o de Sites<\/li>\n<\/ul>\n","protected":false},"excerpt":{"rendered":"<p>Oferecemos treinamento para opera\u00e7\u00e3o de computadores e para a utiliza\u00e7\u00e3o de softwares b\u00e1sicos e alguns de nossos produtos. Os servi\u00e7os de treinamento s\u00e3o para os seguintes \u00edtens: Opera\u00e7\u00e3o b\u00e1sica de computadores (Windows e Windows Explorer e Internet Explorer). B\u00e1sico Microsoft Office, OpenOffice e Libre Office ADV para Windows ADV para WEB COB para Windows COB para WEB CALCDES Eleito Profissional ADV Profissional Atendimento Profissional IR\/AAR Publica\u00e7\u00e3o e Administra\u00e7\u00e3o de Sites<\/p>\n","protected":false},"author":1,"featured_media":0,"parent":0,"menu_order":0,"comment_status":"open","ping_status":"open","template":"","meta":{"_eb_attr":"","_uag_custom_page_level_css":"","_exactmetrics_skip_tracking":false,"_exactmetrics_sitenote_active":false,"_exactmetrics_sitenote_note":"","_exactmetrics_sitenote_category":0,"_uf_show_specific_survey":0,"_uf_disable_surveys":false,"site-sidebar-layout":"default","site-content-layout":"","ast-site-content-layout":"default","site-content-style":"default","site-sidebar-style":"default","ast-global-header-display":"","ast-banner-title-visibility":"","ast-main-header-display":"","ast-hfb-above-header-display":"","ast-hfb-below-header-display":"","ast-hfb-mobile-header-display":"","site-post-title":"","ast-breadcrumbs-content":"","ast-featured-img":"","footer-sml-layout":"","theme-transparent-header-meta":"","adv-header-id-meta":"","stick-header-meta":"","header-above-stick-meta":"","header-main-stick-meta":"","header-below-stick-meta":"","astra-migrate-meta-layouts":"default","ast-page-background-enabled":"default","ast-page-background-meta":{"desktop":{"background-color":"var(--ast-global-color-4)","background-image":"","background-repeat":"repeat","background-position":"center center","background-size":"auto","background-attachment":"scroll","background-type":"","background-media":"","overlay-type":"","overlay-color":"","overlay-opacity":"","overlay-gradient":""},"tablet":{"background-color":"","background-image":"","background-repeat":"repeat","background-position":"center center","background-size":"auto","background-attachment":"scroll","background-type":"","background-media":"","overlay-type":"","overlay-color":"","overlay-opacity":"","overlay-gradient":""},"mobile":{"background-color":"","background-image":"","background-repeat":"repeat","background-position":"center center","background-size":"auto","background-attachment":"scroll","background-type":"","background-media":"","overlay-type":"","overlay-color":"","overlay-opacity":"","overlay-gradient":""}},"ast-content-background-meta":{"desktop":{"background-color":"var(--ast-global-color-5)","background-image":"","background-repeat":"repeat","background-position":"center center","background-size":"auto","background-attachment":"scroll","background-type":"","background-media":"","overlay-type":"","overlay-color":"","overlay-opacity":"","overlay-gradient":""},"tablet":{"background-color":"var(--ast-global-color-5)","background-image":"","background-repeat":"repeat","background-position":"center center","background-size":"auto","background-attachment":"scroll","background-type":"","background-media":"","overlay-type":"","overlay-color":"","overlay-opacity":"","overlay-gradient":""},"mobile":{"background-color":"var(--ast-global-color-5)","background-image":"","background-repeat":"repeat","background-position":"center center","background-size":"auto","background-attachment":"scroll","background-type":"","background-media":"","overlay-type":"","overlay-color":"","overlay-opacity":"","overlay-gradient":""}},"_joinchat":[],"footnotes":""},"class_list":["post-156","page","type-page","status-publish","hentry"],"aioseo_notices":[],"yoast_head":"\n<title>Treinamento -<\/title>\n<meta name=\"robots\" content=\"index, follow, max-snippet:-1, max-image-preview:large, max-video-preview:-1\" \/>\n<link rel=\"canonical\" href=\"https:\/\/www.santosaraujo.com.br\/santos\/treinamento\/\" \/>\n<meta property=\"og:locale\" content=\"pt_BR\" \/>\n<meta property=\"og:type\" content=\"article\" \/>\n<meta property=\"og:title\" content=\"Treinamento -\" \/>\n<meta property=\"og:description\" content=\"Oferecemos treinamento para opera\u00e7\u00e3o de computadores e para a utiliza\u00e7\u00e3o de softwares b\u00e1sicos e alguns de nossos produtos. Os servi\u00e7os de treinamento s\u00e3o para os seguintes \u00edtens: Opera\u00e7\u00e3o b\u00e1sica de computadores (Windows e Windows Explorer e Internet Explorer). B\u00e1sico Microsoft Office, OpenOffice e Libre Office ADV para Windows ADV para WEB COB para Windows COB para WEB CALCDES Eleito Profissional ADV Profissional Atendimento Profissional IR\/AAR Publica\u00e7\u00e3o e Administra\u00e7\u00e3o de Sites\" \/>\n<meta property=\"og:url\" content=\"https:\/\/www.santosaraujo.com.br\/santos\/treinamento\/\" \/>\n<meta property=\"article:publisher\" content=\"https:\/\/facebook.com\/santosaraujoinfo\" \/>\n<meta property=\"article:modified_time\" content=\"2017-07-11T20:58:58+00:00\" \/>\n<meta name=\"twitter:card\" content=\"summary_large_image\" \/>\n<meta name=\"twitter:site\" content=\"@SantosAraujoInf\" \/>\n<script type=\"application\/ld+json\" class=\"yoast-schema-graph\">{\"@context\":\"https:\/\/schema.org\",\"@graph\":[{\"@type\":\"WebPage\",\"@id\":\"https:\/\/www.santosaraujo.com.br\/santos\/treinamento\/\",\"url\":\"https:\/\/www.santosaraujo.com.br\/santos\/treinamento\/\",\"name\":\"Treinamento -\",\"isPartOf\":{\"@id\":\"https:\/\/www.santosaraujo.com.br\/santos\/#website\"},\"datePublished\":\"2017-01-05T20:45:21+00:00\",\"dateModified\":\"2017-07-11T20:58:58+00:00\",\"breadcrumb\":{\"@id\":\"https:\/\/www.santosaraujo.com.br\/santos\/treinamento\/#breadcrumb\"},\"inLanguage\":\"pt-BR\",\"potentialAction\":[{\"@type\":\"ReadAction\",\"target\":[\"https:\/\/www.santosaraujo.com.br\/santos\/treinamento\/\"]}]},{\"@type\":\"BreadcrumbList\",\"@id\":\"https:\/\/www.santosaraujo.com.br\/santos\/treinamento\/#breadcrumb\",\"itemListElement\":[{\"@type\":\"ListItem\",\"position\":1,\"name\":\"In\u00edcio\",\"item\":\"https:\/\/www.santosaraujo.com.br\/santos\/\"},{\"@type\":\"ListItem\",\"position\":2,\"name\":\"Treinamento\"}]},{\"@type\":\"WebSite\",\"@id\":\"https:\/\/www.santosaraujo.com.br\/santos\/#website\",\"url\":\"https:\/\/www.santosaraujo.com.br\/santos\/\",\"name\":\"\",\"description\":\"Santos Araujo Inform\u00e1tica \u00e9 especializada em Softwares de Cobran\u00e7a, Jur\u00eddicos, IR (Imposto de Renda) , Politicos, Condom\u00ednios.\",\"publisher\":{\"@id\":\"https:\/\/www.santosaraujo.com.br\/santos\/#organization\"},\"potentialAction\":[{\"@type\":\"SearchAction\",\"target\":{\"@type\":\"EntryPoint\",\"urlTemplate\":\"https:\/\/www.santosaraujo.com.br\/santos\/?s={search_term_string}\"},\"query-input\":{\"@type\":\"PropertyValueSpecification\",\"valueRequired\":true,\"valueName\":\"search_term_string\"}}],\"inLanguage\":\"pt-BR\"},{\"@type\":\"Organization\",\"@id\":\"https:\/\/www.santosaraujo.com.br\/santos\/#organization\",\"name\":\"Santos Araujo Inform\u00e1tica\",\"url\":\"https:\/\/www.santosaraujo.com.br\/santos\/\",\"logo\":{\"@type\":\"ImageObject\",\"inLanguage\":\"pt-BR\",\"@id\":\"https:\/\/www.santosaraujo.com.br\/santos\/#\/schema\/logo\/image\/\",\"url\":\"https:\/\/i0.wp.com\/www.santosaraujo.com.br\/santos\/wp-content\/uploads\/2024\/12\/cropped-Prancheta-2.png?fit=1943%2C615&ssl=1\",\"contentUrl\":\"https:\/\/i0.wp.com\/www.santosaraujo.com.br\/santos\/wp-content\/uploads\/2024\/12\/cropped-Prancheta-2.png?fit=1943%2C615&ssl=1\",\"width\":1943,\"height\":615,\"caption\":\"Santos Araujo Inform\u00e1tica\"},\"image\":{\"@id\":\"https:\/\/www.santosaraujo.com.br\/santos\/#\/schema\/logo\/image\/\"},\"sameAs\":[\"https:\/\/facebook.com\/santosaraujoinfo\",\"https:\/\/x.com\/SantosAraujoInf\",\"https:\/\/www.instagram.com\/santosaraujoinfo\/\",\"https:\/\/www.pinterest.com\/santosaraujoinformtica\/\"]}]}<\/script>\n","yoast_head_json":{"title":"Treinamento -","robots":{"index":"index","follow":"follow","max-snippet":"max-snippet:-1","max-image-preview":"max-image-preview:large","max-video-preview":"max-video-preview:-1"},"canonical":"https:\/\/www.santosaraujo.com.br\/santos\/treinamento\/","og_locale":"pt_BR","og_type":"article","og_title":"Treinamento -","og_description":"Oferecemos treinamento para opera\u00e7\u00e3o de computadores e para a utiliza\u00e7\u00e3o de softwares b\u00e1sicos e alguns de nossos produtos. Os servi\u00e7os de treinamento s\u00e3o para os seguintes \u00edtens: Opera\u00e7\u00e3o b\u00e1sica de computadores (Windows e Windows Explorer e Internet Explorer). B\u00e1sico Microsoft Office, OpenOffice e Libre Office ADV para Windows ADV para WEB COB para Windows COB para WEB CALCDES Eleito Profissional ADV Profissional Atendimento Profissional IR\/AAR Publica\u00e7\u00e3o e Administra\u00e7\u00e3o de Sites","og_url":"https:\/\/www.santosaraujo.com.br\/santos\/treinamento\/","article_publisher":"https:\/\/facebook.com\/santosaraujoinfo","article_modified_time":"2017-07-11T20:58:58+00:00","twitter_card":"summary_large_image","twitter_site":"@SantosAraujoInf","schema":{"@context":"https:\/\/schema.org","@graph":[{"@type":"WebPage","@id":"https:\/\/www.santosaraujo.com.br\/santos\/treinamento\/","url":"https:\/\/www.santosaraujo.com.br\/santos\/treinamento\/","name":"Treinamento -","isPartOf":{"@id":"https:\/\/www.santosaraujo.com.br\/santos\/#website"},"datePublished":"2017-01-05T20:45:21+00:00","dateModified":"2017-07-11T20:58:58+00:00","breadcrumb":{"@id":"https:\/\/www.santosaraujo.com.br\/santos\/treinamento\/#breadcrumb"},"inLanguage":"pt-BR","potentialAction":[{"@type":"ReadAction","target":["https:\/\/www.santosaraujo.com.br\/santos\/treinamento\/"]}]},{"@type":"BreadcrumbList","@id":"https:\/\/www.santosaraujo.com.br\/santos\/treinamento\/#breadcrumb","itemListElement":[{"@type":"ListItem","position":1,"name":"In\u00edcio","item":"https:\/\/www.santosaraujo.com.br\/santos\/"},{"@type":"ListItem","position":2,"name":"Treinamento"}]},{"@type":"WebSite","@id":"https:\/\/www.santosaraujo.com.br\/santos\/#website","url":"https:\/\/www.santosaraujo.com.br\/santos\/","name":"","description":"Santos Araujo Inform\u00e1tica \u00e9 especializada em Softwares de Cobran\u00e7a, Jur\u00eddicos, IR (Imposto de Renda) , Politicos, Condom\u00ednios.","publisher":{"@id":"https:\/\/www.santosaraujo.com.br\/santos\/#organization"},"potentialAction":[{"@type":"SearchAction","target":{"@type":"EntryPoint","urlTemplate":"https:\/\/www.santosaraujo.com.br\/santos\/?s={search_term_string}"},"query-input":{"@type":"PropertyValueSpecification","valueRequired":true,"valueName":"search_term_string"}}],"inLanguage":"pt-BR"},{"@type":"Organization","@id":"https:\/\/www.santosaraujo.com.br\/santos\/#organization","name":"Santos Araujo Inform\u00e1tica","url":"https:\/\/www.santosaraujo.com.br\/santos\/","logo":{"@type":"ImageObject","inLanguage":"pt-BR","@id":"https:\/\/www.santosaraujo.com.br\/santos\/#\/schema\/logo\/image\/","url":"https:\/\/i0.wp.com\/www.santosaraujo.com.br\/santos\/wp-content\/uploads\/2024\/12\/cropped-Prancheta-2.png?fit=1943%2C615&ssl=1","contentUrl":"https:\/\/i0.wp.com\/www.santosaraujo.com.br\/santos\/wp-content\/uploads\/2024\/12\/cropped-Prancheta-2.png?fit=1943%2C615&ssl=1","width":1943,"height":615,"caption":"Santos Araujo Inform\u00e1tica"},"image":{"@id":"https:\/\/www.santosaraujo.com.br\/santos\/#\/schema\/logo\/image\/"},"sameAs":["https:\/\/facebook.com\/santosaraujoinfo","https:\/\/x.com\/SantosAraujoInf","https:\/\/www.instagram.com\/santosaraujoinfo\/","https:\/\/www.pinterest.com\/santosaraujoinformtica\/"]}]}},"uagb_featured_image_src":{"full":false,"thumbnail":false,"medium":false,"medium_large":false,"large":false,"1536x1536":false,"2048x2048":false,"featured-slide":false,"featured-slide-thumb":false},"uagb_author_info":{"display_name":"Oswaldo Santos Araujo","author_link":"https:\/\/www.santosaraujo.com.br\/santos\/author\/sainfo\/"},"uagb_comment_info":0,"uagb_excerpt":"Oferecemos treinamento para opera\u00e7\u00e3o de computadores e para a utiliza\u00e7\u00e3o de softwares b\u00e1sicos e alguns de nossos produtos. Os servi\u00e7os de treinamento s\u00e3o para os seguintes \u00edtens: Opera\u00e7\u00e3o b\u00e1sica de computadores (Windows e Windows Explorer e Internet Explorer). B\u00e1sico Microsoft Office, OpenOffice e Libre Office ADV para Windows ADV para WEB COB para Windows COB&hellip;","jetpack_sharing_enabled":true,"_links":{"self":[{"href":"https:\/\/www.santosaraujo.com.br\/santos\/wp-json\/wp\/v2\/pages\/156","targetHints":{"allow":["GET"]}}],"collection":[{"href":"https:\/\/www.santosaraujo.com.br\/santos\/wp-json\/wp\/v2\/pages"}],"about":[{"href":"https:\/\/www.santosaraujo.com.br\/santos\/wp-json\/wp\/v2\/types\/page"}],"author":[{"embeddable":true,"href":"https:\/\/www.santosaraujo.com.br\/santos\/wp-json\/wp\/v2\/users\/1"}],"replies":[{"embeddable":true,"href":"https:\/\/www.santosaraujo.com.br\/santos\/wp-json\/wp\/v2\/comments?post=156"}],"version-history":[{"count":7,"href":"https:\/\/www.santosaraujo.com.br\/santos\/wp-json\/wp\/v2\/pages\/156\/revisions"}],"predecessor-version":[{"id":1734,"href":"https:\/\/www.santosaraujo.com.br\/santos\/wp-json\/wp\/v2\/pages\/156\/revisions\/1734"}],"wp:attachment":[{"href":"https:\/\/www.santosaraujo.com.br\/santos\/wp-json\/wp\/v2\/media?parent=156"}],"curies":[{"name":"wp","href":"https:\/\/api.w.org\/{rel}","templated":true}]}}