{"id":258,"date":"2017-01-05T20:19:10","date_gmt":"2017-01-05T20:19:10","guid":{"rendered":"http:\/\/santosaraujoinformatica.com.br\/santos\/?p=258"},"modified":"2017-07-07T21:18:52","modified_gmt":"2017-07-07T21:18:52","slug":"comparativo-softwares-juridicos-adv-basico","status":"publish","type":"page","link":"https:\/\/www.santosaraujo.com.br\/santos\/software-juridico-e-cobranca-adv-para-windows\/comparativo-softwares-juridicos-adv-basico\/","title":{"rendered":"Comparativo Softwares Juridicos &#8211; ADV &#8211; B\u00e1sico"},"content":{"rendered":"<h3><\/h3>\n<p>O comparativo de softwares jur\u00eddicos refente a linha de sistemas ADV apresenta as principais diferen\u00e7as entre os 3 sistemas.<\/p>\n<table style=\"width: 520px;\" border=\"1\">\n<tbody>\n<tr style=\"height: 6.4375px;\">\n<td style=\"width: 80px; text-align: center; height: 6.4375px;\">\n<h3><strong>Produto<\/strong><\/h3>\n<\/td>\n<td style=\"width: 128px; text-align: center; height: 6.4375px;\">\n<h3><strong>ADV Profissional<\/strong><\/h3>\n<\/td>\n<td style=\"width: 144px; height: 6.4375px; text-align: center;\">\n<h3><strong>ADV\u00a0<\/strong><strong style=\"font-size: inherit;\">para Windows<\/strong><\/h3>\n<\/td>\n<td style=\"width: 162px; height: 6.4375px; text-align: center;\">\n<h3><strong>ADV para\u00a0<\/strong><strong style=\"font-size: inherit;\">WEB<\/strong><\/h3>\n<\/td>\n<\/tr>\n<tr style=\"height: 456px;\">\n<td style=\"width: 80px; height: 456px; text-align: center;\"><strong>Finalidade<br \/>\nb\u00e1sica<\/strong><\/td>\n<td style=\"width: 128px; height: 456px;\">Voltado para escrit\u00f3rios e deptos jur\u00eddicos pequenos \u00e9 m\u00e9dios. Controla uma quantidade de informa\u00e7\u00e3o menor que as outras vers\u00f5es. N\u00e3o pode ser customizado. Controla Casos (jur\u00eddicos ou n\u00e3o).<\/td>\n<td style=\"width: 144px; height: 456px;\">Software completo para escrit\u00f3rios de advocacia, guarda uma grande quantidade de detalhes sobre o Caso, tem mais varia\u00e7\u00f5es e op\u00e7\u00f5es de relat\u00f3rios que a vers\u00e3o anterior, al\u00e9m de gr\u00e1ficos, al\u00e9m de m\u00f3dulos adicionais. Controla Casos Jur\u00eddicos ou n\u00e3o e Controla Cobran\u00e7a Amig\u00e1vel.<\/td>\n<td style=\"width: 162px; height: 456px;\">Cont\u00e9m o ADV \u00a0para Windows e permite que os Andamentos de Casos da Advocacia sejam disponibilizados On Line no Site da Advocacia para que os Clientes consultem os andamentos dos casos. Site Institucional de 5 p\u00e1ginas. Implanta\u00e7\u00e3o de Site (seguran\u00e7a\/site) pelo suporte da Santos Araujo.<\/td>\n<\/tr>\n<tr style=\"height: 38px;\">\n<td style=\"width: 80px; height: 38px;\">\n<p style=\"text-align: center;\"><strong>Pre\u00e7o<\/strong><\/p>\n<\/td>\n<td style=\"height: 38px; width: 128px;\">\n<h4 style=\"text-align: center;\">R$ 650,00<\/h4>\n<\/td>\n<td style=\"height: 38px; width: 144px;\">\n<h4 style=\"text-align: center;\">R$ 1250,00<\/h4>\n<\/td>\n<td style=\"height: 38px; width: 162px;\">\n<h4 style=\"text-align: center;\">R$ 5.000,00<\/h4>\n<\/td>\n<\/tr>\n<tr style=\"height: 35px;\">\n<td style=\"width: 80px; height: 35px; text-align: center;\"><strong>Nro. de<\/strong><br \/>\n<strong> Licen\u00e7as<\/strong><\/td>\n<td style=\"width: 128px; height: 35px; text-align: center;\">05 licen\u00e7as<\/td>\n<td style=\"width: 144px; height: 35px; text-align: center;\">10 licen\u00e7as<\/td>\n<td style=\"width: 162px; height: 35px; text-align: center;\">20 licen\u00e7as<\/td>\n<\/tr>\n<tr style=\"height: 8px;\">\n<td style=\"width: 80px; height: 8px; text-align: center;\"><strong>Licen\u00e7a<\/strong><br \/>\n<strong> Adicional<\/strong><\/td>\n<td style=\"width: 128px; height: 8px; text-align: center;\">R$ 35,00<\/td>\n<td style=\"width: 144px; height: 8px; text-align: center;\">R$ 75,00<\/td>\n<td style=\"width: 162px; height: 8px; text-align: center;\">R$ 99,00<\/td>\n<\/tr>\n<\/tbody>\n<\/table>\n<p>&nbsp;<\/p>\n","protected":false},"excerpt":{"rendered":"<p>O comparativo de softwares jur\u00eddicos refente a linha de sistemas ADV apresenta as principais diferen\u00e7as entre os 3 sistemas. Produto ADV Profissional ADV\u00a0para Windows ADV para\u00a0WEB Finalidade b\u00e1sica Voltado para escrit\u00f3rios e deptos jur\u00eddicos pequenos \u00e9 m\u00e9dios. Controla uma quantidade de informa\u00e7\u00e3o menor que as outras vers\u00f5es. N\u00e3o pode ser customizado. Controla Casos (jur\u00eddicos ou n\u00e3o). Software completo para escrit\u00f3rios de advocacia, guarda uma grande quantidade de detalhes sobre o Caso, tem mais varia\u00e7\u00f5es e op\u00e7\u00f5es de relat\u00f3rios que a vers\u00e3o anterior, al\u00e9m de gr\u00e1ficos, al\u00e9m de m\u00f3dulos adicionais. Controla Casos Jur\u00eddicos ou n\u00e3o e Controla Cobran\u00e7a Amig\u00e1vel. Cont\u00e9m o ADV \u00a0para Windows e permite que os Andamentos de Casos da Advocacia sejam disponibilizados On Line no Site da Advocacia para que os Clientes consultem os andamentos dos casos. Site Institucional de 5 p\u00e1ginas. Implanta\u00e7\u00e3o de Site (seguran\u00e7a\/site) pelo suporte da Santos Araujo. Pre\u00e7o R$ 650,00 R$ 1250,00 R$ 5.000,00 Nro. de Licen\u00e7as 05 licen\u00e7as 10 licen\u00e7as 20 licen\u00e7as Licen\u00e7a Adicional R$ 35,00 R$ 75,00 R$ 99,00 &nbsp;<\/p>\n","protected":false},"author":1,"featured_media":0,"parent":59,"menu_order":0,"comment_status":"open","ping_status":"open","template":"","meta":{"_eb_attr":"","_uag_custom_page_level_css":"","_exactmetrics_skip_tracking":false,"_exactmetrics_sitenote_active":false,"_exactmetrics_sitenote_note":"","_exactmetrics_sitenote_category":0,"_uf_show_specific_survey":0,"_uf_disable_surveys":false,"site-sidebar-layout":"default","site-content-layout":"","ast-site-content-layout":"default","site-content-style":"default","site-sidebar-style":"default","ast-global-header-display":"","ast-banner-title-visibility":"","ast-main-header-display":"","ast-hfb-above-header-display":"","ast-hfb-below-header-display":"","ast-hfb-mobile-header-display":"","site-post-title":"","ast-breadcrumbs-content":"","ast-featured-img":"","footer-sml-layout":"","theme-transparent-header-meta":"","adv-header-id-meta":"","stick-header-meta":"","header-above-stick-meta":"","header-main-stick-meta":"","header-below-stick-meta":"","astra-migrate-meta-layouts":"default","ast-page-background-enabled":"default","ast-page-background-meta":{"desktop":{"background-color":"var(--ast-global-color-4)","background-image":"","background-repeat":"repeat","background-position":"center center","background-size":"auto","background-attachment":"scroll","background-type":"","background-media":"","overlay-type":"","overlay-color":"","overlay-opacity":"","overlay-gradient":""},"tablet":{"background-color":"","background-image":"","background-repeat":"repeat","background-position":"center center","background-size":"auto","background-attachment":"scroll","background-type":"","background-media":"","overlay-type":"","overlay-color":"","overlay-opacity":"","overlay-gradient":""},"mobile":{"background-color":"","background-image":"","background-repeat":"repeat","background-position":"center center","background-size":"auto","background-attachment":"scroll","background-type":"","background-media":"","overlay-type":"","overlay-color":"","overlay-opacity":"","overlay-gradient":""}},"ast-content-background-meta":{"desktop":{"background-color":"var(--ast-global-color-5)","background-image":"","background-repeat":"repeat","background-position":"center center","background-size":"auto","background-attachment":"scroll","background-type":"","background-media":"","overlay-type":"","overlay-color":"","overlay-opacity":"","overlay-gradient":""},"tablet":{"background-color":"var(--ast-global-color-5)","background-image":"","background-repeat":"repeat","background-position":"center center","background-size":"auto","background-attachment":"scroll","background-type":"","background-media":"","overlay-type":"","overlay-color":"","overlay-opacity":"","overlay-gradient":""},"mobile":{"background-color":"var(--ast-global-color-5)","background-image":"","background-repeat":"repeat","background-position":"center center","background-size":"auto","background-attachment":"scroll","background-type":"","background-media":"","overlay-type":"","overlay-color":"","overlay-opacity":"","overlay-gradient":""}},"_joinchat":[],"footnotes":""},"class_list":["post-258","page","type-page","status-publish","hentry"],"aioseo_notices":[],"yoast_head":"\n<title>Comparativo Softwares Juridicos - ADV - B\u00e1sico -<\/title>\n<meta name=\"robots\" content=\"index, follow, max-snippet:-1, max-image-preview:large, max-video-preview:-1\" \/>\n<link rel=\"canonical\" href=\"https:\/\/www.santosaraujo.com.br\/santos\/software-juridico-e-cobranca-adv-para-windows\/comparativo-softwares-juridicos-adv-basico\/\" \/>\n<meta property=\"og:locale\" content=\"pt_BR\" \/>\n<meta property=\"og:type\" content=\"article\" \/>\n<meta property=\"og:title\" content=\"Comparativo Softwares Juridicos - ADV - B\u00e1sico -\" \/>\n<meta property=\"og:description\" content=\"O comparativo de softwares jur\u00eddicos refente a linha de sistemas ADV apresenta as principais diferen\u00e7as entre os 3 sistemas. Produto ADV Profissional ADV\u00a0para Windows ADV para\u00a0WEB Finalidade b\u00e1sica Voltado para escrit\u00f3rios e deptos jur\u00eddicos pequenos \u00e9 m\u00e9dios. Controla uma quantidade de informa\u00e7\u00e3o menor que as outras vers\u00f5es. N\u00e3o pode ser customizado. Controla Casos (jur\u00eddicos ou n\u00e3o). Software completo para escrit\u00f3rios de advocacia, guarda uma grande quantidade de detalhes sobre o Caso, tem mais varia\u00e7\u00f5es e op\u00e7\u00f5es de relat\u00f3rios que a vers\u00e3o anterior, al\u00e9m de gr\u00e1ficos, al\u00e9m de m\u00f3dulos adicionais. Controla Casos Jur\u00eddicos ou n\u00e3o e Controla Cobran\u00e7a Amig\u00e1vel. Cont\u00e9m o ADV \u00a0para Windows e permite que os Andamentos de Casos da Advocacia sejam disponibilizados On Line no Site da Advocacia para que os Clientes consultem os andamentos dos casos. Site Institucional de 5 p\u00e1ginas. Implanta\u00e7\u00e3o de Site (seguran\u00e7a\/site) pelo suporte da Santos Araujo. Pre\u00e7o R$ 650,00 R$ 1250,00 R$ 5.000,00 Nro. de Licen\u00e7as 05 licen\u00e7as 10 licen\u00e7as 20 licen\u00e7as Licen\u00e7a Adicional R$ 35,00 R$ 75,00 R$ 99,00 &nbsp;\" \/>\n<meta property=\"og:url\" content=\"https:\/\/www.santosaraujo.com.br\/santos\/software-juridico-e-cobranca-adv-para-windows\/comparativo-softwares-juridicos-adv-basico\/\" \/>\n<meta property=\"article:publisher\" content=\"https:\/\/facebook.com\/santosaraujoinfo\" \/>\n<meta property=\"article:modified_time\" content=\"2017-07-07T21:18:52+00:00\" \/>\n<meta name=\"twitter:card\" content=\"summary_large_image\" \/>\n<meta name=\"twitter:site\" content=\"@SantosAraujoInf\" \/>\n<meta name=\"twitter:label1\" content=\"Est. tempo de leitura\" \/>\n\t<meta name=\"twitter:data1\" content=\"1 minuto\" \/>\n<script type=\"application\/ld+json\" class=\"yoast-schema-graph\">{\"@context\":\"https:\/\/schema.org\",\"@graph\":[{\"@type\":\"WebPage\",\"@id\":\"https:\/\/www.santosaraujo.com.br\/santos\/software-juridico-e-cobranca-adv-para-windows\/comparativo-softwares-juridicos-adv-basico\/\",\"url\":\"https:\/\/www.santosaraujo.com.br\/santos\/software-juridico-e-cobranca-adv-para-windows\/comparativo-softwares-juridicos-adv-basico\/\",\"name\":\"Comparativo Softwares Juridicos - ADV - B\u00e1sico -\",\"isPartOf\":{\"@id\":\"https:\/\/www.santosaraujo.com.br\/santos\/#website\"},\"datePublished\":\"2017-01-05T20:19:10+00:00\",\"dateModified\":\"2017-07-07T21:18:52+00:00\",\"breadcrumb\":{\"@id\":\"https:\/\/www.santosaraujo.com.br\/santos\/software-juridico-e-cobranca-adv-para-windows\/comparativo-softwares-juridicos-adv-basico\/#breadcrumb\"},\"inLanguage\":\"pt-BR\",\"potentialAction\":[{\"@type\":\"ReadAction\",\"target\":[\"https:\/\/www.santosaraujo.com.br\/santos\/software-juridico-e-cobranca-adv-para-windows\/comparativo-softwares-juridicos-adv-basico\/\"]}]},{\"@type\":\"BreadcrumbList\",\"@id\":\"https:\/\/www.santosaraujo.com.br\/santos\/software-juridico-e-cobranca-adv-para-windows\/comparativo-softwares-juridicos-adv-basico\/#breadcrumb\",\"itemListElement\":[{\"@type\":\"ListItem\",\"position\":1,\"name\":\"In\u00edcio\",\"item\":\"https:\/\/www.santosaraujo.com.br\/santos\/\"},{\"@type\":\"ListItem\",\"position\":2,\"name\":\"Software Jur\u00eddico e Cobran\u00e7a &#8211; ADV para Windows\",\"item\":\"https:\/\/www.santosaraujo.com.br\/santos\/software-juridico-e-cobranca-adv-para-windows\/\"},{\"@type\":\"ListItem\",\"position\":3,\"name\":\"Comparativo Softwares Juridicos &#8211; ADV &#8211; B\u00e1sico\"}]},{\"@type\":\"WebSite\",\"@id\":\"https:\/\/www.santosaraujo.com.br\/santos\/#website\",\"url\":\"https:\/\/www.santosaraujo.com.br\/santos\/\",\"name\":\"\",\"description\":\"Santos Araujo Inform\u00e1tica \u00e9 especializada em Softwares de Cobran\u00e7a, Jur\u00eddicos, IR (Imposto de Renda) , Politicos, Condom\u00ednios.\",\"publisher\":{\"@id\":\"https:\/\/www.santosaraujo.com.br\/santos\/#organization\"},\"potentialAction\":[{\"@type\":\"SearchAction\",\"target\":{\"@type\":\"EntryPoint\",\"urlTemplate\":\"https:\/\/www.santosaraujo.com.br\/santos\/?s={search_term_string}\"},\"query-input\":{\"@type\":\"PropertyValueSpecification\",\"valueRequired\":true,\"valueName\":\"search_term_string\"}}],\"inLanguage\":\"pt-BR\"},{\"@type\":\"Organization\",\"@id\":\"https:\/\/www.santosaraujo.com.br\/santos\/#organization\",\"name\":\"Santos Araujo Inform\u00e1tica\",\"url\":\"https:\/\/www.santosaraujo.com.br\/santos\/\",\"logo\":{\"@type\":\"ImageObject\",\"inLanguage\":\"pt-BR\",\"@id\":\"https:\/\/www.santosaraujo.com.br\/santos\/#\/schema\/logo\/image\/\",\"url\":\"https:\/\/i0.wp.com\/www.santosaraujo.com.br\/santos\/wp-content\/uploads\/2024\/12\/cropped-Prancheta-2.png?fit=1943%2C615&ssl=1\",\"contentUrl\":\"https:\/\/i0.wp.com\/www.santosaraujo.com.br\/santos\/wp-content\/uploads\/2024\/12\/cropped-Prancheta-2.png?fit=1943%2C615&ssl=1\",\"width\":1943,\"height\":615,\"caption\":\"Santos Araujo Inform\u00e1tica\"},\"image\":{\"@id\":\"https:\/\/www.santosaraujo.com.br\/santos\/#\/schema\/logo\/image\/\"},\"sameAs\":[\"https:\/\/facebook.com\/santosaraujoinfo\",\"https:\/\/x.com\/SantosAraujoInf\",\"https:\/\/www.instagram.com\/santosaraujoinfo\/\",\"https:\/\/www.pinterest.com\/santosaraujoinformtica\/\"]}]}<\/script>\n","yoast_head_json":{"title":"Comparativo Softwares Juridicos - ADV - B\u00e1sico -","robots":{"index":"index","follow":"follow","max-snippet":"max-snippet:-1","max-image-preview":"max-image-preview:large","max-video-preview":"max-video-preview:-1"},"canonical":"https:\/\/www.santosaraujo.com.br\/santos\/software-juridico-e-cobranca-adv-para-windows\/comparativo-softwares-juridicos-adv-basico\/","og_locale":"pt_BR","og_type":"article","og_title":"Comparativo Softwares Juridicos - ADV - B\u00e1sico -","og_description":"O comparativo de softwares jur\u00eddicos refente a linha de sistemas ADV apresenta as principais diferen\u00e7as entre os 3 sistemas. Produto ADV Profissional ADV\u00a0para Windows ADV para\u00a0WEB Finalidade b\u00e1sica Voltado para escrit\u00f3rios e deptos jur\u00eddicos pequenos \u00e9 m\u00e9dios. Controla uma quantidade de informa\u00e7\u00e3o menor que as outras vers\u00f5es. N\u00e3o pode ser customizado. Controla Casos (jur\u00eddicos ou n\u00e3o). Software completo para escrit\u00f3rios de advocacia, guarda uma grande quantidade de detalhes sobre o Caso, tem mais varia\u00e7\u00f5es e op\u00e7\u00f5es de relat\u00f3rios que a vers\u00e3o anterior, al\u00e9m de gr\u00e1ficos, al\u00e9m de m\u00f3dulos adicionais. Controla Casos Jur\u00eddicos ou n\u00e3o e Controla Cobran\u00e7a Amig\u00e1vel. Cont\u00e9m o ADV \u00a0para Windows e permite que os Andamentos de Casos da Advocacia sejam disponibilizados On Line no Site da Advocacia para que os Clientes consultem os andamentos dos casos. Site Institucional de 5 p\u00e1ginas. Implanta\u00e7\u00e3o de Site (seguran\u00e7a\/site) pelo suporte da Santos Araujo. Pre\u00e7o R$ 650,00 R$ 1250,00 R$ 5.000,00 Nro. de Licen\u00e7as 05 licen\u00e7as 10 licen\u00e7as 20 licen\u00e7as Licen\u00e7a Adicional R$ 35,00 R$ 75,00 R$ 99,00 &nbsp;","og_url":"https:\/\/www.santosaraujo.com.br\/santos\/software-juridico-e-cobranca-adv-para-windows\/comparativo-softwares-juridicos-adv-basico\/","article_publisher":"https:\/\/facebook.com\/santosaraujoinfo","article_modified_time":"2017-07-07T21:18:52+00:00","twitter_card":"summary_large_image","twitter_site":"@SantosAraujoInf","twitter_misc":{"Est. tempo de leitura":"1 minuto"},"schema":{"@context":"https:\/\/schema.org","@graph":[{"@type":"WebPage","@id":"https:\/\/www.santosaraujo.com.br\/santos\/software-juridico-e-cobranca-adv-para-windows\/comparativo-softwares-juridicos-adv-basico\/","url":"https:\/\/www.santosaraujo.com.br\/santos\/software-juridico-e-cobranca-adv-para-windows\/comparativo-softwares-juridicos-adv-basico\/","name":"Comparativo Softwares Juridicos - ADV - B\u00e1sico -","isPartOf":{"@id":"https:\/\/www.santosaraujo.com.br\/santos\/#website"},"datePublished":"2017-01-05T20:19:10+00:00","dateModified":"2017-07-07T21:18:52+00:00","breadcrumb":{"@id":"https:\/\/www.santosaraujo.com.br\/santos\/software-juridico-e-cobranca-adv-para-windows\/comparativo-softwares-juridicos-adv-basico\/#breadcrumb"},"inLanguage":"pt-BR","potentialAction":[{"@type":"ReadAction","target":["https:\/\/www.santosaraujo.com.br\/santos\/software-juridico-e-cobranca-adv-para-windows\/comparativo-softwares-juridicos-adv-basico\/"]}]},{"@type":"BreadcrumbList","@id":"https:\/\/www.santosaraujo.com.br\/santos\/software-juridico-e-cobranca-adv-para-windows\/comparativo-softwares-juridicos-adv-basico\/#breadcrumb","itemListElement":[{"@type":"ListItem","position":1,"name":"In\u00edcio","item":"https:\/\/www.santosaraujo.com.br\/santos\/"},{"@type":"ListItem","position":2,"name":"Software Jur\u00eddico e Cobran\u00e7a &#8211; ADV para Windows","item":"https:\/\/www.santosaraujo.com.br\/santos\/software-juridico-e-cobranca-adv-para-windows\/"},{"@type":"ListItem","position":3,"name":"Comparativo Softwares Juridicos &#8211; ADV &#8211; B\u00e1sico"}]},{"@type":"WebSite","@id":"https:\/\/www.santosaraujo.com.br\/santos\/#website","url":"https:\/\/www.santosaraujo.com.br\/santos\/","name":"","description":"Santos Araujo Inform\u00e1tica \u00e9 especializada em Softwares de Cobran\u00e7a, Jur\u00eddicos, IR (Imposto de Renda) , Politicos, Condom\u00ednios.","publisher":{"@id":"https:\/\/www.santosaraujo.com.br\/santos\/#organization"},"potentialAction":[{"@type":"SearchAction","target":{"@type":"EntryPoint","urlTemplate":"https:\/\/www.santosaraujo.com.br\/santos\/?s={search_term_string}"},"query-input":{"@type":"PropertyValueSpecification","valueRequired":true,"valueName":"search_term_string"}}],"inLanguage":"pt-BR"},{"@type":"Organization","@id":"https:\/\/www.santosaraujo.com.br\/santos\/#organization","name":"Santos Araujo Inform\u00e1tica","url":"https:\/\/www.santosaraujo.com.br\/santos\/","logo":{"@type":"ImageObject","inLanguage":"pt-BR","@id":"https:\/\/www.santosaraujo.com.br\/santos\/#\/schema\/logo\/image\/","url":"https:\/\/i0.wp.com\/www.santosaraujo.com.br\/santos\/wp-content\/uploads\/2024\/12\/cropped-Prancheta-2.png?fit=1943%2C615&ssl=1","contentUrl":"https:\/\/i0.wp.com\/www.santosaraujo.com.br\/santos\/wp-content\/uploads\/2024\/12\/cropped-Prancheta-2.png?fit=1943%2C615&ssl=1","width":1943,"height":615,"caption":"Santos Araujo Inform\u00e1tica"},"image":{"@id":"https:\/\/www.santosaraujo.com.br\/santos\/#\/schema\/logo\/image\/"},"sameAs":["https:\/\/facebook.com\/santosaraujoinfo","https:\/\/x.com\/SantosAraujoInf","https:\/\/www.instagram.com\/santosaraujoinfo\/","https:\/\/www.pinterest.com\/santosaraujoinformtica\/"]}]}},"uagb_featured_image_src":{"full":false,"thumbnail":false,"medium":false,"medium_large":false,"large":false,"1536x1536":false,"2048x2048":false,"featured-slide":false,"featured-slide-thumb":false},"uagb_author_info":{"display_name":"Oswaldo Santos Araujo","author_link":"https:\/\/www.santosaraujo.com.br\/santos\/author\/sainfo\/"},"uagb_comment_info":0,"uagb_excerpt":"O comparativo de softwares jur\u00eddicos refente a linha de sistemas ADV apresenta as principais diferen\u00e7as entre os 3 sistemas. Produto ADV Profissional ADV\u00a0para Windows ADV para\u00a0WEB Finalidade b\u00e1sica Voltado para escrit\u00f3rios e deptos jur\u00eddicos pequenos \u00e9 m\u00e9dios. Controla uma quantidade de informa\u00e7\u00e3o menor que as outras vers\u00f5es. N\u00e3o pode ser customizado. Controla Casos (jur\u00eddicos ou&hellip;","jetpack_sharing_enabled":true,"_links":{"self":[{"href":"https:\/\/www.santosaraujo.com.br\/santos\/wp-json\/wp\/v2\/pages\/258","targetHints":{"allow":["GET"]}}],"collection":[{"href":"https:\/\/www.santosaraujo.com.br\/santos\/wp-json\/wp\/v2\/pages"}],"about":[{"href":"https:\/\/www.santosaraujo.com.br\/santos\/wp-json\/wp\/v2\/types\/page"}],"author":[{"embeddable":true,"href":"https:\/\/www.santosaraujo.com.br\/santos\/wp-json\/wp\/v2\/users\/1"}],"replies":[{"embeddable":true,"href":"https:\/\/www.santosaraujo.com.br\/santos\/wp-json\/wp\/v2\/comments?post=258"}],"version-history":[{"count":10,"href":"https:\/\/www.santosaraujo.com.br\/santos\/wp-json\/wp\/v2\/pages\/258\/revisions"}],"predecessor-version":[{"id":1721,"href":"https:\/\/www.santosaraujo.com.br\/santos\/wp-json\/wp\/v2\/pages\/258\/revisions\/1721"}],"up":[{"embeddable":true,"href":"https:\/\/www.santosaraujo.com.br\/santos\/wp-json\/wp\/v2\/pages\/59"}],"wp:attachment":[{"href":"https:\/\/www.santosaraujo.com.br\/santos\/wp-json\/wp\/v2\/media?parent=258"}],"curies":[{"name":"wp","href":"https:\/\/api.w.org\/{rel}","templated":true}]}}