{"id":291,"date":"2017-01-05T20:20:14","date_gmt":"2017-01-05T20:20:14","guid":{"rendered":"http:\/\/santosaraujoinformatica.com.br\/santos\/?p=291"},"modified":"2017-06-27T20:10:01","modified_gmt":"2017-06-27T20:10:01","slug":"download-do-software-cob-para-windows","status":"publish","type":"page","link":"https:\/\/www.santosaraujo.com.br\/santos\/software-de-cobranca-cob-para-windows\/download-do-software-cob-para-windows\/","title":{"rendered":"Download do Software COB para Windows"},"content":{"rendered":"<p>O <strong>Download do Software COB para Windows (software de cobran\u00e7a)\u00a0est\u00e1 dispon\u00edvel gratuitamente,<\/strong>\u00a0e \u00e9 uma c\u00f3pia do produto que necessita de senha para libera\u00e7\u00e3o total do produto, mediante a compra do produto e que depende do n\u00famero de s\u00e9rie do produto.<\/p>\n<p><strong>Para fazer o download do sistema o usu\u00e1rio deve aceitar os termos de uso e preencher o fomul\u00e1rio \u00e0 seguir:<\/strong><\/p>\n\n<div class=\"wpcf7 no-js\" id=\"wpcf7-f340-o1\" lang=\"en-US\" dir=\"ltr\" data-wpcf7-id=\"340\">\n<div class=\"screen-reader-response\"><p role=\"status\" aria-live=\"polite\" aria-atomic=\"true\"><\/p> <ul><\/ul><\/div>\n<form action=\"\/santos\/wp-json\/wp\/v2\/pages\/291#wpcf7-f340-o1\" method=\"post\" class=\"wpcf7-form init\" aria-label=\"Contact form\" novalidate=\"novalidate\" data-status=\"init\">\n<fieldset class=\"hidden-fields-container\"><input type=\"hidden\" name=\"_wpcf7\" value=\"340\" \/><input type=\"hidden\" name=\"_wpcf7_version\" value=\"6.1.4\" \/><input type=\"hidden\" name=\"_wpcf7_locale\" value=\"en_US\" \/><input type=\"hidden\" name=\"_wpcf7_unit_tag\" value=\"wpcf7-f340-o1\" \/><input type=\"hidden\" name=\"_wpcf7_container_post\" value=\"0\" \/><input type=\"hidden\" name=\"_wpcf7_posted_data_hash\" value=\"\" \/><input type=\"hidden\" name=\"_wpcf7_recaptcha_response\" value=\"\" \/>\n<\/fieldset>\n<p><label> Nome *<br \/>\n<span class=\"wpcf7-form-control-wrap\" data-name=\"your-name\"><input size=\"40\" maxlength=\"400\" class=\"wpcf7-form-control wpcf7-text wpcf7-validates-as-required\" aria-required=\"true\" aria-invalid=\"false\" placeholder=\"Coloque o seu Nome aqui\" value=\"\" type=\"text\" name=\"your-name\" \/><\/span> <\/label>\n<\/p>\n<p><label> email *<br \/>\n<span class=\"wpcf7-form-control-wrap\" data-name=\"your-email\"><input size=\"40\" maxlength=\"400\" class=\"wpcf7-form-control wpcf7-email wpcf7-validates-as-required wpcf7-text wpcf7-validates-as-email\" aria-required=\"true\" aria-invalid=\"false\" placeholder=\"Coloque o seu E-Mail aqui\" value=\"\" type=\"email\" name=\"your-email\" \/><\/span> <\/label>\n<\/p>\n<p><label> Telefone Fixo ou Celular\/WhatsApp *<br \/>\n<span class=\"wpcf7-form-control-wrap\" data-name=\"Telefone\"><input size=\"40\" maxlength=\"400\" class=\"wpcf7-form-control wpcf7-tel wpcf7-validates-as-required wpcf7-text wpcf7-validates-as-tel\" aria-required=\"true\" aria-invalid=\"false\" placeholder=\"Coloque o seu Telefone Fixo aqui ou Celular\/WhatsApp\" value=\"\" type=\"tel\" name=\"Telefone\" \/><\/span><br \/>\n<\/label>\n<\/p>\n<p><label> Observa\u00e7\u00f5es<br \/>\n<span class=\"wpcf7-form-control-wrap\" data-name=\"Message\"><textarea cols=\"40\" rows=\"10\" maxlength=\"2000\" class=\"wpcf7-form-control wpcf7-textarea\" aria-invalid=\"false\" placeholder=\"Coloque sua mensagem aqui\" name=\"Message\"><\/textarea><\/span><br \/>\n<\/label>\n<\/p>\n<p><span class=\"wpcf7-form-control-wrap\" data-name=\"aceite\"><span class=\"wpcf7-form-control wpcf7-acceptance\"><span class=\"wpcf7-list-item\"><input type=\"checkbox\" name=\"aceite\" value=\"1\" checked=\"checked\" aria-invalid=\"false\" \/><\/span><\/span><\/span> Li e aceito os <a href=\"http:\/\/santosaraujo.com.br\/santos\/termo-de-uso-de-software\/\" target=\"_new\"> termos de uso<\/a> da c\u00f3pia de avalia\u00e7\u00e3o.\n<\/p>\n<p>* Preenchimento obrigat\u00f3rio\n<\/p>\n<p><input class=\"wpcf7-form-control wpcf7-submit has-spinner\" type=\"submit\" value=\"Enviar\" \/><input class=\"wpcf7-form-control wpcf7-back wpcf7c-elm-step2 wpcf7c-btn-back wpcf7c-force-hide\" type=\"button\" value=\"Voltar\" \/>\n<\/p><div class=\"wpcf7-response-output\" aria-hidden=\"true\"><\/div>\n<\/form>\n<\/div>\n\n","protected":false},"excerpt":{"rendered":"<p>O Download do Software COB para Windows (software de cobran\u00e7a)\u00a0est\u00e1 dispon\u00edvel gratuitamente,\u00a0e \u00e9 uma c\u00f3pia do produto que necessita de senha para libera\u00e7\u00e3o total do produto, mediante a compra do produto e que depende do n\u00famero de s\u00e9rie do produto. Para fazer o download do sistema o usu\u00e1rio deve aceitar os termos de uso e preencher o fomul\u00e1rio \u00e0 seguir:<\/p>\n","protected":false},"author":1,"featured_media":0,"parent":27,"menu_order":0,"comment_status":"open","ping_status":"open","template":"","meta":{"_eb_attr":"","_uag_custom_page_level_css":"","_exactmetrics_skip_tracking":false,"_exactmetrics_sitenote_active":false,"_exactmetrics_sitenote_note":"","_exactmetrics_sitenote_category":0,"_uf_show_specific_survey":0,"_uf_disable_surveys":false,"site-sidebar-layout":"default","site-content-layout":"","ast-site-content-layout":"default","site-content-style":"default","site-sidebar-style":"default","ast-global-header-display":"","ast-banner-title-visibility":"","ast-main-header-display":"","ast-hfb-above-header-display":"","ast-hfb-below-header-display":"","ast-hfb-mobile-header-display":"","site-post-title":"","ast-breadcrumbs-content":"","ast-featured-img":"","footer-sml-layout":"","theme-transparent-header-meta":"","adv-header-id-meta":"","stick-header-meta":"","header-above-stick-meta":"","header-main-stick-meta":"","header-below-stick-meta":"","astra-migrate-meta-layouts":"default","ast-page-background-enabled":"default","ast-page-background-meta":{"desktop":{"background-color":"var(--ast-global-color-4)","background-image":"","background-repeat":"repeat","background-position":"center center","background-size":"auto","background-attachment":"scroll","background-type":"","background-media":"","overlay-type":"","overlay-color":"","overlay-opacity":"","overlay-gradient":""},"tablet":{"background-color":"","background-image":"","background-repeat":"repeat","background-position":"center center","background-size":"auto","background-attachment":"scroll","background-type":"","background-media":"","overlay-type":"","overlay-color":"","overlay-opacity":"","overlay-gradient":""},"mobile":{"background-color":"","background-image":"","background-repeat":"repeat","background-position":"center center","background-size":"auto","background-attachment":"scroll","background-type":"","background-media":"","overlay-type":"","overlay-color":"","overlay-opacity":"","overlay-gradient":""}},"ast-content-background-meta":{"desktop":{"background-color":"var(--ast-global-color-5)","background-image":"","background-repeat":"repeat","background-position":"center center","background-size":"auto","background-attachment":"scroll","background-type":"","background-media":"","overlay-type":"","overlay-color":"","overlay-opacity":"","overlay-gradient":""},"tablet":{"background-color":"var(--ast-global-color-5)","background-image":"","background-repeat":"repeat","background-position":"center center","background-size":"auto","background-attachment":"scroll","background-type":"","background-media":"","overlay-type":"","overlay-color":"","overlay-opacity":"","overlay-gradient":""},"mobile":{"background-color":"var(--ast-global-color-5)","background-image":"","background-repeat":"repeat","background-position":"center center","background-size":"auto","background-attachment":"scroll","background-type":"","background-media":"","overlay-type":"","overlay-color":"","overlay-opacity":"","overlay-gradient":""}},"_joinchat":[],"footnotes":""},"class_list":["post-291","page","type-page","status-publish","hentry"],"aioseo_notices":[],"yoast_head":"\n<title>Download do Software COB para Windows -<\/title>\n<meta name=\"description\" content=\"Download do Software COB para Windows - Fa\u00e7a uma Avalia\u00e7\u00e3o Gratuita do Software de Cobran\u00e7a para experimentar durante alguns dias na sua empresa.\" \/>\n<meta name=\"robots\" content=\"index, follow, max-snippet:-1, max-image-preview:large, max-video-preview:-1\" \/>\n<link rel=\"canonical\" href=\"https:\/\/www.santosaraujo.com.br\/santos\/software-de-cobranca-cob-para-windows\/download-do-software-cob-para-windows\/\" \/>\n<meta property=\"og:locale\" content=\"pt_BR\" \/>\n<meta property=\"og:type\" content=\"article\" \/>\n<meta property=\"og:title\" content=\"Download do Software COB para Windows -\" \/>\n<meta property=\"og:description\" content=\"Download do Software COB para Windows - Fa\u00e7a uma Avalia\u00e7\u00e3o Gratuita do Software de Cobran\u00e7a para experimentar durante alguns dias na sua empresa.\" \/>\n<meta property=\"og:url\" content=\"https:\/\/www.santosaraujo.com.br\/santos\/software-de-cobranca-cob-para-windows\/download-do-software-cob-para-windows\/\" \/>\n<meta property=\"article:publisher\" content=\"https:\/\/facebook.com\/santosaraujoinfo\" \/>\n<meta property=\"article:modified_time\" content=\"2017-06-27T20:10:01+00:00\" \/>\n<meta name=\"twitter:card\" content=\"summary_large_image\" \/>\n<meta name=\"twitter:site\" content=\"@SantosAraujoInf\" \/>\n<script type=\"application\/ld+json\" class=\"yoast-schema-graph\">{\"@context\":\"https:\/\/schema.org\",\"@graph\":[{\"@type\":\"WebPage\",\"@id\":\"https:\/\/www.santosaraujo.com.br\/santos\/software-de-cobranca-cob-para-windows\/download-do-software-cob-para-windows\/\",\"url\":\"https:\/\/www.santosaraujo.com.br\/santos\/software-de-cobranca-cob-para-windows\/download-do-software-cob-para-windows\/\",\"name\":\"Download do Software COB para Windows -\",\"isPartOf\":{\"@id\":\"https:\/\/www.santosaraujo.com.br\/santos\/#website\"},\"datePublished\":\"2017-01-05T20:20:14+00:00\",\"dateModified\":\"2017-06-27T20:10:01+00:00\",\"description\":\"Download do Software COB para Windows - Fa\u00e7a uma Avalia\u00e7\u00e3o Gratuita do Software de Cobran\u00e7a para experimentar durante alguns dias na sua empresa.\",\"breadcrumb\":{\"@id\":\"https:\/\/www.santosaraujo.com.br\/santos\/software-de-cobranca-cob-para-windows\/download-do-software-cob-para-windows\/#breadcrumb\"},\"inLanguage\":\"pt-BR\",\"potentialAction\":[{\"@type\":\"ReadAction\",\"target\":[\"https:\/\/www.santosaraujo.com.br\/santos\/software-de-cobranca-cob-para-windows\/download-do-software-cob-para-windows\/\"]}]},{\"@type\":\"BreadcrumbList\",\"@id\":\"https:\/\/www.santosaraujo.com.br\/santos\/software-de-cobranca-cob-para-windows\/download-do-software-cob-para-windows\/#breadcrumb\",\"itemListElement\":[{\"@type\":\"ListItem\",\"position\":1,\"name\":\"In\u00edcio\",\"item\":\"https:\/\/www.santosaraujo.com.br\/santos\/\"},{\"@type\":\"ListItem\",\"position\":2,\"name\":\"Software de Cobran\u00e7a &#8211; COB para Windows\",\"item\":\"https:\/\/www.santosaraujo.com.br\/santos\/software-de-cobranca-cob-para-windows\/\"},{\"@type\":\"ListItem\",\"position\":3,\"name\":\"Download do Software COB para Windows\"}]},{\"@type\":\"WebSite\",\"@id\":\"https:\/\/www.santosaraujo.com.br\/santos\/#website\",\"url\":\"https:\/\/www.santosaraujo.com.br\/santos\/\",\"name\":\"\",\"description\":\"Santos Araujo Inform\u00e1tica \u00e9 especializada em Softwares de Cobran\u00e7a, Jur\u00eddicos, IR (Imposto de Renda) , Politicos, Condom\u00ednios.\",\"publisher\":{\"@id\":\"https:\/\/www.santosaraujo.com.br\/santos\/#organization\"},\"potentialAction\":[{\"@type\":\"SearchAction\",\"target\":{\"@type\":\"EntryPoint\",\"urlTemplate\":\"https:\/\/www.santosaraujo.com.br\/santos\/?s={search_term_string}\"},\"query-input\":{\"@type\":\"PropertyValueSpecification\",\"valueRequired\":true,\"valueName\":\"search_term_string\"}}],\"inLanguage\":\"pt-BR\"},{\"@type\":\"Organization\",\"@id\":\"https:\/\/www.santosaraujo.com.br\/santos\/#organization\",\"name\":\"Santos Araujo Inform\u00e1tica\",\"url\":\"https:\/\/www.santosaraujo.com.br\/santos\/\",\"logo\":{\"@type\":\"ImageObject\",\"inLanguage\":\"pt-BR\",\"@id\":\"https:\/\/www.santosaraujo.com.br\/santos\/#\/schema\/logo\/image\/\",\"url\":\"https:\/\/i0.wp.com\/www.santosaraujo.com.br\/santos\/wp-content\/uploads\/2024\/12\/cropped-Prancheta-2.png?fit=1943%2C615&ssl=1\",\"contentUrl\":\"https:\/\/i0.wp.com\/www.santosaraujo.com.br\/santos\/wp-content\/uploads\/2024\/12\/cropped-Prancheta-2.png?fit=1943%2C615&ssl=1\",\"width\":1943,\"height\":615,\"caption\":\"Santos Araujo Inform\u00e1tica\"},\"image\":{\"@id\":\"https:\/\/www.santosaraujo.com.br\/santos\/#\/schema\/logo\/image\/\"},\"sameAs\":[\"https:\/\/facebook.com\/santosaraujoinfo\",\"https:\/\/x.com\/SantosAraujoInf\",\"https:\/\/www.instagram.com\/santosaraujoinfo\/\",\"https:\/\/www.pinterest.com\/santosaraujoinformtica\/\"]}]}<\/script>\n","yoast_head_json":{"title":"Download do Software COB para Windows -","description":"Download do Software COB para Windows - Fa\u00e7a uma Avalia\u00e7\u00e3o Gratuita do Software de Cobran\u00e7a para experimentar durante alguns dias na sua empresa.","robots":{"index":"index","follow":"follow","max-snippet":"max-snippet:-1","max-image-preview":"max-image-preview:large","max-video-preview":"max-video-preview:-1"},"canonical":"https:\/\/www.santosaraujo.com.br\/santos\/software-de-cobranca-cob-para-windows\/download-do-software-cob-para-windows\/","og_locale":"pt_BR","og_type":"article","og_title":"Download do Software COB para Windows -","og_description":"Download do Software COB para Windows - Fa\u00e7a uma Avalia\u00e7\u00e3o Gratuita do Software de Cobran\u00e7a para experimentar durante alguns dias na sua empresa.","og_url":"https:\/\/www.santosaraujo.com.br\/santos\/software-de-cobranca-cob-para-windows\/download-do-software-cob-para-windows\/","article_publisher":"https:\/\/facebook.com\/santosaraujoinfo","article_modified_time":"2017-06-27T20:10:01+00:00","twitter_card":"summary_large_image","twitter_site":"@SantosAraujoInf","schema":{"@context":"https:\/\/schema.org","@graph":[{"@type":"WebPage","@id":"https:\/\/www.santosaraujo.com.br\/santos\/software-de-cobranca-cob-para-windows\/download-do-software-cob-para-windows\/","url":"https:\/\/www.santosaraujo.com.br\/santos\/software-de-cobranca-cob-para-windows\/download-do-software-cob-para-windows\/","name":"Download do Software COB para Windows -","isPartOf":{"@id":"https:\/\/www.santosaraujo.com.br\/santos\/#website"},"datePublished":"2017-01-05T20:20:14+00:00","dateModified":"2017-06-27T20:10:01+00:00","description":"Download do Software COB para Windows - Fa\u00e7a uma Avalia\u00e7\u00e3o Gratuita do Software de Cobran\u00e7a para experimentar durante alguns dias na sua empresa.","breadcrumb":{"@id":"https:\/\/www.santosaraujo.com.br\/santos\/software-de-cobranca-cob-para-windows\/download-do-software-cob-para-windows\/#breadcrumb"},"inLanguage":"pt-BR","potentialAction":[{"@type":"ReadAction","target":["https:\/\/www.santosaraujo.com.br\/santos\/software-de-cobranca-cob-para-windows\/download-do-software-cob-para-windows\/"]}]},{"@type":"BreadcrumbList","@id":"https:\/\/www.santosaraujo.com.br\/santos\/software-de-cobranca-cob-para-windows\/download-do-software-cob-para-windows\/#breadcrumb","itemListElement":[{"@type":"ListItem","position":1,"name":"In\u00edcio","item":"https:\/\/www.santosaraujo.com.br\/santos\/"},{"@type":"ListItem","position":2,"name":"Software de Cobran\u00e7a &#8211; COB para Windows","item":"https:\/\/www.santosaraujo.com.br\/santos\/software-de-cobranca-cob-para-windows\/"},{"@type":"ListItem","position":3,"name":"Download do Software COB para Windows"}]},{"@type":"WebSite","@id":"https:\/\/www.santosaraujo.com.br\/santos\/#website","url":"https:\/\/www.santosaraujo.com.br\/santos\/","name":"","description":"Santos Araujo Inform\u00e1tica \u00e9 especializada em Softwares de Cobran\u00e7a, Jur\u00eddicos, IR (Imposto de Renda) , Politicos, Condom\u00ednios.","publisher":{"@id":"https:\/\/www.santosaraujo.com.br\/santos\/#organization"},"potentialAction":[{"@type":"SearchAction","target":{"@type":"EntryPoint","urlTemplate":"https:\/\/www.santosaraujo.com.br\/santos\/?s={search_term_string}"},"query-input":{"@type":"PropertyValueSpecification","valueRequired":true,"valueName":"search_term_string"}}],"inLanguage":"pt-BR"},{"@type":"Organization","@id":"https:\/\/www.santosaraujo.com.br\/santos\/#organization","name":"Santos Araujo Inform\u00e1tica","url":"https:\/\/www.santosaraujo.com.br\/santos\/","logo":{"@type":"ImageObject","inLanguage":"pt-BR","@id":"https:\/\/www.santosaraujo.com.br\/santos\/#\/schema\/logo\/image\/","url":"https:\/\/i0.wp.com\/www.santosaraujo.com.br\/santos\/wp-content\/uploads\/2024\/12\/cropped-Prancheta-2.png?fit=1943%2C615&ssl=1","contentUrl":"https:\/\/i0.wp.com\/www.santosaraujo.com.br\/santos\/wp-content\/uploads\/2024\/12\/cropped-Prancheta-2.png?fit=1943%2C615&ssl=1","width":1943,"height":615,"caption":"Santos Araujo Inform\u00e1tica"},"image":{"@id":"https:\/\/www.santosaraujo.com.br\/santos\/#\/schema\/logo\/image\/"},"sameAs":["https:\/\/facebook.com\/santosaraujoinfo","https:\/\/x.com\/SantosAraujoInf","https:\/\/www.instagram.com\/santosaraujoinfo\/","https:\/\/www.pinterest.com\/santosaraujoinformtica\/"]}]}},"uagb_featured_image_src":{"full":false,"thumbnail":false,"medium":false,"medium_large":false,"large":false,"1536x1536":false,"2048x2048":false,"featured-slide":false,"featured-slide-thumb":false},"uagb_author_info":{"display_name":"Oswaldo Santos Araujo","author_link":"https:\/\/www.santosaraujo.com.br\/santos\/author\/sainfo\/"},"uagb_comment_info":0,"uagb_excerpt":"O Download do Software COB para Windows (software de cobran\u00e7a)\u00a0est\u00e1 dispon\u00edvel gratuitamente,\u00a0e \u00e9 uma c\u00f3pia do produto que necessita de senha para libera\u00e7\u00e3o total do produto, mediante a compra do produto e que depende do n\u00famero de s\u00e9rie do produto. Para fazer o download do sistema o usu\u00e1rio deve aceitar os termos de uso e&hellip;","jetpack_sharing_enabled":true,"_links":{"self":[{"href":"https:\/\/www.santosaraujo.com.br\/santos\/wp-json\/wp\/v2\/pages\/291","targetHints":{"allow":["GET"]}}],"collection":[{"href":"https:\/\/www.santosaraujo.com.br\/santos\/wp-json\/wp\/v2\/pages"}],"about":[{"href":"https:\/\/www.santosaraujo.com.br\/santos\/wp-json\/wp\/v2\/types\/page"}],"author":[{"embeddable":true,"href":"https:\/\/www.santosaraujo.com.br\/santos\/wp-json\/wp\/v2\/users\/1"}],"replies":[{"embeddable":true,"href":"https:\/\/www.santosaraujo.com.br\/santos\/wp-json\/wp\/v2\/comments?post=291"}],"version-history":[{"count":9,"href":"https:\/\/www.santosaraujo.com.br\/santos\/wp-json\/wp\/v2\/pages\/291\/revisions"}],"predecessor-version":[{"id":1664,"href":"https:\/\/www.santosaraujo.com.br\/santos\/wp-json\/wp\/v2\/pages\/291\/revisions\/1664"}],"up":[{"embeddable":true,"href":"https:\/\/www.santosaraujo.com.br\/santos\/wp-json\/wp\/v2\/pages\/27"}],"wp:attachment":[{"href":"https:\/\/www.santosaraujo.com.br\/santos\/wp-json\/wp\/v2\/media?parent=291"}],"curies":[{"name":"wp","href":"https:\/\/api.w.org\/{rel}","templated":true}]}}