{"id":33,"date":"2016-11-15T18:31:35","date_gmt":"2016-11-15T18:31:35","guid":{"rendered":"http:\/\/santosaraujoinforma1.hospedagemdesites.ws\/santos\/?p=33"},"modified":"2017-04-26T20:35:07","modified_gmt":"2017-04-26T20:35:07","slug":"eleito-profissional-software-politicos","status":"publish","type":"page","link":"https:\/\/www.santosaraujo.com.br\/santos\/eleito-profissional-software-politicos\/","title":{"rendered":"Eleito Profissional &#8211; Software para Pol\u00edticos"},"content":{"rendered":"<p>O\u00a0<strong>Eleito Profissional<\/strong> \u00e9 um sistema ou software para pol\u00edticos que permite fazer a gest\u00e3o de campanhas pol\u00edticas e gerenciar todos os contatos feitos com eleitores e cabos eleitorais.<\/p>\n<p>Para ganhar uma elei\u00e7\u00e3o um candidato necessita ter um bom discurso, estar afinado com as sua bases eleitorais e fazer contatos, muitos contatos, enfim, falar com muitas pessoas, e \u00e9 a\u00ed que entra o Eleito Profissional , este software o ajudar\u00e1 ou os seus cabos eleitorais a fazerem muitos contatos e armazenando os contatos realizados.<\/p>\n<div class=\"csRow\">\n<div class=\"csColumnGap\" style=\"margin: 0px; padding: 0px; float: left; width: 1.04%;\"><img data-recalc-dims=\"1\" decoding=\"async\" style=\"border: none;\" src=\"https:\/\/i0.wp.com\/www.santosaraujo.com.br\/santos\/wp-content\/plugins\/advanced-wp-columns\/assets\/js\/plugins\/views\/img\/1x1-pixel.png?ssl=1\" \/><\/div>\n<div class=\"csColumn\" style=\"margin: 0px; padding: 0px; float: left; width: 31.3%; text-align: left;\" data-csstartpoint=\"10\" data-csendpoint=\"310\" data-cswidth=\"31.3%\" data-csid=\"a0035d1f-7223-cfca-ab02-ebb66f584311\"><a href=\"https:\/\/www.santosaraujo.com.br\/santos\/eleito-profissional-software-politicos\/comprar-eleito-profissional\/\"><em><strong><h2 class=\"wp-svg-cart-3 cart-3\"><\/h2><\/strong><\/em><em><strong>Comprar<\/strong><\/em><\/a><\/div>\n<div class=\"csColumnGap\" style=\"margin: 0px; padding: 0px; float: left; width: 0.521%; text-align: left;\"><img data-recalc-dims=\"1\" decoding=\"async\" style=\"border: none;\" src=\"https:\/\/i0.wp.com\/www.santosaraujo.com.br\/santos\/wp-content\/plugins\/advanced-wp-columns\/assets\/js\/plugins\/views\/img\/1x1-pixel.png?ssl=1\" \/><\/div>\n<div class=\"csColumn\" style=\"margin: 0px; padding: 0px; float: left; width: 32.3%; text-align: left;\" data-csstartpoint=\"315\" data-csendpoint=\"625\" data-cswidth=\"32.3%\" data-csid=\"4e55559b-c1ec-4588-bcf5-f1dcfacfea7a\"><a href=\"https:\/\/www.santosaraujo.com.br\/santos\/eleito-profissional-software-politicos\/download-eleito-profissional-copia-de-avaliacao-gratuita\/\"><em><strong><h2 class=\"wp-svg-download download\"><\/h2><\/strong><\/em><em><strong>Avaliar<\/strong><\/em><\/a><\/div>\n<\/div>\n<hr \/>\n<h2>Caracter\u00edsticas do Software<\/h2>\n<ul>\n<li>Cadastro de Eleitores e Colaboradores<\/li>\n<li>Cadastro de Contatos Realizados<\/li>\n<li>Agenda do Candidato<\/li>\n<li>Envio de E-mails<\/li>\n<li>Envio de Cartas Personalizadas<br \/>\n(com Mesclagem de Dados e Formata\u00e7\u00e3o de Caracteres e Par\u00e1grafos)<\/li>\n<li>Etiquetas para Correspond\u00eancia<\/li>\n<li>Filtros para Consulta<\/li>\n<li>Visualiza\u00e7\u00e3o Registro \u00e0 Registro ou por lista<\/li>\n<li>Relat\u00f3rios de Eleitores\/Colaboradores por Zona, Se\u00e7\u00e3o Eleitoral, M\u00eas de Anivers\u00e1rio, Bairro<\/li>\n<li>Visualiza\u00e7\u00e3o e Exporta\u00e7\u00e3o de Relat\u00f3rios em formato QRP<\/li>\n<li>Exporta\u00e7\u00e3o de Dados em formato .csv, .html, .xml, .doc * e .xls *<\/li>\n<li>Registro de Documentos Vinculados<\/li>\n<li>Backup Integrado<\/li>\n<li>Funcionamento Multi-Usu\u00e1rio<\/li>\n<\/ul>\n<h2><\/h2>\n<h2>Requisitos M\u00ednimos de Hardware e Software<\/h2>\n<ul>\n<li>Computador Pentium Celeron 1 GB RAM e 15 MB de espa\u00e7o livre em HD<\/li>\n<li>Windows XP ou Superior<\/li>\n<li>* Exporta\u00e7\u00e3o de arquivos .doc exige MS-Word e .xls exige MS-Excel<\/li>\n<li>MS-Word e MS-Excel s\u00e3o marcas da Microsoft.<\/li>\n<\/ul>\n","protected":false},"excerpt":{"rendered":"<p>O\u00a0Eleito Profissional \u00e9 um sistema ou software para pol\u00edticos que permite fazer a gest\u00e3o de campanhas pol\u00edticas e gerenciar todos os contatos feitos com eleitores e cabos eleitorais. Para ganhar uma elei\u00e7\u00e3o um candidato necessita ter um bom discurso, estar afinado com as sua bases eleitorais e fazer contatos, muitos contatos, enfim, falar com muitas pessoas, e \u00e9 a\u00ed que entra o Eleito Profissional , este software o ajudar\u00e1 ou os seus cabos eleitorais a fazerem muitos contatos e armazenando os contatos realizados. Comprar Avaliar Caracter\u00edsticas do Software Cadastro de Eleitores e Colaboradores Cadastro de Contatos Realizados Agenda do Candidato Envio de E-mails Envio de Cartas Personalizadas (com Mesclagem de Dados e Formata\u00e7\u00e3o de Caracteres e Par\u00e1grafos) Etiquetas para Correspond\u00eancia Filtros para Consulta Visualiza\u00e7\u00e3o Registro \u00e0 Registro ou por lista Relat\u00f3rios de Eleitores\/Colaboradores por Zona, Se\u00e7\u00e3o Eleitoral, M\u00eas de Anivers\u00e1rio, Bairro Visualiza\u00e7\u00e3o e Exporta\u00e7\u00e3o de Relat\u00f3rios em formato QRP Exporta\u00e7\u00e3o de Dados em formato .csv, .html, .xml, .doc * e .xls * Registro de Documentos Vinculados Backup Integrado Funcionamento Multi-Usu\u00e1rio Requisitos M\u00ednimos de Hardware e Software Computador Pentium Celeron 1 GB RAM e 15 MB de espa\u00e7o livre em HD Windows XP ou Superior * Exporta\u00e7\u00e3o de arquivos .doc exige MS-Word e .xls exige MS-Excel MS-Word e MS-Excel s\u00e3o marcas da Microsoft.<\/p>\n","protected":false},"author":1,"featured_media":359,"parent":0,"menu_order":0,"comment_status":"open","ping_status":"open","template":"","meta":{"_eb_attr":"","_uag_custom_page_level_css":"","_exactmetrics_skip_tracking":false,"_exactmetrics_sitenote_active":false,"_exactmetrics_sitenote_note":"","_exactmetrics_sitenote_category":0,"_uf_show_specific_survey":0,"_uf_disable_surveys":false,"site-sidebar-layout":"default","site-content-layout":"","ast-site-content-layout":"default","site-content-style":"default","site-sidebar-style":"default","ast-global-header-display":"","ast-banner-title-visibility":"","ast-main-header-display":"","ast-hfb-above-header-display":"","ast-hfb-below-header-display":"","ast-hfb-mobile-header-display":"","site-post-title":"","ast-breadcrumbs-content":"","ast-featured-img":"","footer-sml-layout":"","theme-transparent-header-meta":"","adv-header-id-meta":"","stick-header-meta":"","header-above-stick-meta":"","header-main-stick-meta":"","header-below-stick-meta":"","astra-migrate-meta-layouts":"default","ast-page-background-enabled":"default","ast-page-background-meta":{"desktop":{"background-color":"var(--ast-global-color-4)","background-image":"","background-repeat":"repeat","background-position":"center center","background-size":"auto","background-attachment":"scroll","background-type":"","background-media":"","overlay-type":"","overlay-color":"","overlay-opacity":"","overlay-gradient":""},"tablet":{"background-color":"","background-image":"","background-repeat":"repeat","background-position":"center center","background-size":"auto","background-attachment":"scroll","background-type":"","background-media":"","overlay-type":"","overlay-color":"","overlay-opacity":"","overlay-gradient":""},"mobile":{"background-color":"","background-image":"","background-repeat":"repeat","background-position":"center center","background-size":"auto","background-attachment":"scroll","background-type":"","background-media":"","overlay-type":"","overlay-color":"","overlay-opacity":"","overlay-gradient":""}},"ast-content-background-meta":{"desktop":{"background-color":"var(--ast-global-color-5)","background-image":"","background-repeat":"repeat","background-position":"center center","background-size":"auto","background-attachment":"scroll","background-type":"","background-media":"","overlay-type":"","overlay-color":"","overlay-opacity":"","overlay-gradient":""},"tablet":{"background-color":"var(--ast-global-color-5)","background-image":"","background-repeat":"repeat","background-position":"center center","background-size":"auto","background-attachment":"scroll","background-type":"","background-media":"","overlay-type":"","overlay-color":"","overlay-opacity":"","overlay-gradient":""},"mobile":{"background-color":"var(--ast-global-color-5)","background-image":"","background-repeat":"repeat","background-position":"center center","background-size":"auto","background-attachment":"scroll","background-type":"","background-media":"","overlay-type":"","overlay-color":"","overlay-opacity":"","overlay-gradient":""}},"_joinchat":[],"footnotes":""},"class_list":["post-33","page","type-page","status-publish","has-post-thumbnail","hentry"],"aioseo_notices":[],"yoast_head":"\n<title>Eleito Profissional - Software para Pol\u00edticos -<\/title>\n<meta name=\"description\" content=\"Eleito Profissional - Software para Pol\u00edticos \u00e9 um sistema de gest\u00e3o de campanha pol\u00edtica. Identifica e classifica eleitores e controla cabos eleitorais.\" \/>\n<meta name=\"robots\" content=\"index, follow, max-snippet:-1, max-image-preview:large, max-video-preview:-1\" \/>\n<link rel=\"canonical\" href=\"https:\/\/www.santosaraujo.com.br\/santos\/eleito-profissional-software-politicos\/\" \/>\n<meta property=\"og:locale\" content=\"pt_BR\" \/>\n<meta property=\"og:type\" content=\"article\" \/>\n<meta property=\"og:title\" content=\"Eleito Profissional - Software para Pol\u00edticos -\" \/>\n<meta property=\"og:description\" content=\"Eleito Profissional - Software para Pol\u00edticos \u00e9 um sistema de gest\u00e3o de campanha pol\u00edtica. Identifica e classifica eleitores e controla cabos eleitorais.\" \/>\n<meta property=\"og:url\" content=\"https:\/\/www.santosaraujo.com.br\/santos\/eleito-profissional-software-politicos\/\" \/>\n<meta property=\"article:publisher\" content=\"https:\/\/facebook.com\/santosaraujoinfo\" \/>\n<meta property=\"article:modified_time\" content=\"2017-04-26T20:35:07+00:00\" \/>\n<meta property=\"og:image\" content=\"https:\/\/www.santosaraujo.com.br\/santos\/wp-content\/uploads\/2017\/01\/eleito.png\" \/>\n\t<meta property=\"og:image:width\" content=\"450\" \/>\n\t<meta property=\"og:image:height\" content=\"176\" \/>\n\t<meta property=\"og:image:type\" content=\"image\/png\" \/>\n<meta name=\"twitter:card\" content=\"summary_large_image\" \/>\n<meta name=\"twitter:site\" content=\"@SantosAraujoInf\" \/>\n<meta name=\"twitter:label1\" content=\"Est. tempo de leitura\" \/>\n\t<meta name=\"twitter:data1\" content=\"1 minuto\" \/>\n<script type=\"application\/ld+json\" class=\"yoast-schema-graph\">{\"@context\":\"https:\/\/schema.org\",\"@graph\":[{\"@type\":\"WebPage\",\"@id\":\"https:\/\/www.santosaraujo.com.br\/santos\/eleito-profissional-software-politicos\/\",\"url\":\"https:\/\/www.santosaraujo.com.br\/santos\/eleito-profissional-software-politicos\/\",\"name\":\"Eleito Profissional - Software para Pol\u00edticos -\",\"isPartOf\":{\"@id\":\"https:\/\/www.santosaraujo.com.br\/santos\/#website\"},\"primaryImageOfPage\":{\"@id\":\"https:\/\/www.santosaraujo.com.br\/santos\/eleito-profissional-software-politicos\/#primaryimage\"},\"image\":{\"@id\":\"https:\/\/www.santosaraujo.com.br\/santos\/eleito-profissional-software-politicos\/#primaryimage\"},\"thumbnailUrl\":\"https:\/\/i0.wp.com\/www.santosaraujo.com.br\/santos\/wp-content\/uploads\/2017\/01\/eleito.png?fit=450%2C176&ssl=1\",\"datePublished\":\"2016-11-15T18:31:35+00:00\",\"dateModified\":\"2017-04-26T20:35:07+00:00\",\"description\":\"Eleito Profissional - Software para Pol\u00edticos \u00e9 um sistema de gest\u00e3o de campanha pol\u00edtica. Identifica e classifica eleitores e controla cabos eleitorais.\",\"breadcrumb\":{\"@id\":\"https:\/\/www.santosaraujo.com.br\/santos\/eleito-profissional-software-politicos\/#breadcrumb\"},\"inLanguage\":\"pt-BR\",\"potentialAction\":[{\"@type\":\"ReadAction\",\"target\":[\"https:\/\/www.santosaraujo.com.br\/santos\/eleito-profissional-software-politicos\/\"]}]},{\"@type\":\"ImageObject\",\"inLanguage\":\"pt-BR\",\"@id\":\"https:\/\/www.santosaraujo.com.br\/santos\/eleito-profissional-software-politicos\/#primaryimage\",\"url\":\"https:\/\/i0.wp.com\/www.santosaraujo.com.br\/santos\/wp-content\/uploads\/2017\/01\/eleito.png?fit=450%2C176&ssl=1\",\"contentUrl\":\"https:\/\/i0.wp.com\/www.santosaraujo.com.br\/santos\/wp-content\/uploads\/2017\/01\/eleito.png?fit=450%2C176&ssl=1\",\"width\":450,\"height\":176,\"caption\":\"Eleito Profissional\"},{\"@type\":\"BreadcrumbList\",\"@id\":\"https:\/\/www.santosaraujo.com.br\/santos\/eleito-profissional-software-politicos\/#breadcrumb\",\"itemListElement\":[{\"@type\":\"ListItem\",\"position\":1,\"name\":\"In\u00edcio\",\"item\":\"https:\/\/www.santosaraujo.com.br\/santos\/\"},{\"@type\":\"ListItem\",\"position\":2,\"name\":\"Eleito Profissional &#8211; Software para Pol\u00edticos\"}]},{\"@type\":\"WebSite\",\"@id\":\"https:\/\/www.santosaraujo.com.br\/santos\/#website\",\"url\":\"https:\/\/www.santosaraujo.com.br\/santos\/\",\"name\":\"\",\"description\":\"Santos Araujo Inform\u00e1tica \u00e9 especializada em Softwares de Cobran\u00e7a, Jur\u00eddicos, IR (Imposto de Renda) , Politicos, Condom\u00ednios.\",\"publisher\":{\"@id\":\"https:\/\/www.santosaraujo.com.br\/santos\/#organization\"},\"potentialAction\":[{\"@type\":\"SearchAction\",\"target\":{\"@type\":\"EntryPoint\",\"urlTemplate\":\"https:\/\/www.santosaraujo.com.br\/santos\/?s={search_term_string}\"},\"query-input\":{\"@type\":\"PropertyValueSpecification\",\"valueRequired\":true,\"valueName\":\"search_term_string\"}}],\"inLanguage\":\"pt-BR\"},{\"@type\":\"Organization\",\"@id\":\"https:\/\/www.santosaraujo.com.br\/santos\/#organization\",\"name\":\"Santos Araujo Inform\u00e1tica\",\"url\":\"https:\/\/www.santosaraujo.com.br\/santos\/\",\"logo\":{\"@type\":\"ImageObject\",\"inLanguage\":\"pt-BR\",\"@id\":\"https:\/\/www.santosaraujo.com.br\/santos\/#\/schema\/logo\/image\/\",\"url\":\"https:\/\/i0.wp.com\/www.santosaraujo.com.br\/santos\/wp-content\/uploads\/2024\/12\/cropped-Prancheta-2.png?fit=1943%2C615&ssl=1\",\"contentUrl\":\"https:\/\/i0.wp.com\/www.santosaraujo.com.br\/santos\/wp-content\/uploads\/2024\/12\/cropped-Prancheta-2.png?fit=1943%2C615&ssl=1\",\"width\":1943,\"height\":615,\"caption\":\"Santos Araujo Inform\u00e1tica\"},\"image\":{\"@id\":\"https:\/\/www.santosaraujo.com.br\/santos\/#\/schema\/logo\/image\/\"},\"sameAs\":[\"https:\/\/facebook.com\/santosaraujoinfo\",\"https:\/\/x.com\/SantosAraujoInf\",\"https:\/\/www.instagram.com\/santosaraujoinfo\/\",\"https:\/\/www.pinterest.com\/santosaraujoinformtica\/\"]}]}<\/script>\n","yoast_head_json":{"title":"Eleito Profissional - Software para Pol\u00edticos -","description":"Eleito Profissional - Software para Pol\u00edticos \u00e9 um sistema de gest\u00e3o de campanha pol\u00edtica. Identifica e classifica eleitores e controla cabos eleitorais.","robots":{"index":"index","follow":"follow","max-snippet":"max-snippet:-1","max-image-preview":"max-image-preview:large","max-video-preview":"max-video-preview:-1"},"canonical":"https:\/\/www.santosaraujo.com.br\/santos\/eleito-profissional-software-politicos\/","og_locale":"pt_BR","og_type":"article","og_title":"Eleito Profissional - Software para Pol\u00edticos -","og_description":"Eleito Profissional - Software para Pol\u00edticos \u00e9 um sistema de gest\u00e3o de campanha pol\u00edtica. Identifica e classifica eleitores e controla cabos eleitorais.","og_url":"https:\/\/www.santosaraujo.com.br\/santos\/eleito-profissional-software-politicos\/","article_publisher":"https:\/\/facebook.com\/santosaraujoinfo","article_modified_time":"2017-04-26T20:35:07+00:00","og_image":[{"width":450,"height":176,"url":"https:\/\/www.santosaraujo.com.br\/santos\/wp-content\/uploads\/2017\/01\/eleito.png","type":"image\/png"}],"twitter_card":"summary_large_image","twitter_site":"@SantosAraujoInf","twitter_misc":{"Est. tempo de leitura":"1 minuto"},"schema":{"@context":"https:\/\/schema.org","@graph":[{"@type":"WebPage","@id":"https:\/\/www.santosaraujo.com.br\/santos\/eleito-profissional-software-politicos\/","url":"https:\/\/www.santosaraujo.com.br\/santos\/eleito-profissional-software-politicos\/","name":"Eleito Profissional - Software para Pol\u00edticos -","isPartOf":{"@id":"https:\/\/www.santosaraujo.com.br\/santos\/#website"},"primaryImageOfPage":{"@id":"https:\/\/www.santosaraujo.com.br\/santos\/eleito-profissional-software-politicos\/#primaryimage"},"image":{"@id":"https:\/\/www.santosaraujo.com.br\/santos\/eleito-profissional-software-politicos\/#primaryimage"},"thumbnailUrl":"https:\/\/i0.wp.com\/www.santosaraujo.com.br\/santos\/wp-content\/uploads\/2017\/01\/eleito.png?fit=450%2C176&ssl=1","datePublished":"2016-11-15T18:31:35+00:00","dateModified":"2017-04-26T20:35:07+00:00","description":"Eleito Profissional - Software para Pol\u00edticos \u00e9 um sistema de gest\u00e3o de campanha pol\u00edtica. Identifica e classifica eleitores e controla cabos eleitorais.","breadcrumb":{"@id":"https:\/\/www.santosaraujo.com.br\/santos\/eleito-profissional-software-politicos\/#breadcrumb"},"inLanguage":"pt-BR","potentialAction":[{"@type":"ReadAction","target":["https:\/\/www.santosaraujo.com.br\/santos\/eleito-profissional-software-politicos\/"]}]},{"@type":"ImageObject","inLanguage":"pt-BR","@id":"https:\/\/www.santosaraujo.com.br\/santos\/eleito-profissional-software-politicos\/#primaryimage","url":"https:\/\/i0.wp.com\/www.santosaraujo.com.br\/santos\/wp-content\/uploads\/2017\/01\/eleito.png?fit=450%2C176&ssl=1","contentUrl":"https:\/\/i0.wp.com\/www.santosaraujo.com.br\/santos\/wp-content\/uploads\/2017\/01\/eleito.png?fit=450%2C176&ssl=1","width":450,"height":176,"caption":"Eleito Profissional"},{"@type":"BreadcrumbList","@id":"https:\/\/www.santosaraujo.com.br\/santos\/eleito-profissional-software-politicos\/#breadcrumb","itemListElement":[{"@type":"ListItem","position":1,"name":"In\u00edcio","item":"https:\/\/www.santosaraujo.com.br\/santos\/"},{"@type":"ListItem","position":2,"name":"Eleito Profissional &#8211; Software para Pol\u00edticos"}]},{"@type":"WebSite","@id":"https:\/\/www.santosaraujo.com.br\/santos\/#website","url":"https:\/\/www.santosaraujo.com.br\/santos\/","name":"","description":"Santos Araujo Inform\u00e1tica \u00e9 especializada em Softwares de Cobran\u00e7a, Jur\u00eddicos, IR (Imposto de Renda) , Politicos, Condom\u00ednios.","publisher":{"@id":"https:\/\/www.santosaraujo.com.br\/santos\/#organization"},"potentialAction":[{"@type":"SearchAction","target":{"@type":"EntryPoint","urlTemplate":"https:\/\/www.santosaraujo.com.br\/santos\/?s={search_term_string}"},"query-input":{"@type":"PropertyValueSpecification","valueRequired":true,"valueName":"search_term_string"}}],"inLanguage":"pt-BR"},{"@type":"Organization","@id":"https:\/\/www.santosaraujo.com.br\/santos\/#organization","name":"Santos Araujo Inform\u00e1tica","url":"https:\/\/www.santosaraujo.com.br\/santos\/","logo":{"@type":"ImageObject","inLanguage":"pt-BR","@id":"https:\/\/www.santosaraujo.com.br\/santos\/#\/schema\/logo\/image\/","url":"https:\/\/i0.wp.com\/www.santosaraujo.com.br\/santos\/wp-content\/uploads\/2024\/12\/cropped-Prancheta-2.png?fit=1943%2C615&ssl=1","contentUrl":"https:\/\/i0.wp.com\/www.santosaraujo.com.br\/santos\/wp-content\/uploads\/2024\/12\/cropped-Prancheta-2.png?fit=1943%2C615&ssl=1","width":1943,"height":615,"caption":"Santos Araujo Inform\u00e1tica"},"image":{"@id":"https:\/\/www.santosaraujo.com.br\/santos\/#\/schema\/logo\/image\/"},"sameAs":["https:\/\/facebook.com\/santosaraujoinfo","https:\/\/x.com\/SantosAraujoInf","https:\/\/www.instagram.com\/santosaraujoinfo\/","https:\/\/www.pinterest.com\/santosaraujoinformtica\/"]}]}},"uagb_featured_image_src":{"full":["https:\/\/i0.wp.com\/www.santosaraujo.com.br\/santos\/wp-content\/uploads\/2017\/01\/eleito.png?fit=450%2C176&ssl=1",450,176,false],"thumbnail":["https:\/\/i0.wp.com\/www.santosaraujo.com.br\/santos\/wp-content\/uploads\/2017\/01\/eleito.png?resize=150%2C150&ssl=1",150,150,true],"medium":["https:\/\/i0.wp.com\/www.santosaraujo.com.br\/santos\/wp-content\/uploads\/2017\/01\/eleito.png?fit=300%2C117&ssl=1",300,117,true],"medium_large":["https:\/\/i0.wp.com\/www.santosaraujo.com.br\/santos\/wp-content\/uploads\/2017\/01\/eleito.png?fit=450%2C176&ssl=1",450,176,true],"large":["https:\/\/i0.wp.com\/www.santosaraujo.com.br\/santos\/wp-content\/uploads\/2017\/01\/eleito.png?fit=450%2C176&ssl=1",450,176,true],"1536x1536":["https:\/\/i0.wp.com\/www.santosaraujo.com.br\/santos\/wp-content\/uploads\/2017\/01\/eleito.png?fit=450%2C176&ssl=1",450,176,true],"2048x2048":["https:\/\/i0.wp.com\/www.santosaraujo.com.br\/santos\/wp-content\/uploads\/2017\/01\/eleito.png?fit=450%2C176&ssl=1",450,176,true],"featured-slide":["https:\/\/i0.wp.com\/www.santosaraujo.com.br\/santos\/wp-content\/uploads\/2017\/01\/eleito.png?resize=450%2C176&ssl=1",450,176,true],"featured-slide-thumb":["https:\/\/i0.wp.com\/www.santosaraujo.com.br\/santos\/wp-content\/uploads\/2017\/01\/eleito.png?fit=250%2C98&ssl=1",250,98,true]},"uagb_author_info":{"display_name":"Oswaldo Santos Araujo","author_link":"https:\/\/www.santosaraujo.com.br\/santos\/author\/sainfo\/"},"uagb_comment_info":0,"uagb_excerpt":"O\u00a0Eleito Profissional \u00e9 um sistema ou software para pol\u00edticos que permite fazer a gest\u00e3o de campanhas pol\u00edticas e gerenciar todos os contatos feitos com eleitores e cabos eleitorais. Para ganhar uma elei\u00e7\u00e3o um candidato necessita ter um bom discurso, estar afinado com as sua bases eleitorais e fazer contatos, muitos contatos, enfim, falar com muitas&hellip;","jetpack_sharing_enabled":true,"_links":{"self":[{"href":"https:\/\/www.santosaraujo.com.br\/santos\/wp-json\/wp\/v2\/pages\/33","targetHints":{"allow":["GET"]}}],"collection":[{"href":"https:\/\/www.santosaraujo.com.br\/santos\/wp-json\/wp\/v2\/pages"}],"about":[{"href":"https:\/\/www.santosaraujo.com.br\/santos\/wp-json\/wp\/v2\/types\/page"}],"author":[{"embeddable":true,"href":"https:\/\/www.santosaraujo.com.br\/santos\/wp-json\/wp\/v2\/users\/1"}],"replies":[{"embeddable":true,"href":"https:\/\/www.santosaraujo.com.br\/santos\/wp-json\/wp\/v2\/comments?post=33"}],"version-history":[{"count":25,"href":"https:\/\/www.santosaraujo.com.br\/santos\/wp-json\/wp\/v2\/pages\/33\/revisions"}],"predecessor-version":[{"id":1479,"href":"https:\/\/www.santosaraujo.com.br\/santos\/wp-json\/wp\/v2\/pages\/33\/revisions\/1479"}],"wp:featuredmedia":[{"embeddable":true,"href":"https:\/\/www.santosaraujo.com.br\/santos\/wp-json\/wp\/v2\/media\/359"}],"wp:attachment":[{"href":"https:\/\/www.santosaraujo.com.br\/santos\/wp-json\/wp\/v2\/media?parent=33"}],"curies":[{"name":"wp","href":"https:\/\/api.w.org\/{rel}","templated":true}]}}