{"id":40,"date":"2016-11-15T18:32:59","date_gmt":"2016-11-15T18:32:59","guid":{"rendered":"http:\/\/santosaraujoinforma1.hospedagemdesites.ws\/santos\/?p=40"},"modified":"2018-01-04T18:26:57","modified_gmt":"2018-01-04T18:26:57","slug":"websites","status":"publish","type":"page","link":"https:\/\/www.santosaraujo.com.br\/santos\/websites\/","title":{"rendered":"Cria\u00e7\u00e3o de Websites"},"content":{"rendered":"<p>A Santos Araujo Inform\u00e1tica desenvolve Websites responsivos e auto-gerenci\u00e1veis com implementa\u00e7\u00e3o de SEO. Realizamos a digitaliza\u00e7\u00e3o de imagens, inser\u00e7\u00e3o de textos, cria\u00e7\u00e3o e utiliza\u00e7\u00e3o de desenhos e fazemos a diagrama\u00e7\u00e3o das p\u00e1ginas conforme as necessidades de sua empresa. Tamb\u00e9m fazemos p\u00e1ginas com scripts din\u00e2micos em JavaScript e bancos de dados\u00a0em PHP e utilizando gerenciadores de conte\u00fado como Joomla e WordPress.<\/p>\n<p>Temos uma equipe completa e com m\u00faltiplos conhecimentos em diagrama\u00e7\u00e3o, programa\u00e7\u00e3o visual, internet, fotografia, design, entre outros.<\/p>\n<p><\/p>\n<form action=\"https:\/\/pagseguro.uol.com.br\/checkout\/checkout.jhtml\" method=\"post\" target=\"pagseguro\"><input name=\"email_cobranca\" type=\"hidden\" value=\"info@santosaraujo.com.br\" \/> <input name=\"tipo\" type=\"hidden\" value=\"CBR\" \/> <input name=\"moeda\" type=\"hidden\" value=\"BRL\" \/> <input name=\"item_id\" type=\"hidden\" value=\"00150\" \/> <input name=\"item_descr\" type=\"hidden\" value=\"Website\" \/> <input name=\"item_quant\" type=\"hidden\" value=\"1\" \/> <input name=\"item_valor\" type=\"hidden\" value=\"75000\" \/> <input name=\"item_frete\" type=\"hidden\" value=\"000\" \/> <input alt=\"Pague com PagSeguro - \u00e9 r\u00e1pido, gr\u00e1tis e seguro!\" name=\"submit\" src=\"https:\/\/p.simg.uol.com.br\/out\/pagseguro\/i\/botoes\/pagamentos\/99x61-comprar-assina.gif\" type=\"image\" \/><\/form>\n<p><\/p>\n<hr \/>\n<p>&nbsp;<\/p>\n<p>&nbsp;<\/p>\n<h3><strong>O que oferecemos:<\/strong><\/h3>\n<p>Para atender totalmente as necessidades dos clientes que utilizam a internet como um meio para fazer a divulga\u00e7\u00e3o e apresenta\u00e7\u00e3o de seu trabalho estamos oferecendo os seguintes servi\u00e7os:<\/p>\n<p>Diagrama\u00e7\u00e3o de P\u00e1ginas WEB com textos, fotos, ilustra\u00e7\u00f5es, desenhos, sons.<br \/>\nCadastramos o site em diversos sites de busca nacionais e internacionais<br \/>\nCria\u00e7\u00e3o de cat\u00e1logos de produtos on-line<br \/>\nCriamos p\u00e1ginas com formul\u00e1rios de venda on-line , consulta on-line e etc.<br \/>\nControlamos a correspond\u00eancia eletr\u00f4nica<br \/>\nDisponibilizamos arquivos com programas para download<br \/>\nCria\u00e7\u00e3o e Manuten\u00e7\u00e3o de Newsletters<br \/>\nCria\u00e7\u00e3o de Enquetes*<br \/>\nInclus\u00e3o de Propaganda casada para divulga\u00e7\u00e3o *<br \/>\nInclu\u00edmos GIF\u2019s animadas em suas p\u00e1ginas.<br \/>\nInclu\u00edmos contadores de p\u00e1ginas no seu site ou qualquer p\u00e1gina que seja necess\u00e1rio.<br \/>\nRealiza\u00e7\u00e3o de se\u00e7\u00f5es de fotos (opcional)<br \/>\nPropaganda e Patroc\u00ednio de Sites (opctional) *<br \/>\nPossibilidade de treinamento<br \/>\nCria\u00e7\u00e3o de Banco de Dados e manuten\u00e7\u00e3o on line<br \/>\nEquipe completa para confec\u00e7\u00e3o de WEB SITES e cria\u00e7\u00e3o de solu\u00e7\u00f5es.<br \/>\nScripts para dar mais funcionalidade e interatividade<br \/>\nQualidade acima de tudo.<br \/>\n* Servi\u00e7os que dependem de servi\u00e7os de sites de terceiros<\/p>\n<hr \/>\n<h3><strong>Tecnologia<\/strong><\/h3>\n<p>Trabalhamos com o b\u00e1sico da tecnologia: HTML, DHTML, JavaScript, PHP, CSS, Joomla, WordPress. Todos estas s\u00e3o tecnologias consolidadas e de amplo aceite por todos os browsers. Assim garantimos que o m\u00e1ximo de pessoas possam visualizar o conte\u00fado dos sites.<\/p>\n<hr \/>\n<h3><strong>Servi\u00e7o Complementares<\/strong><\/h3>\n<p>Existem alguns servi\u00e7os complementares que podem ser contratados \u00e0 parte:<\/p>\n<p>Fotografias de produtos:\u00a0Casas, autom\u00f3veis, produtos, locais em geral para promo\u00e7\u00f5es e reportagens.<\/p>\n<p>Manuten\u00e7\u00e3o de Newsletters: Confec\u00e7\u00e3o, Suporte e Consultoria para que sua empresa mantenha seus clientes e colaboradores informados.<\/p>\n<p>Divulga\u00e7\u00e3o e Assessoria para aumento de audi\u00eancia: Uso de ferramentas SEO, sites, banners para maior divulga\u00e7\u00e3o do seu site e do seu servi\u00e7o.<\/p>\n","protected":false},"excerpt":{"rendered":"<p>A Santos Araujo Inform\u00e1tica desenvolve Websites responsivos e auto-gerenci\u00e1veis com implementa\u00e7\u00e3o de SEO. Realizamos a digitaliza\u00e7\u00e3o de imagens, inser\u00e7\u00e3o de textos, cria\u00e7\u00e3o e utiliza\u00e7\u00e3o de desenhos e fazemos a diagrama\u00e7\u00e3o das p\u00e1ginas conforme as necessidades de sua empresa. Tamb\u00e9m fazemos p\u00e1ginas com scripts din\u00e2micos em JavaScript e bancos de dados\u00a0em PHP e utilizando gerenciadores de conte\u00fado como Joomla e WordPress. Temos uma equipe completa e com m\u00faltiplos conhecimentos em diagrama\u00e7\u00e3o, programa\u00e7\u00e3o visual, internet, fotografia, design, entre outros. &nbsp; &nbsp; O que oferecemos: Para atender totalmente as necessidades dos clientes que utilizam a internet como um meio para fazer a divulga\u00e7\u00e3o e apresenta\u00e7\u00e3o de seu trabalho estamos oferecendo os seguintes servi\u00e7os: Diagrama\u00e7\u00e3o de P\u00e1ginas WEB com textos, fotos, ilustra\u00e7\u00f5es, desenhos, sons. Cadastramos o site em diversos sites de busca nacionais e internacionais Cria\u00e7\u00e3o de cat\u00e1logos de produtos on-line Criamos p\u00e1ginas com formul\u00e1rios de venda on-line , consulta on-line e etc. Controlamos a correspond\u00eancia eletr\u00f4nica Disponibilizamos arquivos com programas para download Cria\u00e7\u00e3o e Manuten\u00e7\u00e3o de Newsletters Cria\u00e7\u00e3o de Enquetes* Inclus\u00e3o de Propaganda casada para divulga\u00e7\u00e3o * Inclu\u00edmos GIF\u2019s animadas em suas p\u00e1ginas. Inclu\u00edmos contadores de p\u00e1ginas no seu site ou qualquer p\u00e1gina que seja necess\u00e1rio. Realiza\u00e7\u00e3o de se\u00e7\u00f5es de fotos (opcional) Propaganda e Patroc\u00ednio de Sites (opctional) * Possibilidade de treinamento Cria\u00e7\u00e3o de Banco de Dados e manuten\u00e7\u00e3o on line Equipe completa para confec\u00e7\u00e3o de WEB SITES e cria\u00e7\u00e3o de solu\u00e7\u00f5es. Scripts para dar mais funcionalidade e interatividade Qualidade acima de tudo. * Servi\u00e7os que dependem de servi\u00e7os de sites de terceiros Tecnologia Trabalhamos com o b\u00e1sico da tecnologia: HTML, DHTML, JavaScript, PHP, CSS, Joomla, WordPress. Todos estas s\u00e3o tecnologias consolidadas e de amplo aceite por todos os browsers. Assim garantimos que o m\u00e1ximo de pessoas possam visualizar o conte\u00fado dos sites. Servi\u00e7o Complementares Existem alguns servi\u00e7os complementares que podem ser contratados \u00e0 parte: Fotografias de produtos:\u00a0Casas, autom\u00f3veis, produtos, locais em geral para promo\u00e7\u00f5es e reportagens. Manuten\u00e7\u00e3o de Newsletters: Confec\u00e7\u00e3o, Suporte e Consultoria para que sua empresa mantenha seus clientes e colaboradores informados. Divulga\u00e7\u00e3o e Assessoria para aumento de audi\u00eancia: Uso de ferramentas SEO, sites, banners para maior divulga\u00e7\u00e3o do seu site e do seu servi\u00e7o.<\/p>\n","protected":false},"author":1,"featured_media":0,"parent":0,"menu_order":0,"comment_status":"open","ping_status":"open","template":"","meta":{"_eb_attr":"","_uag_custom_page_level_css":"","_exactmetrics_skip_tracking":false,"_exactmetrics_sitenote_active":false,"_exactmetrics_sitenote_note":"","_exactmetrics_sitenote_category":0,"_uf_show_specific_survey":0,"_uf_disable_surveys":false,"site-sidebar-layout":"default","site-content-layout":"","ast-site-content-layout":"default","site-content-style":"default","site-sidebar-style":"default","ast-global-header-display":"","ast-banner-title-visibility":"","ast-main-header-display":"","ast-hfb-above-header-display":"","ast-hfb-below-header-display":"","ast-hfb-mobile-header-display":"","site-post-title":"","ast-breadcrumbs-content":"","ast-featured-img":"","footer-sml-layout":"","theme-transparent-header-meta":"","adv-header-id-meta":"","stick-header-meta":"","header-above-stick-meta":"","header-main-stick-meta":"","header-below-stick-meta":"","astra-migrate-meta-layouts":"default","ast-page-background-enabled":"default","ast-page-background-meta":{"desktop":{"background-color":"var(--ast-global-color-4)","background-image":"","background-repeat":"repeat","background-position":"center center","background-size":"auto","background-attachment":"scroll","background-type":"","background-media":"","overlay-type":"","overlay-color":"","overlay-opacity":"","overlay-gradient":""},"tablet":{"background-color":"","background-image":"","background-repeat":"repeat","background-position":"center center","background-size":"auto","background-attachment":"scroll","background-type":"","background-media":"","overlay-type":"","overlay-color":"","overlay-opacity":"","overlay-gradient":""},"mobile":{"background-color":"","background-image":"","background-repeat":"repeat","background-position":"center center","background-size":"auto","background-attachment":"scroll","background-type":"","background-media":"","overlay-type":"","overlay-color":"","overlay-opacity":"","overlay-gradient":""}},"ast-content-background-meta":{"desktop":{"background-color":"var(--ast-global-color-5)","background-image":"","background-repeat":"repeat","background-position":"center center","background-size":"auto","background-attachment":"scroll","background-type":"","background-media":"","overlay-type":"","overlay-color":"","overlay-opacity":"","overlay-gradient":""},"tablet":{"background-color":"var(--ast-global-color-5)","background-image":"","background-repeat":"repeat","background-position":"center center","background-size":"auto","background-attachment":"scroll","background-type":"","background-media":"","overlay-type":"","overlay-color":"","overlay-opacity":"","overlay-gradient":""},"mobile":{"background-color":"var(--ast-global-color-5)","background-image":"","background-repeat":"repeat","background-position":"center center","background-size":"auto","background-attachment":"scroll","background-type":"","background-media":"","overlay-type":"","overlay-color":"","overlay-opacity":"","overlay-gradient":""}},"_joinchat":[],"footnotes":""},"class_list":["post-40","page","type-page","status-publish","hentry"],"aioseo_notices":[],"yoast_head":"\n<title>Cria\u00e7\u00e3o de Websites -<\/title>\n<meta name=\"robots\" content=\"index, follow, max-snippet:-1, max-image-preview:large, max-video-preview:-1\" \/>\n<link rel=\"canonical\" href=\"https:\/\/www.santosaraujo.com.br\/santos\/websites\/\" \/>\n<meta property=\"og:locale\" content=\"pt_BR\" \/>\n<meta property=\"og:type\" content=\"article\" \/>\n<meta property=\"og:title\" content=\"Cria\u00e7\u00e3o de Websites -\" \/>\n<meta property=\"og:description\" content=\"A Santos Araujo Inform\u00e1tica desenvolve Websites responsivos e auto-gerenci\u00e1veis com implementa\u00e7\u00e3o de SEO. Realizamos a digitaliza\u00e7\u00e3o de imagens, inser\u00e7\u00e3o de textos, cria\u00e7\u00e3o e utiliza\u00e7\u00e3o de desenhos e fazemos a diagrama\u00e7\u00e3o das p\u00e1ginas conforme as necessidades de sua empresa. Tamb\u00e9m fazemos p\u00e1ginas com scripts din\u00e2micos em JavaScript e bancos de dados\u00a0em PHP e utilizando gerenciadores de conte\u00fado como Joomla e WordPress. Temos uma equipe completa e com m\u00faltiplos conhecimentos em diagrama\u00e7\u00e3o, programa\u00e7\u00e3o visual, internet, fotografia, design, entre outros. &nbsp; &nbsp; O que oferecemos: Para atender totalmente as necessidades dos clientes que utilizam a internet como um meio para fazer a divulga\u00e7\u00e3o e apresenta\u00e7\u00e3o de seu trabalho estamos oferecendo os seguintes servi\u00e7os: Diagrama\u00e7\u00e3o de P\u00e1ginas WEB com textos, fotos, ilustra\u00e7\u00f5es, desenhos, sons. Cadastramos o site em diversos sites de busca nacionais e internacionais Cria\u00e7\u00e3o de cat\u00e1logos de produtos on-line Criamos p\u00e1ginas com formul\u00e1rios de venda on-line , consulta on-line e etc. Controlamos a correspond\u00eancia eletr\u00f4nica Disponibilizamos arquivos com programas para download Cria\u00e7\u00e3o e Manuten\u00e7\u00e3o de Newsletters Cria\u00e7\u00e3o de Enquetes* Inclus\u00e3o de Propaganda casada para divulga\u00e7\u00e3o * Inclu\u00edmos GIF\u2019s animadas em suas p\u00e1ginas. Inclu\u00edmos contadores de p\u00e1ginas no seu site ou qualquer p\u00e1gina que seja necess\u00e1rio. Realiza\u00e7\u00e3o de se\u00e7\u00f5es de fotos (opcional) Propaganda e Patroc\u00ednio de Sites (opctional) * Possibilidade de treinamento Cria\u00e7\u00e3o de Banco de Dados e manuten\u00e7\u00e3o on line Equipe completa para confec\u00e7\u00e3o de WEB SITES e cria\u00e7\u00e3o de solu\u00e7\u00f5es. Scripts para dar mais funcionalidade e interatividade Qualidade acima de tudo. * Servi\u00e7os que dependem de servi\u00e7os de sites de terceiros Tecnologia Trabalhamos com o b\u00e1sico da tecnologia: HTML, DHTML, JavaScript, PHP, CSS, Joomla, WordPress. Todos estas s\u00e3o tecnologias consolidadas e de amplo aceite por todos os browsers. Assim garantimos que o m\u00e1ximo de pessoas possam visualizar o conte\u00fado dos sites. Servi\u00e7o Complementares Existem alguns servi\u00e7os complementares que podem ser contratados \u00e0 parte: Fotografias de produtos:\u00a0Casas, autom\u00f3veis, produtos, locais em geral para promo\u00e7\u00f5es e reportagens. Manuten\u00e7\u00e3o de Newsletters: Confec\u00e7\u00e3o, Suporte e Consultoria para que sua empresa mantenha seus clientes e colaboradores informados. Divulga\u00e7\u00e3o e Assessoria para aumento de audi\u00eancia: Uso de ferramentas SEO, sites, banners para maior divulga\u00e7\u00e3o do seu site e do seu servi\u00e7o.\" \/>\n<meta property=\"og:url\" content=\"https:\/\/www.santosaraujo.com.br\/santos\/websites\/\" \/>\n<meta property=\"article:publisher\" content=\"https:\/\/facebook.com\/santosaraujoinfo\" \/>\n<meta property=\"article:modified_time\" content=\"2018-01-04T18:26:57+00:00\" \/>\n<meta name=\"twitter:card\" content=\"summary_large_image\" \/>\n<meta name=\"twitter:site\" content=\"@SantosAraujoInf\" \/>\n<meta name=\"twitter:label1\" content=\"Est. tempo de leitura\" \/>\n\t<meta name=\"twitter:data1\" content=\"2 minutos\" \/>\n<script type=\"application\/ld+json\" class=\"yoast-schema-graph\">{\"@context\":\"https:\/\/schema.org\",\"@graph\":[{\"@type\":\"WebPage\",\"@id\":\"https:\/\/www.santosaraujo.com.br\/santos\/websites\/\",\"url\":\"https:\/\/www.santosaraujo.com.br\/santos\/websites\/\",\"name\":\"Cria\u00e7\u00e3o de Websites -\",\"isPartOf\":{\"@id\":\"https:\/\/www.santosaraujo.com.br\/santos\/#website\"},\"datePublished\":\"2016-11-15T18:32:59+00:00\",\"dateModified\":\"2018-01-04T18:26:57+00:00\",\"breadcrumb\":{\"@id\":\"https:\/\/www.santosaraujo.com.br\/santos\/websites\/#breadcrumb\"},\"inLanguage\":\"pt-BR\",\"potentialAction\":[{\"@type\":\"ReadAction\",\"target\":[\"https:\/\/www.santosaraujo.com.br\/santos\/websites\/\"]}]},{\"@type\":\"BreadcrumbList\",\"@id\":\"https:\/\/www.santosaraujo.com.br\/santos\/websites\/#breadcrumb\",\"itemListElement\":[{\"@type\":\"ListItem\",\"position\":1,\"name\":\"In\u00edcio\",\"item\":\"https:\/\/www.santosaraujo.com.br\/santos\/\"},{\"@type\":\"ListItem\",\"position\":2,\"name\":\"Cria\u00e7\u00e3o de Websites\"}]},{\"@type\":\"WebSite\",\"@id\":\"https:\/\/www.santosaraujo.com.br\/santos\/#website\",\"url\":\"https:\/\/www.santosaraujo.com.br\/santos\/\",\"name\":\"\",\"description\":\"Santos Araujo Inform\u00e1tica \u00e9 especializada em Softwares de Cobran\u00e7a, Jur\u00eddicos, IR (Imposto de Renda) , Politicos, Condom\u00ednios.\",\"publisher\":{\"@id\":\"https:\/\/www.santosaraujo.com.br\/santos\/#organization\"},\"potentialAction\":[{\"@type\":\"SearchAction\",\"target\":{\"@type\":\"EntryPoint\",\"urlTemplate\":\"https:\/\/www.santosaraujo.com.br\/santos\/?s={search_term_string}\"},\"query-input\":{\"@type\":\"PropertyValueSpecification\",\"valueRequired\":true,\"valueName\":\"search_term_string\"}}],\"inLanguage\":\"pt-BR\"},{\"@type\":\"Organization\",\"@id\":\"https:\/\/www.santosaraujo.com.br\/santos\/#organization\",\"name\":\"Santos Araujo Inform\u00e1tica\",\"url\":\"https:\/\/www.santosaraujo.com.br\/santos\/\",\"logo\":{\"@type\":\"ImageObject\",\"inLanguage\":\"pt-BR\",\"@id\":\"https:\/\/www.santosaraujo.com.br\/santos\/#\/schema\/logo\/image\/\",\"url\":\"https:\/\/i0.wp.com\/www.santosaraujo.com.br\/santos\/wp-content\/uploads\/2024\/12\/cropped-Prancheta-2.png?fit=1943%2C615&ssl=1\",\"contentUrl\":\"https:\/\/i0.wp.com\/www.santosaraujo.com.br\/santos\/wp-content\/uploads\/2024\/12\/cropped-Prancheta-2.png?fit=1943%2C615&ssl=1\",\"width\":1943,\"height\":615,\"caption\":\"Santos Araujo Inform\u00e1tica\"},\"image\":{\"@id\":\"https:\/\/www.santosaraujo.com.br\/santos\/#\/schema\/logo\/image\/\"},\"sameAs\":[\"https:\/\/facebook.com\/santosaraujoinfo\",\"https:\/\/x.com\/SantosAraujoInf\",\"https:\/\/www.instagram.com\/santosaraujoinfo\/\",\"https:\/\/www.pinterest.com\/santosaraujoinformtica\/\"]}]}<\/script>\n","yoast_head_json":{"title":"Cria\u00e7\u00e3o de Websites -","robots":{"index":"index","follow":"follow","max-snippet":"max-snippet:-1","max-image-preview":"max-image-preview:large","max-video-preview":"max-video-preview:-1"},"canonical":"https:\/\/www.santosaraujo.com.br\/santos\/websites\/","og_locale":"pt_BR","og_type":"article","og_title":"Cria\u00e7\u00e3o de Websites -","og_description":"A Santos Araujo Inform\u00e1tica desenvolve Websites responsivos e auto-gerenci\u00e1veis com implementa\u00e7\u00e3o de SEO. Realizamos a digitaliza\u00e7\u00e3o de imagens, inser\u00e7\u00e3o de textos, cria\u00e7\u00e3o e utiliza\u00e7\u00e3o de desenhos e fazemos a diagrama\u00e7\u00e3o das p\u00e1ginas conforme as necessidades de sua empresa. Tamb\u00e9m fazemos p\u00e1ginas com scripts din\u00e2micos em JavaScript e bancos de dados\u00a0em PHP e utilizando gerenciadores de conte\u00fado como Joomla e WordPress. Temos uma equipe completa e com m\u00faltiplos conhecimentos em diagrama\u00e7\u00e3o, programa\u00e7\u00e3o visual, internet, fotografia, design, entre outros. &nbsp; &nbsp; O que oferecemos: Para atender totalmente as necessidades dos clientes que utilizam a internet como um meio para fazer a divulga\u00e7\u00e3o e apresenta\u00e7\u00e3o de seu trabalho estamos oferecendo os seguintes servi\u00e7os: Diagrama\u00e7\u00e3o de P\u00e1ginas WEB com textos, fotos, ilustra\u00e7\u00f5es, desenhos, sons. Cadastramos o site em diversos sites de busca nacionais e internacionais Cria\u00e7\u00e3o de cat\u00e1logos de produtos on-line Criamos p\u00e1ginas com formul\u00e1rios de venda on-line , consulta on-line e etc. Controlamos a correspond\u00eancia eletr\u00f4nica Disponibilizamos arquivos com programas para download Cria\u00e7\u00e3o e Manuten\u00e7\u00e3o de Newsletters Cria\u00e7\u00e3o de Enquetes* Inclus\u00e3o de Propaganda casada para divulga\u00e7\u00e3o * Inclu\u00edmos GIF\u2019s animadas em suas p\u00e1ginas. Inclu\u00edmos contadores de p\u00e1ginas no seu site ou qualquer p\u00e1gina que seja necess\u00e1rio. Realiza\u00e7\u00e3o de se\u00e7\u00f5es de fotos (opcional) Propaganda e Patroc\u00ednio de Sites (opctional) * Possibilidade de treinamento Cria\u00e7\u00e3o de Banco de Dados e manuten\u00e7\u00e3o on line Equipe completa para confec\u00e7\u00e3o de WEB SITES e cria\u00e7\u00e3o de solu\u00e7\u00f5es. Scripts para dar mais funcionalidade e interatividade Qualidade acima de tudo. * Servi\u00e7os que dependem de servi\u00e7os de sites de terceiros Tecnologia Trabalhamos com o b\u00e1sico da tecnologia: HTML, DHTML, JavaScript, PHP, CSS, Joomla, WordPress. Todos estas s\u00e3o tecnologias consolidadas e de amplo aceite por todos os browsers. Assim garantimos que o m\u00e1ximo de pessoas possam visualizar o conte\u00fado dos sites. Servi\u00e7o Complementares Existem alguns servi\u00e7os complementares que podem ser contratados \u00e0 parte: Fotografias de produtos:\u00a0Casas, autom\u00f3veis, produtos, locais em geral para promo\u00e7\u00f5es e reportagens. Manuten\u00e7\u00e3o de Newsletters: Confec\u00e7\u00e3o, Suporte e Consultoria para que sua empresa mantenha seus clientes e colaboradores informados. Divulga\u00e7\u00e3o e Assessoria para aumento de audi\u00eancia: Uso de ferramentas SEO, sites, banners para maior divulga\u00e7\u00e3o do seu site e do seu servi\u00e7o.","og_url":"https:\/\/www.santosaraujo.com.br\/santos\/websites\/","article_publisher":"https:\/\/facebook.com\/santosaraujoinfo","article_modified_time":"2018-01-04T18:26:57+00:00","twitter_card":"summary_large_image","twitter_site":"@SantosAraujoInf","twitter_misc":{"Est. tempo de leitura":"2 minutos"},"schema":{"@context":"https:\/\/schema.org","@graph":[{"@type":"WebPage","@id":"https:\/\/www.santosaraujo.com.br\/santos\/websites\/","url":"https:\/\/www.santosaraujo.com.br\/santos\/websites\/","name":"Cria\u00e7\u00e3o de Websites -","isPartOf":{"@id":"https:\/\/www.santosaraujo.com.br\/santos\/#website"},"datePublished":"2016-11-15T18:32:59+00:00","dateModified":"2018-01-04T18:26:57+00:00","breadcrumb":{"@id":"https:\/\/www.santosaraujo.com.br\/santos\/websites\/#breadcrumb"},"inLanguage":"pt-BR","potentialAction":[{"@type":"ReadAction","target":["https:\/\/www.santosaraujo.com.br\/santos\/websites\/"]}]},{"@type":"BreadcrumbList","@id":"https:\/\/www.santosaraujo.com.br\/santos\/websites\/#breadcrumb","itemListElement":[{"@type":"ListItem","position":1,"name":"In\u00edcio","item":"https:\/\/www.santosaraujo.com.br\/santos\/"},{"@type":"ListItem","position":2,"name":"Cria\u00e7\u00e3o de Websites"}]},{"@type":"WebSite","@id":"https:\/\/www.santosaraujo.com.br\/santos\/#website","url":"https:\/\/www.santosaraujo.com.br\/santos\/","name":"","description":"Santos Araujo Inform\u00e1tica \u00e9 especializada em Softwares de Cobran\u00e7a, Jur\u00eddicos, IR (Imposto de Renda) , Politicos, Condom\u00ednios.","publisher":{"@id":"https:\/\/www.santosaraujo.com.br\/santos\/#organization"},"potentialAction":[{"@type":"SearchAction","target":{"@type":"EntryPoint","urlTemplate":"https:\/\/www.santosaraujo.com.br\/santos\/?s={search_term_string}"},"query-input":{"@type":"PropertyValueSpecification","valueRequired":true,"valueName":"search_term_string"}}],"inLanguage":"pt-BR"},{"@type":"Organization","@id":"https:\/\/www.santosaraujo.com.br\/santos\/#organization","name":"Santos Araujo Inform\u00e1tica","url":"https:\/\/www.santosaraujo.com.br\/santos\/","logo":{"@type":"ImageObject","inLanguage":"pt-BR","@id":"https:\/\/www.santosaraujo.com.br\/santos\/#\/schema\/logo\/image\/","url":"https:\/\/i0.wp.com\/www.santosaraujo.com.br\/santos\/wp-content\/uploads\/2024\/12\/cropped-Prancheta-2.png?fit=1943%2C615&ssl=1","contentUrl":"https:\/\/i0.wp.com\/www.santosaraujo.com.br\/santos\/wp-content\/uploads\/2024\/12\/cropped-Prancheta-2.png?fit=1943%2C615&ssl=1","width":1943,"height":615,"caption":"Santos Araujo Inform\u00e1tica"},"image":{"@id":"https:\/\/www.santosaraujo.com.br\/santos\/#\/schema\/logo\/image\/"},"sameAs":["https:\/\/facebook.com\/santosaraujoinfo","https:\/\/x.com\/SantosAraujoInf","https:\/\/www.instagram.com\/santosaraujoinfo\/","https:\/\/www.pinterest.com\/santosaraujoinformtica\/"]}]}},"uagb_featured_image_src":{"full":false,"thumbnail":false,"medium":false,"medium_large":false,"large":false,"1536x1536":false,"2048x2048":false,"featured-slide":false,"featured-slide-thumb":false},"uagb_author_info":{"display_name":"Oswaldo Santos Araujo","author_link":"https:\/\/www.santosaraujo.com.br\/santos\/author\/sainfo\/"},"uagb_comment_info":0,"uagb_excerpt":"A Santos Araujo Inform\u00e1tica desenvolve Websites responsivos e auto-gerenci\u00e1veis com implementa\u00e7\u00e3o de SEO. Realizamos a digitaliza\u00e7\u00e3o de imagens, inser\u00e7\u00e3o de textos, cria\u00e7\u00e3o e utiliza\u00e7\u00e3o de desenhos e fazemos a diagrama\u00e7\u00e3o das p\u00e1ginas conforme as necessidades de sua empresa. Tamb\u00e9m fazemos p\u00e1ginas com scripts din\u00e2micos em JavaScript e bancos de dados\u00a0em PHP e utilizando gerenciadores de&hellip;","jetpack_sharing_enabled":true,"_links":{"self":[{"href":"https:\/\/www.santosaraujo.com.br\/santos\/wp-json\/wp\/v2\/pages\/40","targetHints":{"allow":["GET"]}}],"collection":[{"href":"https:\/\/www.santosaraujo.com.br\/santos\/wp-json\/wp\/v2\/pages"}],"about":[{"href":"https:\/\/www.santosaraujo.com.br\/santos\/wp-json\/wp\/v2\/types\/page"}],"author":[{"embeddable":true,"href":"https:\/\/www.santosaraujo.com.br\/santos\/wp-json\/wp\/v2\/users\/1"}],"replies":[{"embeddable":true,"href":"https:\/\/www.santosaraujo.com.br\/santos\/wp-json\/wp\/v2\/comments?post=40"}],"version-history":[{"count":9,"href":"https:\/\/www.santosaraujo.com.br\/santos\/wp-json\/wp\/v2\/pages\/40\/revisions"}],"predecessor-version":[{"id":2083,"href":"https:\/\/www.santosaraujo.com.br\/santos\/wp-json\/wp\/v2\/pages\/40\/revisions\/2083"}],"wp:attachment":[{"href":"https:\/\/www.santosaraujo.com.br\/santos\/wp-json\/wp\/v2\/media?parent=40"}],"curies":[{"name":"wp","href":"https:\/\/api.w.org\/{rel}","templated":true}]}}