{"id":42,"date":"2016-11-15T18:34:45","date_gmt":"2016-11-15T18:34:45","guid":{"rendered":"http:\/\/santosaraujoinforma1.hospedagemdesites.ws\/santos\/?p=42"},"modified":"2017-04-20T21:04:44","modified_gmt":"2017-04-20T21:04:44","slug":"calcdes-sistema-para-calculo-de-desapropriacao-de-imoveis","status":"publish","type":"page","link":"https:\/\/www.santosaraujo.com.br\/santos\/calcdes-sistema-para-calculo-de-desapropriacao-de-imoveis\/","title":{"rendered":"CALCDES &#8211; Sistema para C\u00e1lculo de Desapropria\u00e7\u00e3o de Im\u00f3veis"},"content":{"rendered":"<p>O software <strong>CALCDES<\/strong> para DOS 1.3 para <strong>C\u00e1lculo Jur\u00eddico de Desapropria\u00e7\u00e3o de Im\u00f3veis<\/strong> foi desenvolvido apara atender as necessidades espec\u00edficas dos advogados, advocacias e departamentos jur\u00eddicos das empresas que tem interesse na desapropria\u00e7\u00e3o de im\u00f3veis.<\/p>\n<div class=\"csRow\">\n<div class=\"csColumnGap\" style=\"margin: 0px; padding: 0px; float: left; width: 0.521%;\"><img data-recalc-dims=\"1\" decoding=\"async\" style=\"border: none;\" src=\"https:\/\/i0.wp.com\/www.santosaraujo.com.br\/santos\/wp-content\/plugins\/advanced-wp-columns\/assets\/js\/plugins\/views\/img\/1x1-pixel.png?ssl=1\" \/><\/div>\n<div class=\"csColumn\" style=\"margin: 0px; padding: 0px; float: left; width: 31.3%;\" data-csstartpoint=\"5\" data-csendpoint=\"305\" data-cswidth=\"31.3%\" data-csid=\"e8cc418c-e858-2499-82fc-4f8b7361f8bd\"><a href=\"https:\/\/www.santosaraujo.com.br\/santos\/calcdes-sistema-para-calculo-de-desapropriacao-de-imoveis\/comprar-calcdes\/\"><em><strong><h2 class=\"wp-svg-cart-3 cart-3\"><\/h2><\/strong><\/em><em><strong>Comprar<\/strong><\/em><\/a><\/div>\n<div class=\"csColumnGap\" style=\"margin: 0px; padding: 0px; float: left; width: 1.04%;\"><img data-recalc-dims=\"1\" decoding=\"async\" style=\"border: none;\" src=\"https:\/\/i0.wp.com\/www.santosaraujo.com.br\/santos\/wp-content\/plugins\/advanced-wp-columns\/assets\/js\/plugins\/views\/img\/1x1-pixel.png?ssl=1\" \/><\/div>\n<div class=\"csColumn\" style=\"margin: 0px; padding: 0px; float: left; width: 32.4%;\" data-csstartpoint=\"315\" data-csendpoint=\"626\" data-cswidth=\"32.4%\" data-csid=\"e23e7d17-8597-639b-b146-54f80999f608\"><a href=\"https:\/\/www.santosaraujo.com.br\/santos\/calcdes-sistema-para-calculo-de-desapropriacao-de-imoveis\/download-avaliacao-calcdes\/\"><em><strong><h2 class=\"wp-svg-download download\"><\/h2><\/strong><\/em><em><strong>Avaliar<\/strong><\/em><\/a><\/div>\n<div class=\"csColumnGap\" style=\"margin: 0px; padding: 0px; float: left; width: 34.8%;\"><img data-recalc-dims=\"1\" decoding=\"async\" style=\"border: none;\" src=\"https:\/\/i0.wp.com\/www.santosaraujo.com.br\/santos\/wp-content\/plugins\/advanced-wp-columns\/assets\/js\/plugins\/views\/img\/1x1-pixel.png?ssl=1\" \/><\/div>\n<div style=\"clear: both; float: none; display: block; visibility: hidden; width: 0px; font-size: 0px; line-height: 0;\"><\/div>\n<\/div>\n<h2>As principais caracter\u00edsticas do software s\u00e3o:<\/h2>\n<ul>\n<li class=\"TextoReportagem\">Software para DOS<\/li>\n<li class=\"TextoReportagem\">Software Multiusu\u00e1rio (Rede Windows 95, 98 e NT, Novell, Lantastic)<\/li>\n<li class=\"TextoReportagem\">Interface amig\u00e1vel<\/li>\n<li class=\"TextoReportagem\">Help On-Line<\/li>\n<li class=\"TextoReportagem\">M\u00faltipla visualiza\u00e7\u00e3o de Processos de Desapropria\u00e7\u00e3o<\/li>\n<li class=\"TextoReportagem\">Cadastro de Processos de Desapropria\u00e7\u00e3o com os dados das contas<\/li>\n<li class=\"TextoReportagem\">Atualiza\u00e7\u00e3o monet\u00e1ria dos valores<\/li>\n<li class=\"TextoReportagem\">Impress\u00e3o de Planilhas das Contas<\/li>\n<li class=\"TextoReportagem\">Controle de Acordos<\/li>\n<li class=\"TextoReportagem\">Suporta Processos Federais, Municipais e Estaduais<\/li>\n<li class=\"TextoReportagem\">Suporta Desapropria\u00e7\u00e3o direta e indireta<\/li>\n<li class=\"TextoReportagem\">Permite o calculo \u00e0 partir da \u00faltima conta apresentada<\/li>\n<li class=\"TextoReportagem\">Suporta Sumula 102<\/li>\n<\/ul>\n","protected":false},"excerpt":{"rendered":"<p>O software CALCDES para DOS 1.3 para C\u00e1lculo Jur\u00eddico de Desapropria\u00e7\u00e3o de Im\u00f3veis foi desenvolvido apara atender as necessidades espec\u00edficas dos advogados, advocacias e departamentos jur\u00eddicos das empresas que tem interesse na desapropria\u00e7\u00e3o de im\u00f3veis. Comprar Avaliar As principais caracter\u00edsticas do software s\u00e3o: Software para DOS Software Multiusu\u00e1rio (Rede Windows 95, 98 e NT, Novell, Lantastic) Interface amig\u00e1vel Help On-Line M\u00faltipla visualiza\u00e7\u00e3o de Processos de Desapropria\u00e7\u00e3o Cadastro de Processos de Desapropria\u00e7\u00e3o com os dados das contas Atualiza\u00e7\u00e3o monet\u00e1ria dos valores Impress\u00e3o de Planilhas das Contas Controle de Acordos Suporta Processos Federais, Municipais e Estaduais Suporta Desapropria\u00e7\u00e3o direta e indireta Permite o calculo \u00e0 partir da \u00faltima conta apresentada Suporta Sumula 102<\/p>\n","protected":false},"author":1,"featured_media":0,"parent":0,"menu_order":0,"comment_status":"open","ping_status":"open","template":"","meta":{"_eb_attr":"","_uag_custom_page_level_css":"","_exactmetrics_skip_tracking":false,"_exactmetrics_sitenote_active":false,"_exactmetrics_sitenote_note":"","_exactmetrics_sitenote_category":0,"_uf_show_specific_survey":0,"_uf_disable_surveys":false,"site-sidebar-layout":"default","site-content-layout":"","ast-site-content-layout":"default","site-content-style":"default","site-sidebar-style":"default","ast-global-header-display":"","ast-banner-title-visibility":"","ast-main-header-display":"","ast-hfb-above-header-display":"","ast-hfb-below-header-display":"","ast-hfb-mobile-header-display":"","site-post-title":"","ast-breadcrumbs-content":"","ast-featured-img":"","footer-sml-layout":"","theme-transparent-header-meta":"","adv-header-id-meta":"","stick-header-meta":"","header-above-stick-meta":"","header-main-stick-meta":"","header-below-stick-meta":"","astra-migrate-meta-layouts":"default","ast-page-background-enabled":"default","ast-page-background-meta":{"desktop":{"background-color":"var(--ast-global-color-4)","background-image":"","background-repeat":"repeat","background-position":"center center","background-size":"auto","background-attachment":"scroll","background-type":"","background-media":"","overlay-type":"","overlay-color":"","overlay-opacity":"","overlay-gradient":""},"tablet":{"background-color":"","background-image":"","background-repeat":"repeat","background-position":"center center","background-size":"auto","background-attachment":"scroll","background-type":"","background-media":"","overlay-type":"","overlay-color":"","overlay-opacity":"","overlay-gradient":""},"mobile":{"background-color":"","background-image":"","background-repeat":"repeat","background-position":"center center","background-size":"auto","background-attachment":"scroll","background-type":"","background-media":"","overlay-type":"","overlay-color":"","overlay-opacity":"","overlay-gradient":""}},"ast-content-background-meta":{"desktop":{"background-color":"var(--ast-global-color-5)","background-image":"","background-repeat":"repeat","background-position":"center center","background-size":"auto","background-attachment":"scroll","background-type":"","background-media":"","overlay-type":"","overlay-color":"","overlay-opacity":"","overlay-gradient":""},"tablet":{"background-color":"var(--ast-global-color-5)","background-image":"","background-repeat":"repeat","background-position":"center center","background-size":"auto","background-attachment":"scroll","background-type":"","background-media":"","overlay-type":"","overlay-color":"","overlay-opacity":"","overlay-gradient":""},"mobile":{"background-color":"var(--ast-global-color-5)","background-image":"","background-repeat":"repeat","background-position":"center center","background-size":"auto","background-attachment":"scroll","background-type":"","background-media":"","overlay-type":"","overlay-color":"","overlay-opacity":"","overlay-gradient":""}},"_joinchat":[],"footnotes":""},"class_list":["post-42","page","type-page","status-publish","hentry"],"aioseo_notices":[],"yoast_head":"\n<title>CALCDES - Sistema para C\u00e1lculo de Desapropria\u00e7\u00e3o de Im\u00f3veis -<\/title>\n<meta name=\"robots\" content=\"index, follow, max-snippet:-1, max-image-preview:large, max-video-preview:-1\" \/>\n<link rel=\"canonical\" href=\"https:\/\/www.santosaraujo.com.br\/santos\/calcdes-sistema-para-calculo-de-desapropriacao-de-imoveis\/\" \/>\n<meta property=\"og:locale\" content=\"pt_BR\" \/>\n<meta property=\"og:type\" content=\"article\" \/>\n<meta property=\"og:title\" content=\"CALCDES - Sistema para C\u00e1lculo de Desapropria\u00e7\u00e3o de Im\u00f3veis -\" \/>\n<meta property=\"og:description\" content=\"O software CALCDES para DOS 1.3 para C\u00e1lculo Jur\u00eddico de Desapropria\u00e7\u00e3o de Im\u00f3veis foi desenvolvido apara atender as necessidades espec\u00edficas dos advogados, advocacias e departamentos jur\u00eddicos das empresas que tem interesse na desapropria\u00e7\u00e3o de im\u00f3veis. Comprar Avaliar As principais caracter\u00edsticas do software s\u00e3o: Software para DOS Software Multiusu\u00e1rio (Rede Windows 95, 98 e NT, Novell, Lantastic) Interface amig\u00e1vel Help On-Line M\u00faltipla visualiza\u00e7\u00e3o de Processos de Desapropria\u00e7\u00e3o Cadastro de Processos de Desapropria\u00e7\u00e3o com os dados das contas Atualiza\u00e7\u00e3o monet\u00e1ria dos valores Impress\u00e3o de Planilhas das Contas Controle de Acordos Suporta Processos Federais, Municipais e Estaduais Suporta Desapropria\u00e7\u00e3o direta e indireta Permite o calculo \u00e0 partir da \u00faltima conta apresentada Suporta Sumula 102\" \/>\n<meta property=\"og:url\" content=\"https:\/\/www.santosaraujo.com.br\/santos\/calcdes-sistema-para-calculo-de-desapropriacao-de-imoveis\/\" \/>\n<meta property=\"article:publisher\" content=\"https:\/\/facebook.com\/santosaraujoinfo\" \/>\n<meta property=\"article:modified_time\" content=\"2017-04-20T21:04:44+00:00\" \/>\n<meta property=\"og:image\" content=\"http:\/\/www.santosaraujo.com.br\/santos\/wp-content\/plugins\/advanced-wp-columns\/assets\/js\/plugins\/views\/img\/1x1-pixel.png\" \/>\n<meta name=\"twitter:card\" content=\"summary_large_image\" \/>\n<meta name=\"twitter:site\" content=\"@SantosAraujoInf\" \/>\n<meta name=\"twitter:label1\" content=\"Est. tempo de leitura\" \/>\n\t<meta name=\"twitter:data1\" content=\"1 minuto\" \/>\n<script type=\"application\/ld+json\" class=\"yoast-schema-graph\">{\"@context\":\"https:\/\/schema.org\",\"@graph\":[{\"@type\":\"WebPage\",\"@id\":\"https:\/\/www.santosaraujo.com.br\/santos\/calcdes-sistema-para-calculo-de-desapropriacao-de-imoveis\/\",\"url\":\"https:\/\/www.santosaraujo.com.br\/santos\/calcdes-sistema-para-calculo-de-desapropriacao-de-imoveis\/\",\"name\":\"CALCDES - Sistema para C\u00e1lculo de Desapropria\u00e7\u00e3o de Im\u00f3veis -\",\"isPartOf\":{\"@id\":\"https:\/\/www.santosaraujo.com.br\/santos\/#website\"},\"primaryImageOfPage\":{\"@id\":\"https:\/\/www.santosaraujo.com.br\/santos\/calcdes-sistema-para-calculo-de-desapropriacao-de-imoveis\/#primaryimage\"},\"image\":{\"@id\":\"https:\/\/www.santosaraujo.com.br\/santos\/calcdes-sistema-para-calculo-de-desapropriacao-de-imoveis\/#primaryimage\"},\"thumbnailUrl\":\"http:\/\/www.santosaraujo.com.br\/santos\/wp-content\/plugins\/advanced-wp-columns\/assets\/js\/plugins\/views\/img\/1x1-pixel.png\",\"datePublished\":\"2016-11-15T18:34:45+00:00\",\"dateModified\":\"2017-04-20T21:04:44+00:00\",\"breadcrumb\":{\"@id\":\"https:\/\/www.santosaraujo.com.br\/santos\/calcdes-sistema-para-calculo-de-desapropriacao-de-imoveis\/#breadcrumb\"},\"inLanguage\":\"pt-BR\",\"potentialAction\":[{\"@type\":\"ReadAction\",\"target\":[\"https:\/\/www.santosaraujo.com.br\/santos\/calcdes-sistema-para-calculo-de-desapropriacao-de-imoveis\/\"]}]},{\"@type\":\"ImageObject\",\"inLanguage\":\"pt-BR\",\"@id\":\"https:\/\/www.santosaraujo.com.br\/santos\/calcdes-sistema-para-calculo-de-desapropriacao-de-imoveis\/#primaryimage\",\"url\":\"http:\/\/www.santosaraujo.com.br\/santos\/wp-content\/plugins\/advanced-wp-columns\/assets\/js\/plugins\/views\/img\/1x1-pixel.png\",\"contentUrl\":\"http:\/\/www.santosaraujo.com.br\/santos\/wp-content\/plugins\/advanced-wp-columns\/assets\/js\/plugins\/views\/img\/1x1-pixel.png\"},{\"@type\":\"BreadcrumbList\",\"@id\":\"https:\/\/www.santosaraujo.com.br\/santos\/calcdes-sistema-para-calculo-de-desapropriacao-de-imoveis\/#breadcrumb\",\"itemListElement\":[{\"@type\":\"ListItem\",\"position\":1,\"name\":\"In\u00edcio\",\"item\":\"https:\/\/www.santosaraujo.com.br\/santos\/\"},{\"@type\":\"ListItem\",\"position\":2,\"name\":\"CALCDES &#8211; Sistema para C\u00e1lculo de Desapropria\u00e7\u00e3o de Im\u00f3veis\"}]},{\"@type\":\"WebSite\",\"@id\":\"https:\/\/www.santosaraujo.com.br\/santos\/#website\",\"url\":\"https:\/\/www.santosaraujo.com.br\/santos\/\",\"name\":\"\",\"description\":\"Santos Araujo Inform\u00e1tica \u00e9 especializada em Softwares de Cobran\u00e7a, Jur\u00eddicos, IR (Imposto de Renda) , Politicos, Condom\u00ednios.\",\"publisher\":{\"@id\":\"https:\/\/www.santosaraujo.com.br\/santos\/#organization\"},\"potentialAction\":[{\"@type\":\"SearchAction\",\"target\":{\"@type\":\"EntryPoint\",\"urlTemplate\":\"https:\/\/www.santosaraujo.com.br\/santos\/?s={search_term_string}\"},\"query-input\":{\"@type\":\"PropertyValueSpecification\",\"valueRequired\":true,\"valueName\":\"search_term_string\"}}],\"inLanguage\":\"pt-BR\"},{\"@type\":\"Organization\",\"@id\":\"https:\/\/www.santosaraujo.com.br\/santos\/#organization\",\"name\":\"Santos Araujo Inform\u00e1tica\",\"url\":\"https:\/\/www.santosaraujo.com.br\/santos\/\",\"logo\":{\"@type\":\"ImageObject\",\"inLanguage\":\"pt-BR\",\"@id\":\"https:\/\/www.santosaraujo.com.br\/santos\/#\/schema\/logo\/image\/\",\"url\":\"https:\/\/i0.wp.com\/www.santosaraujo.com.br\/santos\/wp-content\/uploads\/2024\/12\/cropped-Prancheta-2.png?fit=1943%2C615&ssl=1\",\"contentUrl\":\"https:\/\/i0.wp.com\/www.santosaraujo.com.br\/santos\/wp-content\/uploads\/2024\/12\/cropped-Prancheta-2.png?fit=1943%2C615&ssl=1\",\"width\":1943,\"height\":615,\"caption\":\"Santos Araujo Inform\u00e1tica\"},\"image\":{\"@id\":\"https:\/\/www.santosaraujo.com.br\/santos\/#\/schema\/logo\/image\/\"},\"sameAs\":[\"https:\/\/facebook.com\/santosaraujoinfo\",\"https:\/\/x.com\/SantosAraujoInf\",\"https:\/\/www.instagram.com\/santosaraujoinfo\/\",\"https:\/\/www.pinterest.com\/santosaraujoinformtica\/\"]}]}<\/script>\n","yoast_head_json":{"title":"CALCDES - Sistema para C\u00e1lculo de Desapropria\u00e7\u00e3o de Im\u00f3veis -","robots":{"index":"index","follow":"follow","max-snippet":"max-snippet:-1","max-image-preview":"max-image-preview:large","max-video-preview":"max-video-preview:-1"},"canonical":"https:\/\/www.santosaraujo.com.br\/santos\/calcdes-sistema-para-calculo-de-desapropriacao-de-imoveis\/","og_locale":"pt_BR","og_type":"article","og_title":"CALCDES - Sistema para C\u00e1lculo de Desapropria\u00e7\u00e3o de Im\u00f3veis -","og_description":"O software CALCDES para DOS 1.3 para C\u00e1lculo Jur\u00eddico de Desapropria\u00e7\u00e3o de Im\u00f3veis foi desenvolvido apara atender as necessidades espec\u00edficas dos advogados, advocacias e departamentos jur\u00eddicos das empresas que tem interesse na desapropria\u00e7\u00e3o de im\u00f3veis. Comprar Avaliar As principais caracter\u00edsticas do software s\u00e3o: Software para DOS Software Multiusu\u00e1rio (Rede Windows 95, 98 e NT, Novell, Lantastic) Interface amig\u00e1vel Help On-Line M\u00faltipla visualiza\u00e7\u00e3o de Processos de Desapropria\u00e7\u00e3o Cadastro de Processos de Desapropria\u00e7\u00e3o com os dados das contas Atualiza\u00e7\u00e3o monet\u00e1ria dos valores Impress\u00e3o de Planilhas das Contas Controle de Acordos Suporta Processos Federais, Municipais e Estaduais Suporta Desapropria\u00e7\u00e3o direta e indireta Permite o calculo \u00e0 partir da \u00faltima conta apresentada Suporta Sumula 102","og_url":"https:\/\/www.santosaraujo.com.br\/santos\/calcdes-sistema-para-calculo-de-desapropriacao-de-imoveis\/","article_publisher":"https:\/\/facebook.com\/santosaraujoinfo","article_modified_time":"2017-04-20T21:04:44+00:00","og_image":[{"url":"http:\/\/www.santosaraujo.com.br\/santos\/wp-content\/plugins\/advanced-wp-columns\/assets\/js\/plugins\/views\/img\/1x1-pixel.png","type":"","width":"","height":""}],"twitter_card":"summary_large_image","twitter_site":"@SantosAraujoInf","twitter_misc":{"Est. tempo de leitura":"1 minuto"},"schema":{"@context":"https:\/\/schema.org","@graph":[{"@type":"WebPage","@id":"https:\/\/www.santosaraujo.com.br\/santos\/calcdes-sistema-para-calculo-de-desapropriacao-de-imoveis\/","url":"https:\/\/www.santosaraujo.com.br\/santos\/calcdes-sistema-para-calculo-de-desapropriacao-de-imoveis\/","name":"CALCDES - Sistema para C\u00e1lculo de Desapropria\u00e7\u00e3o de Im\u00f3veis -","isPartOf":{"@id":"https:\/\/www.santosaraujo.com.br\/santos\/#website"},"primaryImageOfPage":{"@id":"https:\/\/www.santosaraujo.com.br\/santos\/calcdes-sistema-para-calculo-de-desapropriacao-de-imoveis\/#primaryimage"},"image":{"@id":"https:\/\/www.santosaraujo.com.br\/santos\/calcdes-sistema-para-calculo-de-desapropriacao-de-imoveis\/#primaryimage"},"thumbnailUrl":"http:\/\/www.santosaraujo.com.br\/santos\/wp-content\/plugins\/advanced-wp-columns\/assets\/js\/plugins\/views\/img\/1x1-pixel.png","datePublished":"2016-11-15T18:34:45+00:00","dateModified":"2017-04-20T21:04:44+00:00","breadcrumb":{"@id":"https:\/\/www.santosaraujo.com.br\/santos\/calcdes-sistema-para-calculo-de-desapropriacao-de-imoveis\/#breadcrumb"},"inLanguage":"pt-BR","potentialAction":[{"@type":"ReadAction","target":["https:\/\/www.santosaraujo.com.br\/santos\/calcdes-sistema-para-calculo-de-desapropriacao-de-imoveis\/"]}]},{"@type":"ImageObject","inLanguage":"pt-BR","@id":"https:\/\/www.santosaraujo.com.br\/santos\/calcdes-sistema-para-calculo-de-desapropriacao-de-imoveis\/#primaryimage","url":"http:\/\/www.santosaraujo.com.br\/santos\/wp-content\/plugins\/advanced-wp-columns\/assets\/js\/plugins\/views\/img\/1x1-pixel.png","contentUrl":"http:\/\/www.santosaraujo.com.br\/santos\/wp-content\/plugins\/advanced-wp-columns\/assets\/js\/plugins\/views\/img\/1x1-pixel.png"},{"@type":"BreadcrumbList","@id":"https:\/\/www.santosaraujo.com.br\/santos\/calcdes-sistema-para-calculo-de-desapropriacao-de-imoveis\/#breadcrumb","itemListElement":[{"@type":"ListItem","position":1,"name":"In\u00edcio","item":"https:\/\/www.santosaraujo.com.br\/santos\/"},{"@type":"ListItem","position":2,"name":"CALCDES &#8211; Sistema para C\u00e1lculo de Desapropria\u00e7\u00e3o de Im\u00f3veis"}]},{"@type":"WebSite","@id":"https:\/\/www.santosaraujo.com.br\/santos\/#website","url":"https:\/\/www.santosaraujo.com.br\/santos\/","name":"","description":"Santos Araujo Inform\u00e1tica \u00e9 especializada em Softwares de Cobran\u00e7a, Jur\u00eddicos, IR (Imposto de Renda) , Politicos, Condom\u00ednios.","publisher":{"@id":"https:\/\/www.santosaraujo.com.br\/santos\/#organization"},"potentialAction":[{"@type":"SearchAction","target":{"@type":"EntryPoint","urlTemplate":"https:\/\/www.santosaraujo.com.br\/santos\/?s={search_term_string}"},"query-input":{"@type":"PropertyValueSpecification","valueRequired":true,"valueName":"search_term_string"}}],"inLanguage":"pt-BR"},{"@type":"Organization","@id":"https:\/\/www.santosaraujo.com.br\/santos\/#organization","name":"Santos Araujo Inform\u00e1tica","url":"https:\/\/www.santosaraujo.com.br\/santos\/","logo":{"@type":"ImageObject","inLanguage":"pt-BR","@id":"https:\/\/www.santosaraujo.com.br\/santos\/#\/schema\/logo\/image\/","url":"https:\/\/i0.wp.com\/www.santosaraujo.com.br\/santos\/wp-content\/uploads\/2024\/12\/cropped-Prancheta-2.png?fit=1943%2C615&ssl=1","contentUrl":"https:\/\/i0.wp.com\/www.santosaraujo.com.br\/santos\/wp-content\/uploads\/2024\/12\/cropped-Prancheta-2.png?fit=1943%2C615&ssl=1","width":1943,"height":615,"caption":"Santos Araujo Inform\u00e1tica"},"image":{"@id":"https:\/\/www.santosaraujo.com.br\/santos\/#\/schema\/logo\/image\/"},"sameAs":["https:\/\/facebook.com\/santosaraujoinfo","https:\/\/x.com\/SantosAraujoInf","https:\/\/www.instagram.com\/santosaraujoinfo\/","https:\/\/www.pinterest.com\/santosaraujoinformtica\/"]}]}},"uagb_featured_image_src":{"full":false,"thumbnail":false,"medium":false,"medium_large":false,"large":false,"1536x1536":false,"2048x2048":false,"featured-slide":false,"featured-slide-thumb":false},"uagb_author_info":{"display_name":"Oswaldo Santos Araujo","author_link":"https:\/\/www.santosaraujo.com.br\/santos\/author\/sainfo\/"},"uagb_comment_info":0,"uagb_excerpt":"O software CALCDES para DOS 1.3 para C\u00e1lculo Jur\u00eddico de Desapropria\u00e7\u00e3o de Im\u00f3veis foi desenvolvido apara atender as necessidades espec\u00edficas dos advogados, advocacias e departamentos jur\u00eddicos das empresas que tem interesse na desapropria\u00e7\u00e3o de im\u00f3veis. Comprar Avaliar As principais caracter\u00edsticas do software s\u00e3o: Software para DOS Software Multiusu\u00e1rio (Rede Windows 95, 98 e NT, Novell,&hellip;","jetpack_sharing_enabled":true,"_links":{"self":[{"href":"https:\/\/www.santosaraujo.com.br\/santos\/wp-json\/wp\/v2\/pages\/42","targetHints":{"allow":["GET"]}}],"collection":[{"href":"https:\/\/www.santosaraujo.com.br\/santos\/wp-json\/wp\/v2\/pages"}],"about":[{"href":"https:\/\/www.santosaraujo.com.br\/santos\/wp-json\/wp\/v2\/types\/page"}],"author":[{"embeddable":true,"href":"https:\/\/www.santosaraujo.com.br\/santos\/wp-json\/wp\/v2\/users\/1"}],"replies":[{"embeddable":true,"href":"https:\/\/www.santosaraujo.com.br\/santos\/wp-json\/wp\/v2\/comments?post=42"}],"version-history":[{"count":6,"href":"https:\/\/www.santosaraujo.com.br\/santos\/wp-json\/wp\/v2\/pages\/42\/revisions"}],"predecessor-version":[{"id":1462,"href":"https:\/\/www.santosaraujo.com.br\/santos\/wp-json\/wp\/v2\/pages\/42\/revisions\/1462"}],"wp:attachment":[{"href":"https:\/\/www.santosaraujo.com.br\/santos\/wp-json\/wp\/v2\/media?parent=42"}],"curies":[{"name":"wp","href":"https:\/\/api.w.org\/{rel}","templated":true}]}}