{"id":46,"date":"2023-09-04T08:00:00","date_gmt":"2023-09-04T08:00:00","guid":{"rendered":"http:\/\/santosaraujoinforma1.hospedagemdesites.ws\/santos\/?p=46"},"modified":"2026-01-27T13:30:27","modified_gmt":"2026-01-27T13:30:27","slug":"sistema-de-imposto-de-renda","status":"publish","type":"page","link":"https:\/\/www.santosaraujo.com.br\/santos\/sistema-de-imposto-de-renda\/","title":{"rendered":"Sistema de Imposto de Renda &#8211; IR2026"},"content":{"rendered":"\t\t<div data-elementor-type=\"wp-page\" data-elementor-id=\"46\" class=\"elementor elementor-46\">\n\t\t\t\t\t\t<section class=\"elementor-section elementor-top-section elementor-element elementor-element-7f6c89fd elementor-section-boxed elementor-section-height-default elementor-section-height-default wpr-particle-no wpr-jarallax-no wpr-parallax-no wpr-sticky-section-no\" data-id=\"7f6c89fd\" data-element_type=\"section\">\n\t\t\t\t\t\t<div class=\"elementor-container elementor-column-gap-default\">\n\t\t\t\t\t<div class=\"elementor-column elementor-col-100 elementor-top-column elementor-element elementor-element-6d981467\" data-id=\"6d981467\" data-element_type=\"column\">\n\t\t\t<div class=\"elementor-widget-wrap elementor-element-populated\">\n\t\t\t\t\t\t<div class=\"elementor-element elementor-element-1a42f519 elementor-widget elementor-widget-text-editor\" data-id=\"1a42f519\" data-element_type=\"widget\" data-widget_type=\"text-editor.default\">\n\t\t\t\t<div class=\"elementor-widget-container\">\n\t\t\t\t\t\t\t\t\t<p>O Sistema de Imposto de Renda <strong>IR2026<\/strong>\u00a0\u00e9 pioneiro no mercado brasileiro para controle e c\u00e1lculo de declara\u00e7\u00f5es de Imposto de Renda. H\u00e1 mais de 30 anos cuidando das suas declara\u00e7\u00f5es de renda. Assim tamb\u00e9m o AAR2026 continua fazendo suas declara\u00e7\u00f5es de Anexo Rural e agora tamb\u00e9m contamos com <a href=\"https:\/\/www.santosaraujo.com.br\/santos\/sistema-de-imposto-de-renda\/slc-super-livro-caixa-irpf\/\"><em><strong>SLC &#8211; Super Livro Caixa<\/strong><\/em><\/a> que permite que sejam adiantadas as declara\u00e7\u00f5es do IR do pr\u00f3ximo ano.<\/p><div class=\"csRow\"><div class=\"csColumnGap\" style=\"margin: 0px; padding: 0px; float: left; width: 1.56%;\"><a href=\"https:\/\/www.santosaraujo.com.br\/santos\/sistema-de-imposto-de-renda\/download-do-ir\/\"><em><strong><img decoding=\"async\" data-recalc-dims=\"1\" style=\"border: none;\" src=\"https:\/\/i0.wp.com\/www.santosaraujo.com.br\/santos\/wp-content\/plugins\/advanced-wp-columns\/assets\/js\/plugins\/views\/img\/1x1-pixel.png\" \/><\/strong><\/em><\/a><\/div><div class=\"csColumn\" style=\"margin: 0px; padding: 0px; float: left; width: 31.3%;\" data-csstartpoint=\"15\" data-csendpoint=\"315\" data-cswidth=\"31.3%\" data-csid=\"34ff410f-8a54-f171-a4b5-24839aa4ce09\"><a href=\"https:\/\/www.santosaraujo.com.br\/santos\/sistema-de-imposto-de-renda\/comprar-ir\/\"><em><strong><h2 class=\"wp-svg-cart-3 cart-3\"><\/h2>Comprar IR2026<\/strong><\/em><\/a><\/div><div class=\"csColumnGap\" style=\"margin: 0px; padding: 0px; float: left; width: 1.56%;\"><img decoding=\"async\" data-recalc-dims=\"1\" style=\"border: none;\" src=\"https:\/\/i0.wp.com\/www.santosaraujo.com.br\/santos\/wp-content\/plugins\/advanced-wp-columns\/assets\/js\/plugins\/views\/img\/1x1-pixel.png\" \/><\/div><div class=\"csColumn\" style=\"margin: 0px; padding: 0px; float: left; width: 31.3%;\" data-csstartpoint=\"330\" data-csendpoint=\"630\" data-cswidth=\"31.3%\" data-csid=\"f51a5045-0348-142c-9613-35e24e5f4130\"><a href=\"https:\/\/www.santosaraujo.com.br\/santos\/sistema-de-imposto-de-renda\/download-do-ir\/\"><em><strong><h2 class=\"wp-svg-download download\"><\/h2><\/strong><\/em><em><strong>Avaliar IR2026<\/strong><\/em><\/a><\/div><div class=\"csColumnGap\" style=\"margin: 0px; padding: 0px; float: left; width: 1.56%;\"><img decoding=\"async\" data-recalc-dims=\"1\" style=\"border: none;\" src=\"https:\/\/i0.wp.com\/www.santosaraujo.com.br\/santos\/wp-content\/plugins\/advanced-wp-columns\/assets\/js\/plugins\/views\/img\/1x1-pixel.png\" \/><\/div><div class=\"csColumn\" style=\"margin: 0px; padding: 0px; float: left; width: 31.3%;\" data-csstartpoint=\"645\" data-csendpoint=\"945\" data-cswidth=\"31.3%\" data-csid=\"b6c0ff44-f428-8a6d-a708-a083e9bd79fc\"><a href=\"https:\/\/www.santosaraujo.com.br\/santos\/sistema-de-imposto-de-renda\/faq-perguntas-frequentes-ir\/\"><em><strong><h2 class=\"wp-svg-question question\"><\/h2>FAQ &#8211; Perguntas Frequentes<\/strong><\/em><\/a><\/div><div class=\"csColumnGap\" style=\"margin: 0px; padding: 0px; float: left; width: 1.56%;\"><img decoding=\"async\" data-recalc-dims=\"1\" style=\"border: none;\" src=\"https:\/\/i0.wp.com\/www.santosaraujo.com.br\/santos\/wp-content\/plugins\/advanced-wp-columns\/assets\/js\/plugins\/views\/img\/1x1-pixel.png\" \/><\/div><div style=\"clear: both; float: none; display: block; visibility: hidden; width: 0px; font-size: 0px; line-height: 0;\">\u00a0<\/div><\/div><hr \/><h2>Sistema de Imposto de Renda IR2026, por que usa-lo?<\/h2><p>Para quem n\u00e3o conhece o programa e pergunta porque usa-lo, a resposta \u00e9 simples, <strong>o IR2026 foi feito pensando no lado do contribuinte e n\u00e3o do fisco.<\/strong><\/p><p><strong>Os softwares avisam quando falta de imposto \u00e0 pagar, sobre problemas de caixa, evitando-se que o usu\u00e1rio seja multado ou envie uma declara\u00e7\u00e3o incorreta para a Receita Federal.<\/strong><\/p><h2>Veja algumas vantagens do nosso produto:<\/h2><h3><strong>Prisma do Contribuinte<\/strong><\/h3><p>\u00c9 claro que um software sempre atende ao seu cliente. O IR2026 tem como cliente voc\u00ea e o Programa da Receita tem como cliente o Governo.<\/p><h3><strong>N\u00e3o permite erros na declara\u00e7\u00e3o<\/strong><\/h3><p>O software faz uma s\u00e9rie de verifica\u00e7\u00f5es em suas declara\u00e7\u00f5es para evitar que voc\u00ea ou seus clientes cometam erros na declara\u00e7\u00e3o.<\/p><h3><strong>Suporte Especializado<\/strong><\/h3><p>Pessoal especializado em inform\u00e1tica e em declara\u00e7\u00f5es de imposto de renda sempre \u00e0 sua disposi\u00e7\u00e3o. Via telefone, internet e e-mail.<\/p><h3><strong>Destaques do Sistema<\/strong><\/h3><ul style=\"list-style-type: circle;\"><li>Clareza: Melhor visualiza\u00e7\u00e3o dos dados da Declara\u00e7\u00e3o de Imposto de Renda<\/li><li>Balan\u00e7o Demonstrativo: mostrando eventuais problemas de Caixa e\/ou erros na sua declara\u00e7\u00e3o<\/li><li>Digita\u00e7\u00e3o dos dados no pr\u00f3prio programa do IR2026, sem a utiliza\u00e7\u00e3o do IRPF2026, com mais rapidez no cadastramento<\/li><li>Importa\u00e7\u00e3o de Dados do Programa da Receita de Anos Anteriores<\/li><li>Uso unificado dos dados em rede. Backup Unificado.<\/li><\/ul><h3><strong>Muito Mais<\/strong><\/h3><p>Atualiza\u00e7\u00f5es constantes, Newsletters e dicas.<\/p>\t\t\t\t\t\t\t\t<\/div>\n\t\t\t\t<\/div>\n\t\t\t\t\t<\/div>\n\t\t<\/div>\n\t\t\t\t\t<\/div>\n\t\t<\/section>\n\t\t\t\t<\/div>\n\t\t","protected":false},"excerpt":{"rendered":"<p>O Sistema de Imposto de Renda IR2026\u00a0\u00e9 pioneiro no mercado brasileiro para controle e c\u00e1lculo de declara\u00e7\u00f5es de Imposto de Renda. H\u00e1 mais de 30 anos cuidando das suas declara\u00e7\u00f5es de renda. Assim tamb\u00e9m o AAR2026 continua fazendo suas declara\u00e7\u00f5es de Anexo Rural e agora tamb\u00e9m contamos com SLC &#8211; Super Livro Caixa que permite que sejam adiantadas as declara\u00e7\u00f5es do IR do pr\u00f3ximo ano. Comprar IR2026Avaliar IR2026FAQ &#8211; Perguntas Frequentes\u00a0 Sistema de Imposto de Renda IR2026, por que usa-lo? Para quem n\u00e3o conhece o programa e pergunta porque usa-lo, a resposta \u00e9 simples, o IR2026 foi feito pensando no lado do contribuinte e n\u00e3o do fisco. Os softwares avisam quando falta de imposto \u00e0 pagar, sobre problemas de caixa, evitando-se que o usu\u00e1rio seja multado ou envie uma declara\u00e7\u00e3o incorreta para a Receita Federal. Veja algumas vantagens do nosso produto: Prisma do Contribuinte \u00c9 claro que um software sempre atende ao seu cliente. O IR2026 tem como cliente voc\u00ea e o Programa da Receita tem como cliente o Governo. N\u00e3o permite erros na declara\u00e7\u00e3o O software faz uma s\u00e9rie de verifica\u00e7\u00f5es em suas declara\u00e7\u00f5es para evitar que voc\u00ea ou seus clientes cometam erros na declara\u00e7\u00e3o. Suporte Especializado Pessoal especializado em inform\u00e1tica e em declara\u00e7\u00f5es de imposto de renda sempre \u00e0 sua disposi\u00e7\u00e3o. Via telefone, internet e e-mail. Destaques do Sistema Clareza: Melhor visualiza\u00e7\u00e3o dos dados da Declara\u00e7\u00e3o de Imposto de Renda Balan\u00e7o Demonstrativo: mostrando eventuais problemas de Caixa e\/ou erros na sua declara\u00e7\u00e3o Digita\u00e7\u00e3o dos dados no pr\u00f3prio programa do IR2026, sem a utiliza\u00e7\u00e3o do IRPF2026, com mais rapidez no cadastramento Importa\u00e7\u00e3o de Dados do Programa da Receita de Anos Anteriores Uso unificado dos dados em rede. Backup Unificado. Muito Mais Atualiza\u00e7\u00f5es constantes, Newsletters e dicas.<\/p>\n","protected":false},"author":1,"featured_media":11234,"parent":0,"menu_order":0,"comment_status":"open","ping_status":"open","template":"","meta":{"_eb_attr":"","_uag_custom_page_level_css":"","_exactmetrics_skip_tracking":false,"_exactmetrics_sitenote_active":false,"_exactmetrics_sitenote_note":"","_exactmetrics_sitenote_category":0,"_uf_show_specific_survey":0,"_uf_disable_surveys":false,"site-sidebar-layout":"default","site-content-layout":"","ast-site-content-layout":"","site-content-style":"default","site-sidebar-style":"default","ast-global-header-display":"","ast-banner-title-visibility":"","ast-main-header-display":"","ast-hfb-above-header-display":"","ast-hfb-below-header-display":"","ast-hfb-mobile-header-display":"","site-post-title":"","ast-breadcrumbs-content":"","ast-featured-img":"","footer-sml-layout":"","theme-transparent-header-meta":"","adv-header-id-meta":"","stick-header-meta":"","header-above-stick-meta":"","header-main-stick-meta":"","header-below-stick-meta":"","astra-migrate-meta-layouts":"default","ast-page-background-enabled":"default","ast-page-background-meta":{"desktop":{"background-color":"var(--ast-global-color-4)","background-image":"","background-repeat":"repeat","background-position":"center center","background-size":"auto","background-attachment":"scroll","background-type":"","background-media":"","overlay-type":"","overlay-color":"","overlay-opacity":"","overlay-gradient":""},"tablet":{"background-color":"","background-image":"","background-repeat":"repeat","background-position":"center center","background-size":"auto","background-attachment":"scroll","background-type":"","background-media":"","overlay-type":"","overlay-color":"","overlay-opacity":"","overlay-gradient":""},"mobile":{"background-color":"","background-image":"","background-repeat":"repeat","background-position":"center center","background-size":"auto","background-attachment":"scroll","background-type":"","background-media":"","overlay-type":"","overlay-color":"","overlay-opacity":"","overlay-gradient":""}},"ast-content-background-meta":{"desktop":{"background-color":"var(--ast-global-color-5)","background-image":"","background-repeat":"repeat","background-position":"center center","background-size":"auto","background-attachment":"scroll","background-type":"","background-media":"","overlay-type":"","overlay-color":"","overlay-opacity":"","overlay-gradient":""},"tablet":{"background-color":"var(--ast-global-color-5)","background-image":"","background-repeat":"repeat","background-position":"center center","background-size":"auto","background-attachment":"scroll","background-type":"","background-media":"","overlay-type":"","overlay-color":"","overlay-opacity":"","overlay-gradient":""},"mobile":{"background-color":"var(--ast-global-color-5)","background-image":"","background-repeat":"repeat","background-position":"center center","background-size":"auto","background-attachment":"scroll","background-type":"","background-media":"","overlay-type":"","overlay-color":"","overlay-opacity":"","overlay-gradient":""}},"_joinchat":[],"footnotes":""},"class_list":["post-46","page","type-page","status-publish","has-post-thumbnail","hentry"],"aioseo_notices":[],"yoast_head":"\n<title>Sistema de Imposto de Renda - IR2026 -<\/title>\n<meta name=\"description\" content=\"IR2025 e AAR2025 - Sistema de Imposto de Renda Pessoa F\u00edsica pioneiro no mercado brasileiro que controla, calcula e verifica Declara\u00e7\u00f5es de IRPF em rede.\" \/>\n<meta name=\"robots\" content=\"index, follow, max-snippet:-1, max-image-preview:large, max-video-preview:-1\" \/>\n<link rel=\"canonical\" href=\"https:\/\/www.santosaraujo.com.br\/santos\/sistema-de-imposto-de-renda\/\" \/>\n<meta property=\"og:locale\" content=\"pt_BR\" \/>\n<meta property=\"og:type\" content=\"article\" \/>\n<meta property=\"og:title\" content=\"Sistema de Imposto de Renda - IR2026 -\" \/>\n<meta property=\"og:description\" content=\"IR2025 e AAR2025 - Sistema de Imposto de Renda Pessoa F\u00edsica pioneiro no mercado brasileiro que controla, calcula e verifica Declara\u00e7\u00f5es de IRPF em rede.\" \/>\n<meta property=\"og:url\" content=\"https:\/\/www.santosaraujo.com.br\/santos\/sistema-de-imposto-de-renda\/\" \/>\n<meta property=\"article:publisher\" content=\"https:\/\/facebook.com\/santosaraujoinfo\" \/>\n<meta property=\"article:modified_time\" content=\"2026-01-27T13:30:27+00:00\" \/>\n<meta property=\"og:image\" content=\"https:\/\/www.santosaraujo.com.br\/santos\/wp-content\/uploads\/2023\/09\/IR2024.png\" \/>\n\t<meta property=\"og:image:width\" content=\"622\" \/>\n\t<meta property=\"og:image:height\" content=\"419\" \/>\n\t<meta property=\"og:image:type\" content=\"image\/png\" \/>\n<meta name=\"twitter:card\" content=\"summary_large_image\" \/>\n<meta name=\"twitter:site\" content=\"@SantosAraujoInf\" \/>\n<meta name=\"twitter:label1\" content=\"Est. tempo de leitura\" \/>\n\t<meta name=\"twitter:data1\" content=\"3 minutos\" \/>\n<script type=\"application\/ld+json\" class=\"yoast-schema-graph\">{\"@context\":\"https:\/\/schema.org\",\"@graph\":[{\"@type\":\"WebPage\",\"@id\":\"https:\/\/www.santosaraujo.com.br\/santos\/sistema-de-imposto-de-renda\/\",\"url\":\"https:\/\/www.santosaraujo.com.br\/santos\/sistema-de-imposto-de-renda\/\",\"name\":\"Sistema de Imposto de Renda - IR2026 -\",\"isPartOf\":{\"@id\":\"https:\/\/www.santosaraujo.com.br\/santos\/#website\"},\"primaryImageOfPage\":{\"@id\":\"https:\/\/www.santosaraujo.com.br\/santos\/sistema-de-imposto-de-renda\/#primaryimage\"},\"image\":{\"@id\":\"https:\/\/www.santosaraujo.com.br\/santos\/sistema-de-imposto-de-renda\/#primaryimage\"},\"thumbnailUrl\":\"https:\/\/i0.wp.com\/www.santosaraujo.com.br\/santos\/wp-content\/uploads\/2023\/09\/IR2024.png?fit=622%2C419&ssl=1\",\"datePublished\":\"2023-09-04T08:00:00+00:00\",\"dateModified\":\"2026-01-27T13:30:27+00:00\",\"description\":\"IR2025 e AAR2025 - Sistema de Imposto de Renda Pessoa F\u00edsica pioneiro no mercado brasileiro que controla, calcula e verifica Declara\u00e7\u00f5es de IRPF em rede.\",\"breadcrumb\":{\"@id\":\"https:\/\/www.santosaraujo.com.br\/santos\/sistema-de-imposto-de-renda\/#breadcrumb\"},\"inLanguage\":\"pt-BR\",\"potentialAction\":[{\"@type\":\"ReadAction\",\"target\":[\"https:\/\/www.santosaraujo.com.br\/santos\/sistema-de-imposto-de-renda\/\"]}]},{\"@type\":\"ImageObject\",\"inLanguage\":\"pt-BR\",\"@id\":\"https:\/\/www.santosaraujo.com.br\/santos\/sistema-de-imposto-de-renda\/#primaryimage\",\"url\":\"https:\/\/i0.wp.com\/www.santosaraujo.com.br\/santos\/wp-content\/uploads\/2023\/09\/IR2024.png?fit=622%2C419&ssl=1\",\"contentUrl\":\"https:\/\/i0.wp.com\/www.santosaraujo.com.br\/santos\/wp-content\/uploads\/2023\/09\/IR2024.png?fit=622%2C419&ssl=1\",\"width\":622,\"height\":419},{\"@type\":\"BreadcrumbList\",\"@id\":\"https:\/\/www.santosaraujo.com.br\/santos\/sistema-de-imposto-de-renda\/#breadcrumb\",\"itemListElement\":[{\"@type\":\"ListItem\",\"position\":1,\"name\":\"In\u00edcio\",\"item\":\"https:\/\/www.santosaraujo.com.br\/santos\/\"},{\"@type\":\"ListItem\",\"position\":2,\"name\":\"Sistema de Imposto de Renda &#8211; IR2026\"}]},{\"@type\":\"WebSite\",\"@id\":\"https:\/\/www.santosaraujo.com.br\/santos\/#website\",\"url\":\"https:\/\/www.santosaraujo.com.br\/santos\/\",\"name\":\"\",\"description\":\"Santos Araujo Inform\u00e1tica \u00e9 especializada em Softwares de Cobran\u00e7a, Jur\u00eddicos, IR (Imposto de Renda) , Politicos, Condom\u00ednios.\",\"publisher\":{\"@id\":\"https:\/\/www.santosaraujo.com.br\/santos\/#organization\"},\"potentialAction\":[{\"@type\":\"SearchAction\",\"target\":{\"@type\":\"EntryPoint\",\"urlTemplate\":\"https:\/\/www.santosaraujo.com.br\/santos\/?s={search_term_string}\"},\"query-input\":{\"@type\":\"PropertyValueSpecification\",\"valueRequired\":true,\"valueName\":\"search_term_string\"}}],\"inLanguage\":\"pt-BR\"},{\"@type\":\"Organization\",\"@id\":\"https:\/\/www.santosaraujo.com.br\/santos\/#organization\",\"name\":\"Santos Araujo Inform\u00e1tica\",\"url\":\"https:\/\/www.santosaraujo.com.br\/santos\/\",\"logo\":{\"@type\":\"ImageObject\",\"inLanguage\":\"pt-BR\",\"@id\":\"https:\/\/www.santosaraujo.com.br\/santos\/#\/schema\/logo\/image\/\",\"url\":\"https:\/\/i0.wp.com\/www.santosaraujo.com.br\/santos\/wp-content\/uploads\/2024\/12\/cropped-Prancheta-2.png?fit=1943%2C615&ssl=1\",\"contentUrl\":\"https:\/\/i0.wp.com\/www.santosaraujo.com.br\/santos\/wp-content\/uploads\/2024\/12\/cropped-Prancheta-2.png?fit=1943%2C615&ssl=1\",\"width\":1943,\"height\":615,\"caption\":\"Santos Araujo Inform\u00e1tica\"},\"image\":{\"@id\":\"https:\/\/www.santosaraujo.com.br\/santos\/#\/schema\/logo\/image\/\"},\"sameAs\":[\"https:\/\/facebook.com\/santosaraujoinfo\",\"https:\/\/x.com\/SantosAraujoInf\",\"https:\/\/www.instagram.com\/santosaraujoinfo\/\",\"https:\/\/www.pinterest.com\/santosaraujoinformtica\/\"]}]}<\/script>\n","yoast_head_json":{"title":"Sistema de Imposto de Renda - IR2026 -","description":"IR2025 e AAR2025 - Sistema de Imposto de Renda Pessoa F\u00edsica pioneiro no mercado brasileiro que controla, calcula e verifica Declara\u00e7\u00f5es de IRPF em rede.","robots":{"index":"index","follow":"follow","max-snippet":"max-snippet:-1","max-image-preview":"max-image-preview:large","max-video-preview":"max-video-preview:-1"},"canonical":"https:\/\/www.santosaraujo.com.br\/santos\/sistema-de-imposto-de-renda\/","og_locale":"pt_BR","og_type":"article","og_title":"Sistema de Imposto de Renda - IR2026 -","og_description":"IR2025 e AAR2025 - Sistema de Imposto de Renda Pessoa F\u00edsica pioneiro no mercado brasileiro que controla, calcula e verifica Declara\u00e7\u00f5es de IRPF em rede.","og_url":"https:\/\/www.santosaraujo.com.br\/santos\/sistema-de-imposto-de-renda\/","article_publisher":"https:\/\/facebook.com\/santosaraujoinfo","article_modified_time":"2026-01-27T13:30:27+00:00","og_image":[{"width":622,"height":419,"url":"https:\/\/www.santosaraujo.com.br\/santos\/wp-content\/uploads\/2023\/09\/IR2024.png","type":"image\/png"}],"twitter_card":"summary_large_image","twitter_site":"@SantosAraujoInf","twitter_misc":{"Est. tempo de leitura":"3 minutos"},"schema":{"@context":"https:\/\/schema.org","@graph":[{"@type":"WebPage","@id":"https:\/\/www.santosaraujo.com.br\/santos\/sistema-de-imposto-de-renda\/","url":"https:\/\/www.santosaraujo.com.br\/santos\/sistema-de-imposto-de-renda\/","name":"Sistema de Imposto de Renda - IR2026 -","isPartOf":{"@id":"https:\/\/www.santosaraujo.com.br\/santos\/#website"},"primaryImageOfPage":{"@id":"https:\/\/www.santosaraujo.com.br\/santos\/sistema-de-imposto-de-renda\/#primaryimage"},"image":{"@id":"https:\/\/www.santosaraujo.com.br\/santos\/sistema-de-imposto-de-renda\/#primaryimage"},"thumbnailUrl":"https:\/\/i0.wp.com\/www.santosaraujo.com.br\/santos\/wp-content\/uploads\/2023\/09\/IR2024.png?fit=622%2C419&ssl=1","datePublished":"2023-09-04T08:00:00+00:00","dateModified":"2026-01-27T13:30:27+00:00","description":"IR2025 e AAR2025 - Sistema de Imposto de Renda Pessoa F\u00edsica pioneiro no mercado brasileiro que controla, calcula e verifica Declara\u00e7\u00f5es de IRPF em rede.","breadcrumb":{"@id":"https:\/\/www.santosaraujo.com.br\/santos\/sistema-de-imposto-de-renda\/#breadcrumb"},"inLanguage":"pt-BR","potentialAction":[{"@type":"ReadAction","target":["https:\/\/www.santosaraujo.com.br\/santos\/sistema-de-imposto-de-renda\/"]}]},{"@type":"ImageObject","inLanguage":"pt-BR","@id":"https:\/\/www.santosaraujo.com.br\/santos\/sistema-de-imposto-de-renda\/#primaryimage","url":"https:\/\/i0.wp.com\/www.santosaraujo.com.br\/santos\/wp-content\/uploads\/2023\/09\/IR2024.png?fit=622%2C419&ssl=1","contentUrl":"https:\/\/i0.wp.com\/www.santosaraujo.com.br\/santos\/wp-content\/uploads\/2023\/09\/IR2024.png?fit=622%2C419&ssl=1","width":622,"height":419},{"@type":"BreadcrumbList","@id":"https:\/\/www.santosaraujo.com.br\/santos\/sistema-de-imposto-de-renda\/#breadcrumb","itemListElement":[{"@type":"ListItem","position":1,"name":"In\u00edcio","item":"https:\/\/www.santosaraujo.com.br\/santos\/"},{"@type":"ListItem","position":2,"name":"Sistema de Imposto de Renda &#8211; IR2026"}]},{"@type":"WebSite","@id":"https:\/\/www.santosaraujo.com.br\/santos\/#website","url":"https:\/\/www.santosaraujo.com.br\/santos\/","name":"","description":"Santos Araujo Inform\u00e1tica \u00e9 especializada em Softwares de Cobran\u00e7a, Jur\u00eddicos, IR (Imposto de Renda) , Politicos, Condom\u00ednios.","publisher":{"@id":"https:\/\/www.santosaraujo.com.br\/santos\/#organization"},"potentialAction":[{"@type":"SearchAction","target":{"@type":"EntryPoint","urlTemplate":"https:\/\/www.santosaraujo.com.br\/santos\/?s={search_term_string}"},"query-input":{"@type":"PropertyValueSpecification","valueRequired":true,"valueName":"search_term_string"}}],"inLanguage":"pt-BR"},{"@type":"Organization","@id":"https:\/\/www.santosaraujo.com.br\/santos\/#organization","name":"Santos Araujo Inform\u00e1tica","url":"https:\/\/www.santosaraujo.com.br\/santos\/","logo":{"@type":"ImageObject","inLanguage":"pt-BR","@id":"https:\/\/www.santosaraujo.com.br\/santos\/#\/schema\/logo\/image\/","url":"https:\/\/i0.wp.com\/www.santosaraujo.com.br\/santos\/wp-content\/uploads\/2024\/12\/cropped-Prancheta-2.png?fit=1943%2C615&ssl=1","contentUrl":"https:\/\/i0.wp.com\/www.santosaraujo.com.br\/santos\/wp-content\/uploads\/2024\/12\/cropped-Prancheta-2.png?fit=1943%2C615&ssl=1","width":1943,"height":615,"caption":"Santos Araujo Inform\u00e1tica"},"image":{"@id":"https:\/\/www.santosaraujo.com.br\/santos\/#\/schema\/logo\/image\/"},"sameAs":["https:\/\/facebook.com\/santosaraujoinfo","https:\/\/x.com\/SantosAraujoInf","https:\/\/www.instagram.com\/santosaraujoinfo\/","https:\/\/www.pinterest.com\/santosaraujoinformtica\/"]}]}},"uagb_featured_image_src":{"full":["https:\/\/i0.wp.com\/www.santosaraujo.com.br\/santos\/wp-content\/uploads\/2023\/09\/IR2024.png?fit=622%2C419&ssl=1",622,419,false],"thumbnail":["https:\/\/i0.wp.com\/www.santosaraujo.com.br\/santos\/wp-content\/uploads\/2023\/09\/IR2024.png?resize=150%2C150&ssl=1",150,150,true],"medium":["https:\/\/i0.wp.com\/www.santosaraujo.com.br\/santos\/wp-content\/uploads\/2023\/09\/IR2024.png?fit=300%2C202&ssl=1",300,202,true],"medium_large":["https:\/\/i0.wp.com\/www.santosaraujo.com.br\/santos\/wp-content\/uploads\/2023\/09\/IR2024.png?fit=622%2C419&ssl=1",622,419,true],"large":["https:\/\/i0.wp.com\/www.santosaraujo.com.br\/santos\/wp-content\/uploads\/2023\/09\/IR2024.png?fit=622%2C419&ssl=1",622,419,true],"1536x1536":["https:\/\/i0.wp.com\/www.santosaraujo.com.br\/santos\/wp-content\/uploads\/2023\/09\/IR2024.png?fit=622%2C419&ssl=1",622,419,true],"2048x2048":["https:\/\/i0.wp.com\/www.santosaraujo.com.br\/santos\/wp-content\/uploads\/2023\/09\/IR2024.png?fit=622%2C419&ssl=1",622,419,true],"featured-slide":["https:\/\/i0.wp.com\/www.santosaraujo.com.br\/santos\/wp-content\/uploads\/2023\/09\/IR2024.png?resize=622%2C200&ssl=1",622,200,true],"featured-slide-thumb":["https:\/\/i0.wp.com\/www.santosaraujo.com.br\/santos\/wp-content\/uploads\/2023\/09\/IR2024.png?fit=250%2C168&ssl=1",250,168,true]},"uagb_author_info":{"display_name":"Oswaldo Santos Araujo","author_link":"https:\/\/www.santosaraujo.com.br\/santos\/author\/sainfo\/"},"uagb_comment_info":0,"uagb_excerpt":"O Sistema de Imposto de Renda IR2026\u00a0\u00e9 pioneiro no mercado brasileiro para controle e c\u00e1lculo de declara\u00e7\u00f5es de Imposto de Renda. H\u00e1 mais de 30 anos cuidando das suas declara\u00e7\u00f5es de renda. Assim tamb\u00e9m o AAR2026 continua fazendo suas declara\u00e7\u00f5es de Anexo Rural e agora tamb\u00e9m contamos com SLC &#8211; Super Livro Caixa que permite&hellip;","jetpack_sharing_enabled":true,"_links":{"self":[{"href":"https:\/\/www.santosaraujo.com.br\/santos\/wp-json\/wp\/v2\/pages\/46","targetHints":{"allow":["GET"]}}],"collection":[{"href":"https:\/\/www.santosaraujo.com.br\/santos\/wp-json\/wp\/v2\/pages"}],"about":[{"href":"https:\/\/www.santosaraujo.com.br\/santos\/wp-json\/wp\/v2\/types\/page"}],"author":[{"embeddable":true,"href":"https:\/\/www.santosaraujo.com.br\/santos\/wp-json\/wp\/v2\/users\/1"}],"replies":[{"embeddable":true,"href":"https:\/\/www.santosaraujo.com.br\/santos\/wp-json\/wp\/v2\/comments?post=46"}],"version-history":[{"count":3,"href":"https:\/\/www.santosaraujo.com.br\/santos\/wp-json\/wp\/v2\/pages\/46\/revisions"}],"predecessor-version":[{"id":17667,"href":"https:\/\/www.santosaraujo.com.br\/santos\/wp-json\/wp\/v2\/pages\/46\/revisions\/17667"}],"wp:featuredmedia":[{"embeddable":true,"href":"https:\/\/www.santosaraujo.com.br\/santos\/wp-json\/wp\/v2\/media\/11234"}],"wp:attachment":[{"href":"https:\/\/www.santosaraujo.com.br\/santos\/wp-json\/wp\/v2\/media?parent=46"}],"curies":[{"name":"wp","href":"https:\/\/api.w.org\/{rel}","templated":true}]}}