{"id":507,"date":"2023-08-03T11:01:58","date_gmt":"2023-08-03T11:01:58","guid":{"rendered":"http:\/\/santosaraujoinformatica.com.br\/santos\/suporte-copy\/"},"modified":"2023-08-03T11:02:19","modified_gmt":"2023-08-03T11:02:19","slug":"contato","status":"publish","type":"page","link":"https:\/\/www.santosaraujo.com.br\/santos\/contato\/","title":{"rendered":"Contato com a Santos Araujo Inform\u00e1tica"},"content":{"rendered":"<h3><strong>Para entrar em contato com a Santos Araujo Inform\u00e1tica use os meios abaixo:<\/strong><\/h3>\n<p style=\"text-align: left;\"><span style=\"font-size: 14pt;\">(11) 2996-1101 (NET\/CLARO)<br \/>\n(11) 3090-6790 (PABX Digital)<br \/>\n<a href=\"https:\/\/wa.me\/5511980468085?text=Ol\u00e1!%20:)%20Em%20que%20podemos%20te%20ajudar?\">(11) 98046-8085\u00a0 (Vivo &#8211; WhatsApp)<br \/>\nClique aqui para contato direto\u00a0 via WhatsApp\u00a0<\/a><\/span><\/p>\n<p><a href=\"mailto:info@santosaraujo.com.br\"><span style=\"font-size: 14pt;\">info@santosaraujo.com.br<\/span><\/a><\/p>\n<hr \/>\n<h3><strong>Ou preencha o fomul\u00e1rio \u00e0 seguir:<\/strong><\/h3>\n\n<div class=\"wpcf7 no-js\" id=\"wpcf7-f513-o1\" lang=\"en-US\" dir=\"ltr\" data-wpcf7-id=\"513\">\n<div class=\"screen-reader-response\"><p role=\"status\" aria-live=\"polite\" aria-atomic=\"true\"><\/p> <ul><\/ul><\/div>\n<form action=\"\/santos\/wp-json\/wp\/v2\/pages\/507#wpcf7-f513-o1\" method=\"post\" class=\"wpcf7-form init\" aria-label=\"Contact form\" novalidate=\"novalidate\" data-status=\"init\">\n<fieldset class=\"hidden-fields-container\"><input type=\"hidden\" name=\"_wpcf7\" value=\"513\" \/><input type=\"hidden\" name=\"_wpcf7_version\" value=\"6.1.4\" \/><input type=\"hidden\" name=\"_wpcf7_locale\" value=\"en_US\" \/><input type=\"hidden\" name=\"_wpcf7_unit_tag\" value=\"wpcf7-f513-o1\" \/><input type=\"hidden\" name=\"_wpcf7_container_post\" value=\"0\" \/><input type=\"hidden\" name=\"_wpcf7_posted_data_hash\" value=\"\" \/><input type=\"hidden\" name=\"_wpcf7_recaptcha_response\" value=\"\" \/>\n<\/fieldset>\n<p><label> Nome *<br \/>\n<span class=\"wpcf7-form-control-wrap\" data-name=\"your-name\"><input size=\"40\" maxlength=\"400\" class=\"wpcf7-form-control wpcf7-text wpcf7-validates-as-required\" aria-required=\"true\" aria-invalid=\"false\" placeholder=\"Coloque o seu Nome aqui\" value=\"\" type=\"text\" name=\"your-name\" \/><\/span> <\/label>\n<\/p>\n<p><label> email *<br \/>\n<span class=\"wpcf7-form-control-wrap\" data-name=\"your-email\"><input size=\"40\" maxlength=\"400\" class=\"wpcf7-form-control wpcf7-email wpcf7-validates-as-required wpcf7-text wpcf7-validates-as-email\" aria-required=\"true\" aria-invalid=\"false\" placeholder=\"Coloque o seu E-Mail aqui\" value=\"\" type=\"email\" name=\"your-email\" \/><\/span> <\/label>\n<\/p>\n<p><label> Telefone Fixo ou Celular\/WhatsApp<br \/>\n<span class=\"wpcf7-form-control-wrap\" data-name=\"Telefone\"><input size=\"40\" maxlength=\"400\" class=\"wpcf7-form-control wpcf7-tel wpcf7-text wpcf7-validates-as-tel\" aria-invalid=\"false\" placeholder=\"Coloque o seu Telefone Fixo aqui ou Celular\/WhatsApp\" value=\"\" type=\"tel\" name=\"Telefone\" \/><\/span><br \/>\n<\/label>\n<\/p>\n<p><label> Mensagem<br \/>\n<span class=\"wpcf7-form-control-wrap\" data-name=\"Message\"><textarea cols=\"40\" rows=\"10\" maxlength=\"2000\" class=\"wpcf7-form-control wpcf7-textarea\" aria-invalid=\"false\" placeholder=\"Coloque sua mensagem aqui\" name=\"Message\"><\/textarea><\/span><br \/>\n<\/label>\n<\/p>\n<p>* Preenchimento obrigat\u00f3rio\n<\/p>\n<p><input class=\"wpcf7-form-control wpcf7-submit has-spinner\" type=\"submit\" value=\"Enviar\" \/><input class=\"wpcf7-form-control wpcf7-back wpcf7c-elm-step2 wpcf7c-btn-back wpcf7c-force-hide\" type=\"button\" value=\"Voltar\" \/>\n<\/p><div class=\"wpcf7-response-output\" aria-hidden=\"true\"><\/div>\n<\/form>\n<\/div>\n\n","protected":false},"excerpt":{"rendered":"<p>Para entrar em contato com a Santos Araujo Inform\u00e1tica use os meios abaixo: (11) 2996-1101 (NET\/CLARO) (11) 3090-6790 (PABX Digital) (11) 98046-8085\u00a0 (Vivo &#8211; WhatsApp) Clique aqui para contato direto\u00a0 via WhatsApp\u00a0 info@santosaraujo.com.br Ou preencha o fomul\u00e1rio \u00e0 seguir:<\/p>\n","protected":false},"author":1,"featured_media":0,"parent":0,"menu_order":0,"comment_status":"open","ping_status":"open","template":"","meta":{"_eb_attr":"","_uag_custom_page_level_css":"","_exactmetrics_skip_tracking":false,"_exactmetrics_sitenote_active":false,"_exactmetrics_sitenote_note":"","_exactmetrics_sitenote_category":0,"_uf_show_specific_survey":0,"_uf_disable_surveys":false,"site-sidebar-layout":"default","site-content-layout":"","ast-site-content-layout":"default","site-content-style":"default","site-sidebar-style":"default","ast-global-header-display":"","ast-banner-title-visibility":"","ast-main-header-display":"","ast-hfb-above-header-display":"","ast-hfb-below-header-display":"","ast-hfb-mobile-header-display":"","site-post-title":"","ast-breadcrumbs-content":"","ast-featured-img":"","footer-sml-layout":"","theme-transparent-header-meta":"","adv-header-id-meta":"","stick-header-meta":"","header-above-stick-meta":"","header-main-stick-meta":"","header-below-stick-meta":"","astra-migrate-meta-layouts":"default","ast-page-background-enabled":"default","ast-page-background-meta":{"desktop":{"background-color":"var(--ast-global-color-4)","background-image":"","background-repeat":"repeat","background-position":"center center","background-size":"auto","background-attachment":"scroll","background-type":"","background-media":"","overlay-type":"","overlay-color":"","overlay-opacity":"","overlay-gradient":""},"tablet":{"background-color":"","background-image":"","background-repeat":"repeat","background-position":"center center","background-size":"auto","background-attachment":"scroll","background-type":"","background-media":"","overlay-type":"","overlay-color":"","overlay-opacity":"","overlay-gradient":""},"mobile":{"background-color":"","background-image":"","background-repeat":"repeat","background-position":"center center","background-size":"auto","background-attachment":"scroll","background-type":"","background-media":"","overlay-type":"","overlay-color":"","overlay-opacity":"","overlay-gradient":""}},"ast-content-background-meta":{"desktop":{"background-color":"var(--ast-global-color-5)","background-image":"","background-repeat":"repeat","background-position":"center center","background-size":"auto","background-attachment":"scroll","background-type":"","background-media":"","overlay-type":"","overlay-color":"","overlay-opacity":"","overlay-gradient":""},"tablet":{"background-color":"var(--ast-global-color-5)","background-image":"","background-repeat":"repeat","background-position":"center center","background-size":"auto","background-attachment":"scroll","background-type":"","background-media":"","overlay-type":"","overlay-color":"","overlay-opacity":"","overlay-gradient":""},"mobile":{"background-color":"var(--ast-global-color-5)","background-image":"","background-repeat":"repeat","background-position":"center center","background-size":"auto","background-attachment":"scroll","background-type":"","background-media":"","overlay-type":"","overlay-color":"","overlay-opacity":"","overlay-gradient":""}},"_joinchat":[],"footnotes":""},"class_list":["post-507","page","type-page","status-publish","hentry"],"aioseo_notices":[],"yoast_head":"\n<title>Contato com a Santos Araujo Inform\u00e1tica -<\/title>\n<meta name=\"description\" content=\"Para entrar em contato com a Santos Araujo Inform\u00e1tica :PABX (11) 3090-6790 Cel: (11) 98046-8085 WhatsApp (TIM) info@santosaraujo.com.br\" \/>\n<meta name=\"robots\" content=\"index, follow, max-snippet:-1, max-image-preview:large, max-video-preview:-1\" \/>\n<link rel=\"canonical\" href=\"https:\/\/www.santosaraujo.com.br\/santos\/contato\/\" \/>\n<meta property=\"og:locale\" content=\"pt_BR\" \/>\n<meta property=\"og:type\" content=\"article\" \/>\n<meta property=\"og:title\" content=\"Contato com a Santos Araujo Inform\u00e1tica -\" \/>\n<meta property=\"og:description\" content=\"Para entrar em contato com a Santos Araujo Inform\u00e1tica :PABX (11) 3090-6790 Cel: (11) 98046-8085 WhatsApp (TIM) info@santosaraujo.com.br\" \/>\n<meta property=\"og:url\" content=\"https:\/\/www.santosaraujo.com.br\/santos\/contato\/\" \/>\n<meta property=\"article:publisher\" content=\"https:\/\/facebook.com\/santosaraujoinfo\" \/>\n<meta property=\"article:modified_time\" content=\"2023-08-03T11:02:19+00:00\" \/>\n<meta name=\"twitter:card\" content=\"summary_large_image\" \/>\n<meta name=\"twitter:site\" content=\"@SantosAraujoInf\" \/>\n<meta name=\"twitter:label1\" content=\"Est. tempo de leitura\" \/>\n\t<meta name=\"twitter:data1\" content=\"1 minuto\" \/>\n<script type=\"application\/ld+json\" class=\"yoast-schema-graph\">{\"@context\":\"https:\/\/schema.org\",\"@graph\":[{\"@type\":\"WebPage\",\"@id\":\"https:\/\/www.santosaraujo.com.br\/santos\/contato\/\",\"url\":\"https:\/\/www.santosaraujo.com.br\/santos\/contato\/\",\"name\":\"Contato com a Santos Araujo Inform\u00e1tica -\",\"isPartOf\":{\"@id\":\"https:\/\/www.santosaraujo.com.br\/santos\/#website\"},\"datePublished\":\"2023-08-03T11:01:58+00:00\",\"dateModified\":\"2023-08-03T11:02:19+00:00\",\"description\":\"Para entrar em contato com a Santos Araujo Inform\u00e1tica :PABX (11) 3090-6790 Cel: (11) 98046-8085 WhatsApp (TIM) info@santosaraujo.com.br\",\"breadcrumb\":{\"@id\":\"https:\/\/www.santosaraujo.com.br\/santos\/contato\/#breadcrumb\"},\"inLanguage\":\"pt-BR\",\"potentialAction\":[{\"@type\":\"ReadAction\",\"target\":[\"https:\/\/www.santosaraujo.com.br\/santos\/contato\/\"]}]},{\"@type\":\"BreadcrumbList\",\"@id\":\"https:\/\/www.santosaraujo.com.br\/santos\/contato\/#breadcrumb\",\"itemListElement\":[{\"@type\":\"ListItem\",\"position\":1,\"name\":\"In\u00edcio\",\"item\":\"https:\/\/www.santosaraujo.com.br\/santos\/\"},{\"@type\":\"ListItem\",\"position\":2,\"name\":\"Contato com a Santos Araujo Inform\u00e1tica\"}]},{\"@type\":\"WebSite\",\"@id\":\"https:\/\/www.santosaraujo.com.br\/santos\/#website\",\"url\":\"https:\/\/www.santosaraujo.com.br\/santos\/\",\"name\":\"\",\"description\":\"Santos Araujo Inform\u00e1tica \u00e9 especializada em Softwares de Cobran\u00e7a, Jur\u00eddicos, IR (Imposto de Renda) , Politicos, Condom\u00ednios.\",\"publisher\":{\"@id\":\"https:\/\/www.santosaraujo.com.br\/santos\/#organization\"},\"potentialAction\":[{\"@type\":\"SearchAction\",\"target\":{\"@type\":\"EntryPoint\",\"urlTemplate\":\"https:\/\/www.santosaraujo.com.br\/santos\/?s={search_term_string}\"},\"query-input\":{\"@type\":\"PropertyValueSpecification\",\"valueRequired\":true,\"valueName\":\"search_term_string\"}}],\"inLanguage\":\"pt-BR\"},{\"@type\":\"Organization\",\"@id\":\"https:\/\/www.santosaraujo.com.br\/santos\/#organization\",\"name\":\"Santos Araujo Inform\u00e1tica\",\"url\":\"https:\/\/www.santosaraujo.com.br\/santos\/\",\"logo\":{\"@type\":\"ImageObject\",\"inLanguage\":\"pt-BR\",\"@id\":\"https:\/\/www.santosaraujo.com.br\/santos\/#\/schema\/logo\/image\/\",\"url\":\"https:\/\/i0.wp.com\/www.santosaraujo.com.br\/santos\/wp-content\/uploads\/2024\/12\/cropped-Prancheta-2.png?fit=1943%2C615&ssl=1\",\"contentUrl\":\"https:\/\/i0.wp.com\/www.santosaraujo.com.br\/santos\/wp-content\/uploads\/2024\/12\/cropped-Prancheta-2.png?fit=1943%2C615&ssl=1\",\"width\":1943,\"height\":615,\"caption\":\"Santos Araujo Inform\u00e1tica\"},\"image\":{\"@id\":\"https:\/\/www.santosaraujo.com.br\/santos\/#\/schema\/logo\/image\/\"},\"sameAs\":[\"https:\/\/facebook.com\/santosaraujoinfo\",\"https:\/\/x.com\/SantosAraujoInf\",\"https:\/\/www.instagram.com\/santosaraujoinfo\/\",\"https:\/\/www.pinterest.com\/santosaraujoinformtica\/\"]}]}<\/script>\n","yoast_head_json":{"title":"Contato com a Santos Araujo Inform\u00e1tica -","description":"Para entrar em contato com a Santos Araujo Inform\u00e1tica :PABX (11) 3090-6790 Cel: (11) 98046-8085 WhatsApp (TIM) info@santosaraujo.com.br","robots":{"index":"index","follow":"follow","max-snippet":"max-snippet:-1","max-image-preview":"max-image-preview:large","max-video-preview":"max-video-preview:-1"},"canonical":"https:\/\/www.santosaraujo.com.br\/santos\/contato\/","og_locale":"pt_BR","og_type":"article","og_title":"Contato com a Santos Araujo Inform\u00e1tica -","og_description":"Para entrar em contato com a Santos Araujo Inform\u00e1tica :PABX (11) 3090-6790 Cel: (11) 98046-8085 WhatsApp (TIM) info@santosaraujo.com.br","og_url":"https:\/\/www.santosaraujo.com.br\/santos\/contato\/","article_publisher":"https:\/\/facebook.com\/santosaraujoinfo","article_modified_time":"2023-08-03T11:02:19+00:00","twitter_card":"summary_large_image","twitter_site":"@SantosAraujoInf","twitter_misc":{"Est. tempo de leitura":"1 minuto"},"schema":{"@context":"https:\/\/schema.org","@graph":[{"@type":"WebPage","@id":"https:\/\/www.santosaraujo.com.br\/santos\/contato\/","url":"https:\/\/www.santosaraujo.com.br\/santos\/contato\/","name":"Contato com a Santos Araujo Inform\u00e1tica -","isPartOf":{"@id":"https:\/\/www.santosaraujo.com.br\/santos\/#website"},"datePublished":"2023-08-03T11:01:58+00:00","dateModified":"2023-08-03T11:02:19+00:00","description":"Para entrar em contato com a Santos Araujo Inform\u00e1tica :PABX (11) 3090-6790 Cel: (11) 98046-8085 WhatsApp (TIM) info@santosaraujo.com.br","breadcrumb":{"@id":"https:\/\/www.santosaraujo.com.br\/santos\/contato\/#breadcrumb"},"inLanguage":"pt-BR","potentialAction":[{"@type":"ReadAction","target":["https:\/\/www.santosaraujo.com.br\/santos\/contato\/"]}]},{"@type":"BreadcrumbList","@id":"https:\/\/www.santosaraujo.com.br\/santos\/contato\/#breadcrumb","itemListElement":[{"@type":"ListItem","position":1,"name":"In\u00edcio","item":"https:\/\/www.santosaraujo.com.br\/santos\/"},{"@type":"ListItem","position":2,"name":"Contato com a Santos Araujo Inform\u00e1tica"}]},{"@type":"WebSite","@id":"https:\/\/www.santosaraujo.com.br\/santos\/#website","url":"https:\/\/www.santosaraujo.com.br\/santos\/","name":"","description":"Santos Araujo Inform\u00e1tica \u00e9 especializada em Softwares de Cobran\u00e7a, Jur\u00eddicos, IR (Imposto de Renda) , Politicos, Condom\u00ednios.","publisher":{"@id":"https:\/\/www.santosaraujo.com.br\/santos\/#organization"},"potentialAction":[{"@type":"SearchAction","target":{"@type":"EntryPoint","urlTemplate":"https:\/\/www.santosaraujo.com.br\/santos\/?s={search_term_string}"},"query-input":{"@type":"PropertyValueSpecification","valueRequired":true,"valueName":"search_term_string"}}],"inLanguage":"pt-BR"},{"@type":"Organization","@id":"https:\/\/www.santosaraujo.com.br\/santos\/#organization","name":"Santos Araujo Inform\u00e1tica","url":"https:\/\/www.santosaraujo.com.br\/santos\/","logo":{"@type":"ImageObject","inLanguage":"pt-BR","@id":"https:\/\/www.santosaraujo.com.br\/santos\/#\/schema\/logo\/image\/","url":"https:\/\/i0.wp.com\/www.santosaraujo.com.br\/santos\/wp-content\/uploads\/2024\/12\/cropped-Prancheta-2.png?fit=1943%2C615&ssl=1","contentUrl":"https:\/\/i0.wp.com\/www.santosaraujo.com.br\/santos\/wp-content\/uploads\/2024\/12\/cropped-Prancheta-2.png?fit=1943%2C615&ssl=1","width":1943,"height":615,"caption":"Santos Araujo Inform\u00e1tica"},"image":{"@id":"https:\/\/www.santosaraujo.com.br\/santos\/#\/schema\/logo\/image\/"},"sameAs":["https:\/\/facebook.com\/santosaraujoinfo","https:\/\/x.com\/SantosAraujoInf","https:\/\/www.instagram.com\/santosaraujoinfo\/","https:\/\/www.pinterest.com\/santosaraujoinformtica\/"]}]}},"uagb_featured_image_src":{"full":false,"thumbnail":false,"medium":false,"medium_large":false,"large":false,"1536x1536":false,"2048x2048":false,"featured-slide":false,"featured-slide-thumb":false},"uagb_author_info":{"display_name":"Oswaldo Santos Araujo","author_link":"https:\/\/www.santosaraujo.com.br\/santos\/author\/sainfo\/"},"uagb_comment_info":0,"uagb_excerpt":"Para entrar em contato com a Santos Araujo Inform\u00e1tica use os meios abaixo: (11) 2996-1101 (NET\/CLARO) (11) 3090-6790 (PABX Digital) (11) 98046-8085\u00a0 (Vivo &#8211; WhatsApp) Clique aqui para contato direto\u00a0 via WhatsApp\u00a0 info@santosaraujo.com.br Ou preencha o fomul\u00e1rio \u00e0 seguir:","jetpack_sharing_enabled":true,"_links":{"self":[{"href":"https:\/\/www.santosaraujo.com.br\/santos\/wp-json\/wp\/v2\/pages\/507","targetHints":{"allow":["GET"]}}],"collection":[{"href":"https:\/\/www.santosaraujo.com.br\/santos\/wp-json\/wp\/v2\/pages"}],"about":[{"href":"https:\/\/www.santosaraujo.com.br\/santos\/wp-json\/wp\/v2\/types\/page"}],"author":[{"embeddable":true,"href":"https:\/\/www.santosaraujo.com.br\/santos\/wp-json\/wp\/v2\/users\/1"}],"replies":[{"embeddable":true,"href":"https:\/\/www.santosaraujo.com.br\/santos\/wp-json\/wp\/v2\/comments?post=507"}],"version-history":[{"count":2,"href":"https:\/\/www.santosaraujo.com.br\/santos\/wp-json\/wp\/v2\/pages\/507\/revisions"}],"predecessor-version":[{"id":11066,"href":"https:\/\/www.santosaraujo.com.br\/santos\/wp-json\/wp\/v2\/pages\/507\/revisions\/11066"}],"wp:attachment":[{"href":"https:\/\/www.santosaraujo.com.br\/santos\/wp-json\/wp\/v2\/media?parent=507"}],"curies":[{"name":"wp","href":"https:\/\/api.w.org\/{rel}","templated":true}]}}