{"id":57,"date":"2016-11-29T20:19:48","date_gmt":"2016-11-29T20:19:48","guid":{"rendered":"http:\/\/santosaraujoinforma1.hospedagemdesites.ws\/santos\/?p=57"},"modified":"2025-07-31T15:27:44","modified_gmt":"2025-07-31T15:27:44","slug":"slc-super-livro-caixa-irpf","status":"publish","type":"page","link":"https:\/\/www.santosaraujo.com.br\/santos\/sistema-de-imposto-de-renda\/slc-super-livro-caixa-irpf\/","title":{"rendered":"SLC Super Livro Caixa IRPF"},"content":{"rendered":"\t\t<div data-elementor-type=\"wp-page\" data-elementor-id=\"57\" class=\"elementor elementor-57\">\n\t\t\t\t\t\t<section class=\"elementor-section elementor-top-section elementor-element elementor-element-38a7aea elementor-section-boxed elementor-section-height-default elementor-section-height-default wpr-particle-no wpr-jarallax-no wpr-parallax-no wpr-sticky-section-no\" data-id=\"38a7aea\" data-element_type=\"section\">\n\t\t\t\t\t\t<div class=\"elementor-container elementor-column-gap-default\">\n\t\t\t\t\t<div class=\"elementor-column elementor-col-100 elementor-top-column elementor-element elementor-element-a36b767\" data-id=\"a36b767\" data-element_type=\"column\">\n\t\t\t<div class=\"elementor-widget-wrap elementor-element-populated\">\n\t\t\t\t\t\t<div class=\"elementor-element elementor-element-56c92ef elementor-widget__width-initial elementor-widget elementor-widget-text-editor\" data-id=\"56c92ef\" data-element_type=\"widget\" data-widget_type=\"text-editor.default\">\n\t\t\t\t<div class=\"elementor-widget-container\">\n\t\t\t\t\t\t\t\t\t<p><span style=\"font-style: inherit; font-weight: inherit;\">O SLC2 \u00e9 o programa que faz o livro caixa para profissionais liberais e\/ou para a atividade rural incluindo a possibilidade do Livro Caixa Digital do Produtor Rural (LCDPR). Al\u00e9m do livro caixa ele calcula o Imposto complementar, o Carn\u00ea Le\u00e3o mensal ou um DARF de qualquer outro tipo. Isso evita as multas pelo atraso nos pagamentos desses DARFS. Com o imposto complementar pode-se evitar pagar muito imposto na declara\u00e7\u00e3o anual de ajuste antecipando os pagamentos. O programa \u00e9 totalmente gratuito para o Livro Caixa comum. Fazendo o LCDPR usando o SLC2 ser\u00e1 necess\u00e1rio adquirir o IR2026 para transferir esses dados para a Receita.<br \/><\/span><span style=\"font-style: inherit; font-weight: inherit;\"><br \/>O programa \u00e9 totalmente compat\u00edvel com o programas do imposto de renda da Help e o da Receita Federal e para facilitar o preenchimento pode-se buscar os dados anteriores nos dois programas. Clique no disquete abaixo fa\u00e7a o download e use o livro caixa mais f\u00e1cil e pr\u00e1tico do mercado.<\/span><\/p>\n<p>\u00a0<\/p>\t\t\t\t\t\t\t\t<\/div>\n\t\t\t\t<\/div>\n\t\t\t\t\t<\/div>\n\t\t<\/div>\n\t\t\t\t\t<\/div>\n\t\t<\/section>\n\t\t\t\t<section class=\"elementor-section elementor-top-section elementor-element elementor-element-28c533c2 elementor-section-boxed elementor-section-height-default elementor-section-height-default wpr-particle-no wpr-jarallax-no wpr-parallax-no wpr-sticky-section-no\" data-id=\"28c533c2\" data-element_type=\"section\">\n\t\t\t\t\t\t<div class=\"elementor-container elementor-column-gap-default\">\n\t\t\t\t\t<div class=\"elementor-column elementor-col-100 elementor-top-column elementor-element elementor-element-71fc4486\" data-id=\"71fc4486\" data-element_type=\"column\">\n\t\t\t<div class=\"elementor-widget-wrap elementor-element-populated\">\n\t\t\t\t\t\t<div class=\"elementor-element elementor-element-667e552f elementor-widget elementor-widget-text-editor\" data-id=\"667e552f\" data-element_type=\"widget\" data-widget_type=\"text-editor.default\">\n\t\t\t\t<div class=\"elementor-widget-container\">\n\t\t\t\t\t\t\t\t\t<p><\/p>\n<p>Download do SLC Super Livro Caixa IRPF<br><span style=\"font-size: 16px; font-style: inherit; font-weight: inherit; font-family: -apple-system, BlinkMacSystemFont, 'Segoe UI', Roboto, Oxygen-Sans, Ubuntu, Cantarell, 'Helvetica Neue', sans-serif;\">Para fazer o download do programa&nbsp;<\/span><em style=\"font-size: 16px; font-weight: inherit; font-family: -apple-system, BlinkMacSystemFont, 'Segoe UI', Roboto, Oxygen-Sans, Ubuntu, Cantarell, 'Helvetica Neue', sans-serif;\"><strong><a href=\"https:\/\/www.santosaraujo.com.br\/santos\/sistema-de-imposto-de-renda\/download-do-ir\/\">clique aqui<\/a><\/strong><\/em><span style=\"font-size: 16px; font-style: inherit; font-weight: inherit; font-family: -apple-system, BlinkMacSystemFont, 'Segoe UI', Roboto, Oxygen-Sans, Ubuntu, Cantarell, 'Helvetica Neue', sans-serif;\">.<\/span><\/p>\n<p><\/p>\n<h2><strong>SLC 2.0 com LCDPR<\/strong><\/h2>\n<p>Atualiza\u00e7\u00e3o SLC 2 em 09\/06\/2025<\/p>\n<p><\/p>\n<p><\/p>\t\t\t\t\t\t\t\t<\/div>\n\t\t\t\t<\/div>\n\t\t\t\t<div class=\"elementor-element elementor-element-783a245 elementor-widget elementor-widget-html\" data-id=\"783a245\" data-element_type=\"widget\" data-widget_type=\"html.default\">\n\t\t\t\t<div class=\"elementor-widget-container\">\n\t\t\t\t\t<a href=\"https:\/\/pag.ae\/7-R8o9jeu\/button\" target=\"_blank\" title=\"Pagar com PagBank\"><img data-recalc-dims=\"1\" decoding=\"async\" src=\"https:\/\/i0.wp.com\/assets.pagseguro.com.br\/ps-integration-assets\/botoes\/pagamentos\/205x30-pagar.gif\" alt=\"Pague com PagBank - \u00e9 r\u00e1pido, gr\u00e1tis e seguro!\" \/><\/a>\t\t\t\t<\/div>\n\t\t\t\t<\/div>\n\t\t\t\t\t<\/div>\n\t\t<\/div>\n\t\t\t\t\t<\/div>\n\t\t<\/section>\n\t\t\t\t<section class=\"elementor-section elementor-top-section elementor-element elementor-element-6294bfc elementor-section-boxed elementor-section-height-default elementor-section-height-default wpr-particle-no wpr-jarallax-no wpr-parallax-no wpr-sticky-section-no\" data-id=\"6294bfc\" data-element_type=\"section\">\n\t\t\t\t\t\t<div class=\"elementor-container elementor-column-gap-default\">\n\t\t\t\t\t<div class=\"elementor-column elementor-col-100 elementor-top-column elementor-element elementor-element-583ebdf\" data-id=\"583ebdf\" data-element_type=\"column\">\n\t\t\t<div class=\"elementor-widget-wrap\">\n\t\t\t\t\t\t\t<\/div>\n\t\t<\/div>\n\t\t\t\t\t<\/div>\n\t\t<\/section>\n\t\t\t\t<\/div>\n\t\t","protected":false},"excerpt":{"rendered":"<p>O SLC2 \u00e9 o programa que faz o livro caixa para profissionais liberais e\/ou para a atividade rural incluindo a possibilidade do Livro Caixa Digital do Produtor Rural (LCDPR). Al\u00e9m do livro caixa ele calcula o Imposto complementar, o Carn\u00ea Le\u00e3o mensal ou um DARF de qualquer outro tipo. Isso evita as multas pelo atraso nos pagamentos desses DARFS. Com o imposto complementar pode-se evitar pagar muito imposto na declara\u00e7\u00e3o anual de ajuste antecipando os pagamentos. O programa \u00e9 totalmente gratuito para o Livro Caixa comum. Fazendo o LCDPR usando o SLC2 ser\u00e1 necess\u00e1rio adquirir o IR2026 para transferir esses dados para a Receita. O programa \u00e9 totalmente compat\u00edvel com o programas do imposto de renda da Help e o da Receita Federal e para facilitar o preenchimento pode-se buscar os dados anteriores nos dois programas. Clique no disquete abaixo fa\u00e7a o download e use o livro caixa mais f\u00e1cil e pr\u00e1tico do mercado. \u00a0 Download do SLC Super Livro Caixa IRPFPara fazer o download do programa&nbsp;clique aqui. SLC 2.0 com LCDPR Atualiza\u00e7\u00e3o SLC 2 em 09\/06\/2025<\/p>\n","protected":false},"author":1,"featured_media":0,"parent":46,"menu_order":0,"comment_status":"open","ping_status":"open","template":"","meta":{"_eb_attr":"","_uag_custom_page_level_css":"","_exactmetrics_skip_tracking":false,"_exactmetrics_sitenote_active":false,"_exactmetrics_sitenote_note":"","_exactmetrics_sitenote_category":0,"_uf_show_specific_survey":0,"_uf_disable_surveys":false,"site-sidebar-layout":"default","site-content-layout":"","ast-site-content-layout":"default","site-content-style":"default","site-sidebar-style":"default","ast-global-header-display":"","ast-banner-title-visibility":"","ast-main-header-display":"","ast-hfb-above-header-display":"","ast-hfb-below-header-display":"","ast-hfb-mobile-header-display":"","site-post-title":"","ast-breadcrumbs-content":"","ast-featured-img":"","footer-sml-layout":"","theme-transparent-header-meta":"","adv-header-id-meta":"","stick-header-meta":"","header-above-stick-meta":"","header-main-stick-meta":"","header-below-stick-meta":"","astra-migrate-meta-layouts":"default","ast-page-background-enabled":"default","ast-page-background-meta":{"desktop":{"background-color":"var(--ast-global-color-4)","background-image":"","background-repeat":"repeat","background-position":"center center","background-size":"auto","background-attachment":"scroll","background-type":"","background-media":"","overlay-type":"","overlay-color":"","overlay-opacity":"","overlay-gradient":""},"tablet":{"background-color":"","background-image":"","background-repeat":"repeat","background-position":"center center","background-size":"auto","background-attachment":"scroll","background-type":"","background-media":"","overlay-type":"","overlay-color":"","overlay-opacity":"","overlay-gradient":""},"mobile":{"background-color":"","background-image":"","background-repeat":"repeat","background-position":"center center","background-size":"auto","background-attachment":"scroll","background-type":"","background-media":"","overlay-type":"","overlay-color":"","overlay-opacity":"","overlay-gradient":""}},"ast-content-background-meta":{"desktop":{"background-color":"var(--ast-global-color-5)","background-image":"","background-repeat":"repeat","background-position":"center center","background-size":"auto","background-attachment":"scroll","background-type":"","background-media":"","overlay-type":"","overlay-color":"","overlay-opacity":"","overlay-gradient":""},"tablet":{"background-color":"var(--ast-global-color-5)","background-image":"","background-repeat":"repeat","background-position":"center center","background-size":"auto","background-attachment":"scroll","background-type":"","background-media":"","overlay-type":"","overlay-color":"","overlay-opacity":"","overlay-gradient":""},"mobile":{"background-color":"var(--ast-global-color-5)","background-image":"","background-repeat":"repeat","background-position":"center center","background-size":"auto","background-attachment":"scroll","background-type":"","background-media":"","overlay-type":"","overlay-color":"","overlay-opacity":"","overlay-gradient":""}},"_joinchat":[],"footnotes":""},"class_list":["post-57","page","type-page","status-publish","hentry"],"aioseo_notices":[],"yoast_head":"\n<title>SLC Super Livro Caixa IRPF -<\/title>\n<meta name=\"description\" content=\"O Sistema SLC Super Livro Caixa IRPF permite antecipar as declara\u00e7\u00f5es de IRPF, fazendo a prepara\u00e7\u00e3o do livro caixa com o plano de contas.\" \/>\n<meta name=\"robots\" content=\"index, follow, max-snippet:-1, max-image-preview:large, max-video-preview:-1\" \/>\n<link rel=\"canonical\" href=\"https:\/\/www.santosaraujo.com.br\/santos\/sistema-de-imposto-de-renda\/slc-super-livro-caixa-irpf\/\" \/>\n<meta property=\"og:locale\" content=\"pt_BR\" \/>\n<meta property=\"og:type\" content=\"article\" \/>\n<meta property=\"og:title\" content=\"SLC Super Livro Caixa IRPF -\" \/>\n<meta property=\"og:description\" content=\"O Sistema SLC Super Livro Caixa IRPF permite antecipar as declara\u00e7\u00f5es de IRPF, fazendo a prepara\u00e7\u00e3o do livro caixa com o plano de contas.\" \/>\n<meta property=\"og:url\" content=\"https:\/\/www.santosaraujo.com.br\/santos\/sistema-de-imposto-de-renda\/slc-super-livro-caixa-irpf\/\" \/>\n<meta property=\"article:publisher\" content=\"https:\/\/facebook.com\/santosaraujoinfo\" \/>\n<meta property=\"article:modified_time\" content=\"2025-07-31T15:27:44+00:00\" \/>\n<meta name=\"twitter:card\" content=\"summary_large_image\" \/>\n<meta name=\"twitter:site\" content=\"@SantosAraujoInf\" \/>\n<meta name=\"twitter:label1\" content=\"Est. tempo de leitura\" \/>\n\t<meta name=\"twitter:data1\" content=\"2 minutos\" \/>\n<script type=\"application\/ld+json\" class=\"yoast-schema-graph\">{\"@context\":\"https:\/\/schema.org\",\"@graph\":[{\"@type\":\"WebPage\",\"@id\":\"https:\/\/www.santosaraujo.com.br\/santos\/sistema-de-imposto-de-renda\/slc-super-livro-caixa-irpf\/\",\"url\":\"https:\/\/www.santosaraujo.com.br\/santos\/sistema-de-imposto-de-renda\/slc-super-livro-caixa-irpf\/\",\"name\":\"SLC Super Livro Caixa IRPF -\",\"isPartOf\":{\"@id\":\"https:\/\/www.santosaraujo.com.br\/santos\/#website\"},\"datePublished\":\"2016-11-29T20:19:48+00:00\",\"dateModified\":\"2025-07-31T15:27:44+00:00\",\"description\":\"O Sistema SLC Super Livro Caixa IRPF permite antecipar as declara\u00e7\u00f5es de IRPF, fazendo a prepara\u00e7\u00e3o do livro caixa com o plano de contas.\",\"breadcrumb\":{\"@id\":\"https:\/\/www.santosaraujo.com.br\/santos\/sistema-de-imposto-de-renda\/slc-super-livro-caixa-irpf\/#breadcrumb\"},\"inLanguage\":\"pt-BR\",\"potentialAction\":[{\"@type\":\"ReadAction\",\"target\":[\"https:\/\/www.santosaraujo.com.br\/santos\/sistema-de-imposto-de-renda\/slc-super-livro-caixa-irpf\/\"]}]},{\"@type\":\"BreadcrumbList\",\"@id\":\"https:\/\/www.santosaraujo.com.br\/santos\/sistema-de-imposto-de-renda\/slc-super-livro-caixa-irpf\/#breadcrumb\",\"itemListElement\":[{\"@type\":\"ListItem\",\"position\":1,\"name\":\"In\u00edcio\",\"item\":\"https:\/\/www.santosaraujo.com.br\/santos\/\"},{\"@type\":\"ListItem\",\"position\":2,\"name\":\"Sistema de Imposto de Renda &#8211; IR2026\",\"item\":\"https:\/\/www.santosaraujo.com.br\/santos\/sistema-de-imposto-de-renda\/\"},{\"@type\":\"ListItem\",\"position\":3,\"name\":\"SLC Super Livro Caixa IRPF\"}]},{\"@type\":\"WebSite\",\"@id\":\"https:\/\/www.santosaraujo.com.br\/santos\/#website\",\"url\":\"https:\/\/www.santosaraujo.com.br\/santos\/\",\"name\":\"\",\"description\":\"Santos Araujo Inform\u00e1tica \u00e9 especializada em Softwares de Cobran\u00e7a, Jur\u00eddicos, IR (Imposto de Renda) , Politicos, Condom\u00ednios.\",\"publisher\":{\"@id\":\"https:\/\/www.santosaraujo.com.br\/santos\/#organization\"},\"potentialAction\":[{\"@type\":\"SearchAction\",\"target\":{\"@type\":\"EntryPoint\",\"urlTemplate\":\"https:\/\/www.santosaraujo.com.br\/santos\/?s={search_term_string}\"},\"query-input\":{\"@type\":\"PropertyValueSpecification\",\"valueRequired\":true,\"valueName\":\"search_term_string\"}}],\"inLanguage\":\"pt-BR\"},{\"@type\":\"Organization\",\"@id\":\"https:\/\/www.santosaraujo.com.br\/santos\/#organization\",\"name\":\"Santos Araujo Inform\u00e1tica\",\"url\":\"https:\/\/www.santosaraujo.com.br\/santos\/\",\"logo\":{\"@type\":\"ImageObject\",\"inLanguage\":\"pt-BR\",\"@id\":\"https:\/\/www.santosaraujo.com.br\/santos\/#\/schema\/logo\/image\/\",\"url\":\"https:\/\/i0.wp.com\/www.santosaraujo.com.br\/santos\/wp-content\/uploads\/2024\/12\/cropped-Prancheta-2.png?fit=1943%2C615&ssl=1\",\"contentUrl\":\"https:\/\/i0.wp.com\/www.santosaraujo.com.br\/santos\/wp-content\/uploads\/2024\/12\/cropped-Prancheta-2.png?fit=1943%2C615&ssl=1\",\"width\":1943,\"height\":615,\"caption\":\"Santos Araujo Inform\u00e1tica\"},\"image\":{\"@id\":\"https:\/\/www.santosaraujo.com.br\/santos\/#\/schema\/logo\/image\/\"},\"sameAs\":[\"https:\/\/facebook.com\/santosaraujoinfo\",\"https:\/\/x.com\/SantosAraujoInf\",\"https:\/\/www.instagram.com\/santosaraujoinfo\/\",\"https:\/\/www.pinterest.com\/santosaraujoinformtica\/\"]}]}<\/script>\n","yoast_head_json":{"title":"SLC Super Livro Caixa IRPF -","description":"O Sistema SLC Super Livro Caixa IRPF permite antecipar as declara\u00e7\u00f5es de IRPF, fazendo a prepara\u00e7\u00e3o do livro caixa com o plano de contas.","robots":{"index":"index","follow":"follow","max-snippet":"max-snippet:-1","max-image-preview":"max-image-preview:large","max-video-preview":"max-video-preview:-1"},"canonical":"https:\/\/www.santosaraujo.com.br\/santos\/sistema-de-imposto-de-renda\/slc-super-livro-caixa-irpf\/","og_locale":"pt_BR","og_type":"article","og_title":"SLC Super Livro Caixa IRPF -","og_description":"O Sistema SLC Super Livro Caixa IRPF permite antecipar as declara\u00e7\u00f5es de IRPF, fazendo a prepara\u00e7\u00e3o do livro caixa com o plano de contas.","og_url":"https:\/\/www.santosaraujo.com.br\/santos\/sistema-de-imposto-de-renda\/slc-super-livro-caixa-irpf\/","article_publisher":"https:\/\/facebook.com\/santosaraujoinfo","article_modified_time":"2025-07-31T15:27:44+00:00","twitter_card":"summary_large_image","twitter_site":"@SantosAraujoInf","twitter_misc":{"Est. tempo de leitura":"2 minutos"},"schema":{"@context":"https:\/\/schema.org","@graph":[{"@type":"WebPage","@id":"https:\/\/www.santosaraujo.com.br\/santos\/sistema-de-imposto-de-renda\/slc-super-livro-caixa-irpf\/","url":"https:\/\/www.santosaraujo.com.br\/santos\/sistema-de-imposto-de-renda\/slc-super-livro-caixa-irpf\/","name":"SLC Super Livro Caixa IRPF -","isPartOf":{"@id":"https:\/\/www.santosaraujo.com.br\/santos\/#website"},"datePublished":"2016-11-29T20:19:48+00:00","dateModified":"2025-07-31T15:27:44+00:00","description":"O Sistema SLC Super Livro Caixa IRPF permite antecipar as declara\u00e7\u00f5es de IRPF, fazendo a prepara\u00e7\u00e3o do livro caixa com o plano de contas.","breadcrumb":{"@id":"https:\/\/www.santosaraujo.com.br\/santos\/sistema-de-imposto-de-renda\/slc-super-livro-caixa-irpf\/#breadcrumb"},"inLanguage":"pt-BR","potentialAction":[{"@type":"ReadAction","target":["https:\/\/www.santosaraujo.com.br\/santos\/sistema-de-imposto-de-renda\/slc-super-livro-caixa-irpf\/"]}]},{"@type":"BreadcrumbList","@id":"https:\/\/www.santosaraujo.com.br\/santos\/sistema-de-imposto-de-renda\/slc-super-livro-caixa-irpf\/#breadcrumb","itemListElement":[{"@type":"ListItem","position":1,"name":"In\u00edcio","item":"https:\/\/www.santosaraujo.com.br\/santos\/"},{"@type":"ListItem","position":2,"name":"Sistema de Imposto de Renda &#8211; IR2026","item":"https:\/\/www.santosaraujo.com.br\/santos\/sistema-de-imposto-de-renda\/"},{"@type":"ListItem","position":3,"name":"SLC Super Livro Caixa IRPF"}]},{"@type":"WebSite","@id":"https:\/\/www.santosaraujo.com.br\/santos\/#website","url":"https:\/\/www.santosaraujo.com.br\/santos\/","name":"","description":"Santos Araujo Inform\u00e1tica \u00e9 especializada em Softwares de Cobran\u00e7a, Jur\u00eddicos, IR (Imposto de Renda) , Politicos, Condom\u00ednios.","publisher":{"@id":"https:\/\/www.santosaraujo.com.br\/santos\/#organization"},"potentialAction":[{"@type":"SearchAction","target":{"@type":"EntryPoint","urlTemplate":"https:\/\/www.santosaraujo.com.br\/santos\/?s={search_term_string}"},"query-input":{"@type":"PropertyValueSpecification","valueRequired":true,"valueName":"search_term_string"}}],"inLanguage":"pt-BR"},{"@type":"Organization","@id":"https:\/\/www.santosaraujo.com.br\/santos\/#organization","name":"Santos Araujo Inform\u00e1tica","url":"https:\/\/www.santosaraujo.com.br\/santos\/","logo":{"@type":"ImageObject","inLanguage":"pt-BR","@id":"https:\/\/www.santosaraujo.com.br\/santos\/#\/schema\/logo\/image\/","url":"https:\/\/i0.wp.com\/www.santosaraujo.com.br\/santos\/wp-content\/uploads\/2024\/12\/cropped-Prancheta-2.png?fit=1943%2C615&ssl=1","contentUrl":"https:\/\/i0.wp.com\/www.santosaraujo.com.br\/santos\/wp-content\/uploads\/2024\/12\/cropped-Prancheta-2.png?fit=1943%2C615&ssl=1","width":1943,"height":615,"caption":"Santos Araujo Inform\u00e1tica"},"image":{"@id":"https:\/\/www.santosaraujo.com.br\/santos\/#\/schema\/logo\/image\/"},"sameAs":["https:\/\/facebook.com\/santosaraujoinfo","https:\/\/x.com\/SantosAraujoInf","https:\/\/www.instagram.com\/santosaraujoinfo\/","https:\/\/www.pinterest.com\/santosaraujoinformtica\/"]}]}},"uagb_featured_image_src":{"full":false,"thumbnail":false,"medium":false,"medium_large":false,"large":false,"1536x1536":false,"2048x2048":false,"featured-slide":false,"featured-slide-thumb":false},"uagb_author_info":{"display_name":"Oswaldo Santos Araujo","author_link":"https:\/\/www.santosaraujo.com.br\/santos\/author\/sainfo\/"},"uagb_comment_info":0,"uagb_excerpt":"O SLC2 \u00e9 o programa que faz o livro caixa para profissionais liberais e\/ou para a atividade rural incluindo a possibilidade do Livro Caixa Digital do Produtor Rural (LCDPR). Al\u00e9m do livro caixa ele calcula o Imposto complementar, o Carn\u00ea Le\u00e3o mensal ou um DARF de qualquer outro tipo. Isso evita as multas pelo atraso&hellip;","jetpack_sharing_enabled":true,"_links":{"self":[{"href":"https:\/\/www.santosaraujo.com.br\/santos\/wp-json\/wp\/v2\/pages\/57","targetHints":{"allow":["GET"]}}],"collection":[{"href":"https:\/\/www.santosaraujo.com.br\/santos\/wp-json\/wp\/v2\/pages"}],"about":[{"href":"https:\/\/www.santosaraujo.com.br\/santos\/wp-json\/wp\/v2\/types\/page"}],"author":[{"embeddable":true,"href":"https:\/\/www.santosaraujo.com.br\/santos\/wp-json\/wp\/v2\/users\/1"}],"replies":[{"embeddable":true,"href":"https:\/\/www.santosaraujo.com.br\/santos\/wp-json\/wp\/v2\/comments?post=57"}],"version-history":[{"count":3,"href":"https:\/\/www.santosaraujo.com.br\/santos\/wp-json\/wp\/v2\/pages\/57\/revisions"}],"predecessor-version":[{"id":15455,"href":"https:\/\/www.santosaraujo.com.br\/santos\/wp-json\/wp\/v2\/pages\/57\/revisions\/15455"}],"up":[{"embeddable":true,"href":"https:\/\/www.santosaraujo.com.br\/santos\/wp-json\/wp\/v2\/pages\/46"}],"wp:attachment":[{"href":"https:\/\/www.santosaraujo.com.br\/santos\/wp-json\/wp\/v2\/media?parent=57"}],"curies":[{"name":"wp","href":"https:\/\/api.w.org\/{rel}","templated":true}]}}