{"id":66,"date":"2016-11-15T20:19:27","date_gmt":"2016-11-15T20:19:27","guid":{"rendered":"http:\/\/santosaraujoinforma1.hospedagemdesites.ws\/santos\/?p=66"},"modified":"2017-05-22T21:26:06","modified_gmt":"2017-05-22T21:26:06","slug":"atendimento-profissional","status":"publish","type":"page","link":"https:\/\/www.santosaraujo.com.br\/santos\/atendimento-profissional\/","title":{"rendered":"Software de Atendimento Profissional"},"content":{"rendered":"<div class=\"contentLayout\">\n<div class=\"content\">\n<div class=\"Post\">\n<div class=\"Post-body\">\n<div class=\"Post-inner\">\n<p class=\"PostHeaderIcon-wrapper\">O software<strong> Atendimento Profissional<\/strong> \u00e9\u00a0destinado a todas as empresas ou pessoas que prestam atendimento e servi\u00e7os aos seus clientes.<\/p>\n<\/div>\n<\/div>\n<\/div>\n<\/div>\n<\/div>\n<div class=\"csRow\">\n<div class=\"csColumnGap\" style=\"margin: 0px; padding: 0px; float: left; width: 0.521%;\"><img data-recalc-dims=\"1\" decoding=\"async\" style=\"border: none;\" src=\"https:\/\/i0.wp.com\/www.santosaraujo.com.br\/santos\/wp-content\/plugins\/advanced-wp-columns\/assets\/js\/plugins\/views\/img\/1x1-pixel.png?ssl=1\" \/><\/div>\n<div class=\"csColumn\" style=\"margin: 0px; padding: 0px; float: left; width: 31.3%;\" data-csstartpoint=\"5\" data-csendpoint=\"305\" data-cswidth=\"31.3%\" data-csid=\"ff428b0a-2e9c-4008-96ac-7f90f60d827e\"><a href=\"https:\/\/www.santosaraujo.com.br\/santos\/atendimento-profissional\/comprar-atendimento\/\"><em><strong><h2 class=\"wp-svg-cart-3 cart-3\"><\/h2><\/strong><\/em><em><strong>Comprar<\/strong><\/em><\/a><\/div>\n<div class=\"csColumnGap\" style=\"margin: 0px; padding: 0px; float: left; width: 1.04%;\"><img data-recalc-dims=\"1\" decoding=\"async\" style=\"border: none;\" src=\"https:\/\/i0.wp.com\/www.santosaraujo.com.br\/santos\/wp-content\/plugins\/advanced-wp-columns\/assets\/js\/plugins\/views\/img\/1x1-pixel.png?ssl=1\" \/><\/div>\n<div class=\"csColumn\" style=\"margin: 0px; padding: 0px; float: left; width: 32.3%;\" data-csstartpoint=\"315\" data-csendpoint=\"625\" data-cswidth=\"32.3%\" data-csid=\"c56866f6-4594-dc08-9146-546bc7906375\"><a href=\"https:\/\/www.santosaraujo.com.br\/santos\/atendimento-profissional\/download-da-avaliacao-atendimento-profissional\/\"><em><strong><h2 class=\"wp-svg-download download\"><\/h2><\/strong><\/em><em><strong>Avaliar<\/strong><\/em><\/a><\/div>\n<div class=\"csColumnGap\" style=\"margin: 0px; padding: 0px; float: left; width: 34.9%;\"><img data-recalc-dims=\"1\" decoding=\"async\" style=\"border: none;\" src=\"https:\/\/i0.wp.com\/www.santosaraujo.com.br\/santos\/wp-content\/plugins\/advanced-wp-columns\/assets\/js\/plugins\/views\/img\/1x1-pixel.png?ssl=1\" \/><\/div>\n<div style=\"clear: both; float: none; display: block; visibility: hidden; width: 0px; font-size: 0px; line-height: 0;\"><\/div>\n<\/div>\n<div class=\"contentLayout\">\n<div class=\"content\">\n<div class=\"Post\">\n<div class=\"Post-body\">\n<div class=\"Post-inner\">\n<div class=\"PostContent\">\n<p>O programa <strong>Atendimento Profissional<\/strong>, possui diversos m\u00f3dulos como planilhamento de horas, cadastramento de clientes, agendas, recados, entre outros.<\/p>\n<p>Tamb\u00e9m t\u00eam o controle de Notas Fiscais e Impostos, e ainda o controle financeiro (como contas \u00e0 pagar e contas \u00e0 receber).<\/p>\n<p>Com este software voc\u00ea poder\u00e1 controlar as horas utilizadas por cada cliente, os atendimentos pendentes, tarefas a realizar por cada um deles, basicamente um produto para atender melhor o seu cliente e ainda poder cobrar por isto.<\/p>\n<h3 class=\"article\"><strong>Aqui a lista de tarefas que o produto controla:<\/strong><\/h3>\n<ul>\n<li>Cadastramento de Clientes e Contatos<\/li>\n<li class=\"TextoReportagem\">Controle de Tarefas \u00e0 realizar<\/li>\n<li class=\"TextoReportagem\">Gerenciamento de documenta\u00e7\u00e3o de base de conhecimento<\/li>\n<li class=\"TextoReportagem\">Controle de Horas utilizadas por clientes e\/ou contatos<\/li>\n<li class=\"TextoReportagem\">Controle de Recados telef\u00f4nicos<\/li>\n<li class=\"TextoReportagem\">Agenda<\/li>\n<li class=\"TextoReportagem\">Controle de Contratos de Horas<\/li>\n<li class=\"TextoReportagem\">Registro de Documentos e Links<\/li>\n<li class=\"TextoReportagem\">Armazenamento de atas de reuni\u00e3o<\/li>\n<li class=\"TextoReportagem\">Cadastramento de melhorias nos produtos e\/ou servi\u00e7os<\/li>\n<li class=\"TextoReportagem\">Controle de Contas \u00e0 Pagar e Receber<\/li>\n<li class=\"TextoReportagem\">Registro de NF\u00b4s com c\u00e1lculo de impostos e envio de listas de NF\u00b4s para o Contador<\/li>\n<li class=\"TextoReportagem\">Relat\u00f3rios em HTML<\/li>\n<li class=\"TextoReportagem\">Gera\u00e7\u00e3o de arquivos\u00a0LEIAME<\/li>\n<li class=\"TextoReportagem\">Registro de id\u00e9ias<\/li>\n<li class=\"TextoReportagem\">Registro de Patrim\u00f4nio<\/li>\n<\/ul>\n<\/div>\n<\/div>\n<\/div>\n<\/div>\n<\/div>\n<\/div>\n","protected":false},"excerpt":{"rendered":"<p>O software Atendimento Profissional \u00e9\u00a0destinado a todas as empresas ou pessoas que prestam atendimento e servi\u00e7os aos seus clientes. Comprar Avaliar O programa Atendimento Profissional, possui diversos m\u00f3dulos como planilhamento de horas, cadastramento de clientes, agendas, recados, entre outros. Tamb\u00e9m t\u00eam o controle de Notas Fiscais e Impostos, e ainda o controle financeiro (como contas \u00e0 pagar e contas \u00e0 receber). Com este software voc\u00ea poder\u00e1 controlar as horas utilizadas por cada cliente, os atendimentos pendentes, tarefas a realizar por cada um deles, basicamente um produto para atender melhor o seu cliente e ainda poder cobrar por isto. Aqui a lista de tarefas que o produto controla: Cadastramento de Clientes e Contatos Controle de Tarefas \u00e0 realizar Gerenciamento de documenta\u00e7\u00e3o de base de conhecimento Controle de Horas utilizadas por clientes e\/ou contatos Controle de Recados telef\u00f4nicos Agenda Controle de Contratos de Horas Registro de Documentos e Links Armazenamento de atas de reuni\u00e3o Cadastramento de melhorias nos produtos e\/ou servi\u00e7os Controle de Contas \u00e0 Pagar e Receber Registro de NF\u00b4s com c\u00e1lculo de impostos e envio de listas de NF\u00b4s para o Contador Relat\u00f3rios em HTML Gera\u00e7\u00e3o de arquivos\u00a0LEIAME Registro de id\u00e9ias Registro de Patrim\u00f4nio<\/p>\n","protected":false},"author":1,"featured_media":1548,"parent":0,"menu_order":0,"comment_status":"open","ping_status":"open","template":"","meta":{"_eb_attr":"","_uag_custom_page_level_css":"","_exactmetrics_skip_tracking":false,"_exactmetrics_sitenote_active":false,"_exactmetrics_sitenote_note":"","_exactmetrics_sitenote_category":0,"_uf_show_specific_survey":0,"_uf_disable_surveys":false,"site-sidebar-layout":"default","site-content-layout":"","ast-site-content-layout":"default","site-content-style":"default","site-sidebar-style":"default","ast-global-header-display":"","ast-banner-title-visibility":"","ast-main-header-display":"","ast-hfb-above-header-display":"","ast-hfb-below-header-display":"","ast-hfb-mobile-header-display":"","site-post-title":"","ast-breadcrumbs-content":"","ast-featured-img":"","footer-sml-layout":"","theme-transparent-header-meta":"","adv-header-id-meta":"","stick-header-meta":"","header-above-stick-meta":"","header-main-stick-meta":"","header-below-stick-meta":"","astra-migrate-meta-layouts":"default","ast-page-background-enabled":"default","ast-page-background-meta":{"desktop":{"background-color":"var(--ast-global-color-4)","background-image":"","background-repeat":"repeat","background-position":"center center","background-size":"auto","background-attachment":"scroll","background-type":"","background-media":"","overlay-type":"","overlay-color":"","overlay-opacity":"","overlay-gradient":""},"tablet":{"background-color":"","background-image":"","background-repeat":"repeat","background-position":"center center","background-size":"auto","background-attachment":"scroll","background-type":"","background-media":"","overlay-type":"","overlay-color":"","overlay-opacity":"","overlay-gradient":""},"mobile":{"background-color":"","background-image":"","background-repeat":"repeat","background-position":"center center","background-size":"auto","background-attachment":"scroll","background-type":"","background-media":"","overlay-type":"","overlay-color":"","overlay-opacity":"","overlay-gradient":""}},"ast-content-background-meta":{"desktop":{"background-color":"var(--ast-global-color-5)","background-image":"","background-repeat":"repeat","background-position":"center center","background-size":"auto","background-attachment":"scroll","background-type":"","background-media":"","overlay-type":"","overlay-color":"","overlay-opacity":"","overlay-gradient":""},"tablet":{"background-color":"var(--ast-global-color-5)","background-image":"","background-repeat":"repeat","background-position":"center center","background-size":"auto","background-attachment":"scroll","background-type":"","background-media":"","overlay-type":"","overlay-color":"","overlay-opacity":"","overlay-gradient":""},"mobile":{"background-color":"var(--ast-global-color-5)","background-image":"","background-repeat":"repeat","background-position":"center center","background-size":"auto","background-attachment":"scroll","background-type":"","background-media":"","overlay-type":"","overlay-color":"","overlay-opacity":"","overlay-gradient":""}},"_joinchat":[],"footnotes":""},"class_list":["post-66","page","type-page","status-publish","has-post-thumbnail","hentry"],"aioseo_notices":[],"yoast_head":"\n<title>Software de Atendimento Profissional -<\/title>\n<meta name=\"description\" content=\"O sistema Atendimento Profissional permite controlar os cadastros de Clientes, Contatos e todos os atendimentos com detalhes de horas e contratos.\" \/>\n<meta name=\"robots\" content=\"index, follow, max-snippet:-1, max-image-preview:large, max-video-preview:-1\" \/>\n<link rel=\"canonical\" href=\"https:\/\/www.santosaraujo.com.br\/santos\/atendimento-profissional\/\" \/>\n<meta property=\"og:locale\" content=\"pt_BR\" \/>\n<meta property=\"og:type\" content=\"article\" \/>\n<meta property=\"og:title\" content=\"Software de Atendimento Profissional -\" \/>\n<meta property=\"og:description\" content=\"O sistema Atendimento Profissional permite controlar os cadastros de Clientes, Contatos e todos os atendimentos com detalhes de horas e contratos.\" \/>\n<meta property=\"og:url\" content=\"https:\/\/www.santosaraujo.com.br\/santos\/atendimento-profissional\/\" \/>\n<meta property=\"article:publisher\" content=\"https:\/\/facebook.com\/santosaraujoinfo\" \/>\n<meta property=\"article:modified_time\" content=\"2017-05-22T21:26:06+00:00\" \/>\n<meta property=\"og:image\" content=\"https:\/\/www.santosaraujo.com.br\/santos\/wp-content\/uploads\/2017\/05\/Atend.png\" \/>\n\t<meta property=\"og:image:width\" content=\"900\" \/>\n\t<meta property=\"og:image:height\" content=\"352\" \/>\n\t<meta property=\"og:image:type\" content=\"image\/png\" \/>\n<meta name=\"twitter:card\" content=\"summary_large_image\" \/>\n<meta name=\"twitter:site\" content=\"@SantosAraujoInf\" \/>\n<meta name=\"twitter:label1\" content=\"Est. tempo de leitura\" \/>\n\t<meta name=\"twitter:data1\" content=\"1 minuto\" \/>\n<script type=\"application\/ld+json\" class=\"yoast-schema-graph\">{\"@context\":\"https:\/\/schema.org\",\"@graph\":[{\"@type\":\"WebPage\",\"@id\":\"https:\/\/www.santosaraujo.com.br\/santos\/atendimento-profissional\/\",\"url\":\"https:\/\/www.santosaraujo.com.br\/santos\/atendimento-profissional\/\",\"name\":\"Software de Atendimento Profissional -\",\"isPartOf\":{\"@id\":\"https:\/\/www.santosaraujo.com.br\/santos\/#website\"},\"primaryImageOfPage\":{\"@id\":\"https:\/\/www.santosaraujo.com.br\/santos\/atendimento-profissional\/#primaryimage\"},\"image\":{\"@id\":\"https:\/\/www.santosaraujo.com.br\/santos\/atendimento-profissional\/#primaryimage\"},\"thumbnailUrl\":\"https:\/\/i0.wp.com\/www.santosaraujo.com.br\/santos\/wp-content\/uploads\/2017\/05\/Atend.png?fit=900%2C352&ssl=1\",\"datePublished\":\"2016-11-15T20:19:27+00:00\",\"dateModified\":\"2017-05-22T21:26:06+00:00\",\"description\":\"O sistema Atendimento Profissional permite controlar os cadastros de Clientes, Contatos e todos os atendimentos com detalhes de horas e contratos.\",\"breadcrumb\":{\"@id\":\"https:\/\/www.santosaraujo.com.br\/santos\/atendimento-profissional\/#breadcrumb\"},\"inLanguage\":\"pt-BR\",\"potentialAction\":[{\"@type\":\"ReadAction\",\"target\":[\"https:\/\/www.santosaraujo.com.br\/santos\/atendimento-profissional\/\"]}]},{\"@type\":\"ImageObject\",\"inLanguage\":\"pt-BR\",\"@id\":\"https:\/\/www.santosaraujo.com.br\/santos\/atendimento-profissional\/#primaryimage\",\"url\":\"https:\/\/i0.wp.com\/www.santosaraujo.com.br\/santos\/wp-content\/uploads\/2017\/05\/Atend.png?fit=900%2C352&ssl=1\",\"contentUrl\":\"https:\/\/i0.wp.com\/www.santosaraujo.com.br\/santos\/wp-content\/uploads\/2017\/05\/Atend.png?fit=900%2C352&ssl=1\",\"width\":900,\"height\":352,\"caption\":\"Software de Atendimento Profissional\"},{\"@type\":\"BreadcrumbList\",\"@id\":\"https:\/\/www.santosaraujo.com.br\/santos\/atendimento-profissional\/#breadcrumb\",\"itemListElement\":[{\"@type\":\"ListItem\",\"position\":1,\"name\":\"In\u00edcio\",\"item\":\"https:\/\/www.santosaraujo.com.br\/santos\/\"},{\"@type\":\"ListItem\",\"position\":2,\"name\":\"Software de Atendimento Profissional\"}]},{\"@type\":\"WebSite\",\"@id\":\"https:\/\/www.santosaraujo.com.br\/santos\/#website\",\"url\":\"https:\/\/www.santosaraujo.com.br\/santos\/\",\"name\":\"\",\"description\":\"Santos Araujo Inform\u00e1tica \u00e9 especializada em Softwares de Cobran\u00e7a, Jur\u00eddicos, IR (Imposto de Renda) , Politicos, Condom\u00ednios.\",\"publisher\":{\"@id\":\"https:\/\/www.santosaraujo.com.br\/santos\/#organization\"},\"potentialAction\":[{\"@type\":\"SearchAction\",\"target\":{\"@type\":\"EntryPoint\",\"urlTemplate\":\"https:\/\/www.santosaraujo.com.br\/santos\/?s={search_term_string}\"},\"query-input\":{\"@type\":\"PropertyValueSpecification\",\"valueRequired\":true,\"valueName\":\"search_term_string\"}}],\"inLanguage\":\"pt-BR\"},{\"@type\":\"Organization\",\"@id\":\"https:\/\/www.santosaraujo.com.br\/santos\/#organization\",\"name\":\"Santos Araujo Inform\u00e1tica\",\"url\":\"https:\/\/www.santosaraujo.com.br\/santos\/\",\"logo\":{\"@type\":\"ImageObject\",\"inLanguage\":\"pt-BR\",\"@id\":\"https:\/\/www.santosaraujo.com.br\/santos\/#\/schema\/logo\/image\/\",\"url\":\"https:\/\/i0.wp.com\/www.santosaraujo.com.br\/santos\/wp-content\/uploads\/2024\/12\/cropped-Prancheta-2.png?fit=1943%2C615&ssl=1\",\"contentUrl\":\"https:\/\/i0.wp.com\/www.santosaraujo.com.br\/santos\/wp-content\/uploads\/2024\/12\/cropped-Prancheta-2.png?fit=1943%2C615&ssl=1\",\"width\":1943,\"height\":615,\"caption\":\"Santos Araujo Inform\u00e1tica\"},\"image\":{\"@id\":\"https:\/\/www.santosaraujo.com.br\/santos\/#\/schema\/logo\/image\/\"},\"sameAs\":[\"https:\/\/facebook.com\/santosaraujoinfo\",\"https:\/\/x.com\/SantosAraujoInf\",\"https:\/\/www.instagram.com\/santosaraujoinfo\/\",\"https:\/\/www.pinterest.com\/santosaraujoinformtica\/\"]}]}<\/script>\n","yoast_head_json":{"title":"Software de Atendimento Profissional -","description":"O sistema Atendimento Profissional permite controlar os cadastros de Clientes, Contatos e todos os atendimentos com detalhes de horas e contratos.","robots":{"index":"index","follow":"follow","max-snippet":"max-snippet:-1","max-image-preview":"max-image-preview:large","max-video-preview":"max-video-preview:-1"},"canonical":"https:\/\/www.santosaraujo.com.br\/santos\/atendimento-profissional\/","og_locale":"pt_BR","og_type":"article","og_title":"Software de Atendimento Profissional -","og_description":"O sistema Atendimento Profissional permite controlar os cadastros de Clientes, Contatos e todos os atendimentos com detalhes de horas e contratos.","og_url":"https:\/\/www.santosaraujo.com.br\/santos\/atendimento-profissional\/","article_publisher":"https:\/\/facebook.com\/santosaraujoinfo","article_modified_time":"2017-05-22T21:26:06+00:00","og_image":[{"width":900,"height":352,"url":"https:\/\/www.santosaraujo.com.br\/santos\/wp-content\/uploads\/2017\/05\/Atend.png","type":"image\/png"}],"twitter_card":"summary_large_image","twitter_site":"@SantosAraujoInf","twitter_misc":{"Est. tempo de leitura":"1 minuto"},"schema":{"@context":"https:\/\/schema.org","@graph":[{"@type":"WebPage","@id":"https:\/\/www.santosaraujo.com.br\/santos\/atendimento-profissional\/","url":"https:\/\/www.santosaraujo.com.br\/santos\/atendimento-profissional\/","name":"Software de Atendimento Profissional -","isPartOf":{"@id":"https:\/\/www.santosaraujo.com.br\/santos\/#website"},"primaryImageOfPage":{"@id":"https:\/\/www.santosaraujo.com.br\/santos\/atendimento-profissional\/#primaryimage"},"image":{"@id":"https:\/\/www.santosaraujo.com.br\/santos\/atendimento-profissional\/#primaryimage"},"thumbnailUrl":"https:\/\/i0.wp.com\/www.santosaraujo.com.br\/santos\/wp-content\/uploads\/2017\/05\/Atend.png?fit=900%2C352&ssl=1","datePublished":"2016-11-15T20:19:27+00:00","dateModified":"2017-05-22T21:26:06+00:00","description":"O sistema Atendimento Profissional permite controlar os cadastros de Clientes, Contatos e todos os atendimentos com detalhes de horas e contratos.","breadcrumb":{"@id":"https:\/\/www.santosaraujo.com.br\/santos\/atendimento-profissional\/#breadcrumb"},"inLanguage":"pt-BR","potentialAction":[{"@type":"ReadAction","target":["https:\/\/www.santosaraujo.com.br\/santos\/atendimento-profissional\/"]}]},{"@type":"ImageObject","inLanguage":"pt-BR","@id":"https:\/\/www.santosaraujo.com.br\/santos\/atendimento-profissional\/#primaryimage","url":"https:\/\/i0.wp.com\/www.santosaraujo.com.br\/santos\/wp-content\/uploads\/2017\/05\/Atend.png?fit=900%2C352&ssl=1","contentUrl":"https:\/\/i0.wp.com\/www.santosaraujo.com.br\/santos\/wp-content\/uploads\/2017\/05\/Atend.png?fit=900%2C352&ssl=1","width":900,"height":352,"caption":"Software de Atendimento Profissional"},{"@type":"BreadcrumbList","@id":"https:\/\/www.santosaraujo.com.br\/santos\/atendimento-profissional\/#breadcrumb","itemListElement":[{"@type":"ListItem","position":1,"name":"In\u00edcio","item":"https:\/\/www.santosaraujo.com.br\/santos\/"},{"@type":"ListItem","position":2,"name":"Software de Atendimento Profissional"}]},{"@type":"WebSite","@id":"https:\/\/www.santosaraujo.com.br\/santos\/#website","url":"https:\/\/www.santosaraujo.com.br\/santos\/","name":"","description":"Santos Araujo Inform\u00e1tica \u00e9 especializada em Softwares de Cobran\u00e7a, Jur\u00eddicos, IR (Imposto de Renda) , Politicos, Condom\u00ednios.","publisher":{"@id":"https:\/\/www.santosaraujo.com.br\/santos\/#organization"},"potentialAction":[{"@type":"SearchAction","target":{"@type":"EntryPoint","urlTemplate":"https:\/\/www.santosaraujo.com.br\/santos\/?s={search_term_string}"},"query-input":{"@type":"PropertyValueSpecification","valueRequired":true,"valueName":"search_term_string"}}],"inLanguage":"pt-BR"},{"@type":"Organization","@id":"https:\/\/www.santosaraujo.com.br\/santos\/#organization","name":"Santos Araujo Inform\u00e1tica","url":"https:\/\/www.santosaraujo.com.br\/santos\/","logo":{"@type":"ImageObject","inLanguage":"pt-BR","@id":"https:\/\/www.santosaraujo.com.br\/santos\/#\/schema\/logo\/image\/","url":"https:\/\/i0.wp.com\/www.santosaraujo.com.br\/santos\/wp-content\/uploads\/2024\/12\/cropped-Prancheta-2.png?fit=1943%2C615&ssl=1","contentUrl":"https:\/\/i0.wp.com\/www.santosaraujo.com.br\/santos\/wp-content\/uploads\/2024\/12\/cropped-Prancheta-2.png?fit=1943%2C615&ssl=1","width":1943,"height":615,"caption":"Santos Araujo Inform\u00e1tica"},"image":{"@id":"https:\/\/www.santosaraujo.com.br\/santos\/#\/schema\/logo\/image\/"},"sameAs":["https:\/\/facebook.com\/santosaraujoinfo","https:\/\/x.com\/SantosAraujoInf","https:\/\/www.instagram.com\/santosaraujoinfo\/","https:\/\/www.pinterest.com\/santosaraujoinformtica\/"]}]}},"uagb_featured_image_src":{"full":["https:\/\/i0.wp.com\/www.santosaraujo.com.br\/santos\/wp-content\/uploads\/2017\/05\/Atend.png?fit=900%2C352&ssl=1",900,352,false],"thumbnail":["https:\/\/i0.wp.com\/www.santosaraujo.com.br\/santos\/wp-content\/uploads\/2017\/05\/Atend.png?resize=150%2C150&ssl=1",150,150,true],"medium":["https:\/\/i0.wp.com\/www.santosaraujo.com.br\/santos\/wp-content\/uploads\/2017\/05\/Atend.png?fit=300%2C117&ssl=1",300,117,true],"medium_large":["https:\/\/i0.wp.com\/www.santosaraujo.com.br\/santos\/wp-content\/uploads\/2017\/05\/Atend.png?fit=768%2C300&ssl=1",768,300,true],"large":["https:\/\/i0.wp.com\/www.santosaraujo.com.br\/santos\/wp-content\/uploads\/2017\/05\/Atend.png?fit=900%2C352&ssl=1",900,352,true],"1536x1536":["https:\/\/i0.wp.com\/www.santosaraujo.com.br\/santos\/wp-content\/uploads\/2017\/05\/Atend.png?fit=900%2C352&ssl=1",900,352,true],"2048x2048":["https:\/\/i0.wp.com\/www.santosaraujo.com.br\/santos\/wp-content\/uploads\/2017\/05\/Atend.png?fit=900%2C352&ssl=1",900,352,true],"featured-slide":["https:\/\/i0.wp.com\/www.santosaraujo.com.br\/santos\/wp-content\/uploads\/2017\/05\/Atend.png?resize=900%2C200&ssl=1",900,200,true],"featured-slide-thumb":["https:\/\/i0.wp.com\/www.santosaraujo.com.br\/santos\/wp-content\/uploads\/2017\/05\/Atend.png?fit=250%2C98&ssl=1",250,98,true]},"uagb_author_info":{"display_name":"Oswaldo Santos Araujo","author_link":"https:\/\/www.santosaraujo.com.br\/santos\/author\/sainfo\/"},"uagb_comment_info":0,"uagb_excerpt":"O software Atendimento Profissional \u00e9\u00a0destinado a todas as empresas ou pessoas que prestam atendimento e servi\u00e7os aos seus clientes. Comprar Avaliar O programa Atendimento Profissional, possui diversos m\u00f3dulos como planilhamento de horas, cadastramento de clientes, agendas, recados, entre outros. Tamb\u00e9m t\u00eam o controle de Notas Fiscais e Impostos, e ainda o controle financeiro (como contas&hellip;","jetpack_sharing_enabled":true,"_links":{"self":[{"href":"https:\/\/www.santosaraujo.com.br\/santos\/wp-json\/wp\/v2\/pages\/66","targetHints":{"allow":["GET"]}}],"collection":[{"href":"https:\/\/www.santosaraujo.com.br\/santos\/wp-json\/wp\/v2\/pages"}],"about":[{"href":"https:\/\/www.santosaraujo.com.br\/santos\/wp-json\/wp\/v2\/types\/page"}],"author":[{"embeddable":true,"href":"https:\/\/www.santosaraujo.com.br\/santos\/wp-json\/wp\/v2\/users\/1"}],"replies":[{"embeddable":true,"href":"https:\/\/www.santosaraujo.com.br\/santos\/wp-json\/wp\/v2\/comments?post=66"}],"version-history":[{"count":17,"href":"https:\/\/www.santosaraujo.com.br\/santos\/wp-json\/wp\/v2\/pages\/66\/revisions"}],"predecessor-version":[{"id":1550,"href":"https:\/\/www.santosaraujo.com.br\/santos\/wp-json\/wp\/v2\/pages\/66\/revisions\/1550"}],"wp:featuredmedia":[{"embeddable":true,"href":"https:\/\/www.santosaraujo.com.br\/santos\/wp-json\/wp\/v2\/media\/1548"}],"wp:attachment":[{"href":"https:\/\/www.santosaraujo.com.br\/santos\/wp-json\/wp\/v2\/media?parent=66"}],"curies":[{"name":"wp","href":"https:\/\/api.w.org\/{rel}","templated":true}]}}