{"id":68,"date":"2016-11-15T20:23:40","date_gmt":"2016-11-15T20:23:40","guid":{"rendered":"http:\/\/santosaraujoinforma1.hospedagemdesites.ws\/santos\/?p=68"},"modified":"2017-07-12T19:04:50","modified_gmt":"2017-07-12T19:04:50","slug":"desenvolvimento-de-software-especifico","status":"publish","type":"page","link":"https:\/\/www.santosaraujo.com.br\/santos\/desenvolvimento-de-software-especifico\/","title":{"rendered":"Desenvolvimento de Software Espec\u00edfico"},"content":{"rendered":"<p>O Desenvolvimento de Software Espec\u00edfico realizado para nossos clientes \u00e9 uma atividade muito comum na Santos Araujo Inform\u00e1tica, o pr\u00f3prio contrato de manuten\u00e7\u00e3o de sistemas\u00a0de nossos produtos, tais como: <a href=\"https:\/\/www.santosaraujo.com.br\/santos\/software-juridico-e-cobranca-adv-para-windows\/\"><em><strong>ADV para Windows<\/strong><\/em><\/a>, <em><strong><a href=\"https:\/\/www.santosaraujo.com.br\/santos\/software-de-cobranca-cob-para-windows\/\">COB para Windows<\/a><\/strong><\/em>, <strong><em><a href=\"https:\/\/www.santosaraujo.com.br\/santos\/eleito-profissional-software-politicos\/\">Eleito Profissional<\/a><\/em><\/strong> e outros oferece dentro dele esta possibilidade como um meio de implementar novos softwares e ou m\u00f3dulos, ferramentas e \u00a0relat\u00f3rios, gerando o aprimoramento de rotinas dos pr\u00f3prios sistemas.<\/p>\n<p><span class=\"TextoReportagem\">O <strong>Desenvolvimento de Software Espec\u00edfico<\/strong> tamb\u00e9m permite criar softwares avulsos e fazer manuten\u00e7\u00e3o de softwares de terceiros, permitindo desde de criar novos sistemas e programas totalmente novos, assim como modificar sistemas pr\u00e9 existentes aos nossos clientes.<br \/>\n<\/span><\/p>\n<hr \/>\n<h3><strong>O servi\u00e7o de Desenvolvimento de Software espec\u00edfico cobre os seguintes itens:<\/strong><\/h3>\n<ul>\n<li>An\u00e1lise de Sistemas e Apresenta\u00e7\u00e3o de Projeto<\/li>\n<li>Cria\u00e7\u00e3o de Prot\u00f3tipos e Aprova\u00e7\u00e3o do Projeto por partes<\/li>\n<li>Programa\u00e7\u00e3o e Entregas Programadas<\/li>\n<li>Testes e Aprova\u00e7\u00e3o dos Programas<\/li>\n<li>Aprova\u00e7\u00e3o total do sistema<\/li>\n<li>Consultoria na implanta\u00e7\u00e3o do sistema<\/li>\n<li>Consultoria na escolha de sistemas substitutos<\/li>\n<li>Treinamento aos usu\u00e1rios para a opera\u00e7\u00e3o do novo software<\/li>\n<li>Implanta\u00e7\u00e3o do Software por n\u00f3s confeccionado<\/li>\n<li>Manuten\u00e7\u00e3o posterior do software (opcional)<\/li>\n<\/ul>\n<p>O software \u00e9 confeccionado em Delphi em banco de dados PARADOX ou Firebird. Ser\u00e1 entregue com Help On Line que julgarmos ser necess\u00e1rio.<\/p>\n<p>Qualquer mudan\u00e7a no banco de dados utilizado causar\u00e1\u00a0aumento de custos.<\/p>\n<hr \/>\n<h3 align=\"justify\"><strong>Metodologias \u00c1geis<\/strong><\/h3>\n<p><span class=\"TextoReportagem\">N\u00f3s trabalhamos com duas metodologias de desenvolvimento para que o resultado seja r\u00e1pido e o mais adequado poss\u00edvel. Primeiramente utilizamos uma ferramenta para gera\u00e7\u00e3o de aplicativos com tecnologia RAD (Rapid Application Development), ou seja: desenvolvimento r\u00e1pido da aplica\u00e7\u00e3o, que permite que nossas telas e relat\u00f3rios possam ser gerados rapidamente. Em segundo lugar utilizamos uma metodologia de implementa\u00e7\u00e3o e an\u00e1lise de sistemas que nos permite confirmar com o cliente as suas necessidades: a metodologia JAD (Join Application Design) ou seja desenhando a aplica\u00e7\u00e3o em conjunto.<\/span><\/p>\n<p>A principal ideia das duas metodologias \u00e9: fazer com que o sistema seja gerado rapidamente e que o software gerado atenda as necessidades do Cliente, e que o pr\u00f3prio cliente seja tamb\u00e9m um autor da solu\u00e7\u00e3o. A metodologia JAD pressup\u00f5e a cria\u00e7\u00e3o de um comit\u00ea que re\u00fana os usu\u00e1rios e desenvolvedores , este deve discutir as necessidades e implementa-las. At\u00e9 este ponto n\u00e3o h\u00e1 grandes novidades do que foi realizado at\u00e9 o momento, por\u00e9m com o desenvolvimento sendo feito, o comit\u00ea deve olhar o sistema e verificar se ele atende as necessidades e anseios dos usu\u00e1rios. Ou seja o ideal \u00e9 que os desenvolvedores fa\u00e7am as modifica\u00e7\u00f5es do sistema e que estas sejam verificadas pelos usu\u00e1rios cada vez que isto seja poss\u00edvel, ou seja: a cada nova vers\u00e3o devem ser verificadas as altera\u00e7\u00f5es para a certifica\u00e7\u00e3o de que elas realmente atendam as necessidades dos usu\u00e1rios.<\/p>\n<p>Todas as modifica\u00e7\u00f5es definitivas devem ter o respaldo do comit\u00ea. Que deve julgar se o que foi feito est\u00e1 realmente correto.<\/p>\n<p>Abaixo um pequeno esquema de funcionamento da metodologia JAD:<\/p>\n<table class=\" aligncenter\" border=\"0\" width=\"237\">\n<tbody>\n<tr>\n<td width=\"233\">\n<div align=\"left\">\n<table border=\"1\" width=\"100%\" cellspacing=\"0\" cellpadding=\"0\">\n<tbody>\n<tr>\n<td class=\"TextoReportagem\"><strong>Passo 1<\/strong>: Formar comit\u00ea com usu\u00e1rios e desenvolvedores<\/td>\n<\/tr>\n<\/tbody>\n<\/table>\n<\/div>\n<\/td>\n<\/tr>\n<tr>\n<td width=\"233\"><\/td>\n<\/tr>\n<tr>\n<td width=\"233\">\n<div align=\"left\">\n<table border=\"1\" cellspacing=\"0\" cellpadding=\"0\">\n<tbody>\n<tr>\n<td class=\"TextoReportagem\"><strong>Passo 2<\/strong>: Fazer as reuni\u00f5es sobre o projeto e tra\u00e7ar os objetivos e cronogramas<\/td>\n<\/tr>\n<\/tbody>\n<\/table>\n<\/div>\n<\/td>\n<\/tr>\n<tr>\n<td width=\"233\"><\/td>\n<\/tr>\n<tr>\n<td width=\"233\">\n<div align=\"left\">\n<table border=\"1\" cellspacing=\"0\" cellpadding=\"0\">\n<tbody>\n<tr>\n<td class=\"TextoReportagem\"><strong>Passo 3<\/strong>: Desenvolvedores utilizam a RAD para gerar modifica\u00e7\u00f5es rapidamente<\/td>\n<\/tr>\n<\/tbody>\n<\/table>\n<\/div>\n<\/td>\n<\/tr>\n<tr>\n<td><\/td>\n<\/tr>\n<tr>\n<td width=\"233\">\n<div align=\"left\">\n<table border=\"1\" cellspacing=\"0\" cellpadding=\"0\">\n<tbody>\n<tr>\n<td class=\"TextoReportagem\"><strong>Passo 4<\/strong>: Usu\u00e1rios olham o aplicativo intermedi\u00e1rio gerado e d\u00e3o suas opini\u00f5es e sugest\u00f5es<\/td>\n<\/tr>\n<\/tbody>\n<\/table>\n<\/div>\n<\/td>\n<\/tr>\n<tr>\n<td width=\"233\"><\/td>\n<\/tr>\n<tr>\n<td width=\"233\">\n<div align=\"left\">\n<table border=\"1\" cellspacing=\"0\" cellpadding=\"0\">\n<tbody>\n<tr>\n<td class=\"TextoReportagem\"><strong>Passo 5<\/strong>: S\u00e3o repetidos os passos 3 e 4 at\u00e9 que\u00a0 o software esteja totalmente implementado<\/td>\n<\/tr>\n<\/tbody>\n<\/table>\n<\/div>\n<\/td>\n<\/tr>\n<tr>\n<td width=\"233\"><\/td>\n<\/tr>\n<tr>\n<td width=\"233\">\n<div align=\"left\">\n<table border=\"1\" cellspacing=\"0\" cellpadding=\"0\">\n<tbody>\n<tr>\n<td class=\"TextoReportagem\"><strong>Passo 6<\/strong>: Segue-se a implanta\u00e7\u00e3o e o treinamento<\/td>\n<\/tr>\n<\/tbody>\n<\/table>\n<\/div>\n<\/td>\n<\/tr>\n<\/tbody>\n<\/table>\n<p>&nbsp;<\/p>\n<hr \/>\n<div align=\"left\">\n<h3><strong>Pre\u00e7os de Desenvolvimento de Sistemas Espec\u00edficos<\/strong><\/h3>\n<\/div>\n<p><span class=\"TextoReportagem\">O pre\u00e7o dos servi\u00e7os de desenvolvimento de sistemas espec\u00edficos depende da tarefa que est\u00e1 sendo realizada:<\/span><\/p>\n<ul>\n<li class=\"TextoReportagem\">An\u00e1lise de Sistemas &#8211; R$ 180,00 h\/h *<\/li>\n<li class=\"TextoReportagem\">Reuni\u00f5es &#8211; R$ 200,00 h\/h *<\/li>\n<li class=\"TextoReportagem\">Programa\u00e7\u00e3o &#8211; R$ 95,00\u00a0h\/h *<\/li>\n<li class=\"TextoReportagem\">Treinamento &#8211; R$ 80,00 h\/h *<\/li>\n<li class=\"TextoReportagem\">Gera\u00e7\u00e3o de Documenta\u00e7\u00e3o &#8211; R$ 80,00 h\/h *<\/li>\n<li class=\"TextoReportagem\" style=\"text-align: right;\"><span style=\"font-size: 8pt;\">* homem \/ hora<\/span><\/li>\n<li class=\"TextoReportagem\"><\/li>\n<\/ul>\n<p>Estes valores s\u00e3o somente de refer\u00eancia, pois cada software espec\u00edfico tem uma negocia\u00e7\u00e3o por causa da extens\u00e3o do projeto, reutiliza\u00e7\u00e3o de componentes de outros softwares, complexidade da aplica\u00e7\u00e3o, quantidade de horas utilizados e condi\u00e7\u00f5es de pagamentos. Para todos os casos ser\u00e3o realizados or\u00e7amentos pr\u00e9vios que ser\u00e3o cumpridos, desde que obedecidos os par\u00e2metros do sistema proposto, ou seja: a manuten\u00e7\u00e3o dos mesmos m\u00f3dulos e ferramentas definidos na proposta inicial.<\/p>\n","protected":false},"excerpt":{"rendered":"<p>O Desenvolvimento de Software Espec\u00edfico realizado para nossos clientes \u00e9 uma atividade muito comum na Santos Araujo Inform\u00e1tica, o pr\u00f3prio contrato de manuten\u00e7\u00e3o de sistemas\u00a0de nossos produtos, tais como: ADV para Windows, COB para Windows, Eleito Profissional e outros oferece dentro dele esta possibilidade como um meio de implementar novos softwares e ou m\u00f3dulos, ferramentas e \u00a0relat\u00f3rios, gerando o aprimoramento de rotinas dos pr\u00f3prios sistemas. O Desenvolvimento de Software Espec\u00edfico tamb\u00e9m permite criar softwares avulsos e fazer manuten\u00e7\u00e3o de softwares de terceiros, permitindo desde de criar novos sistemas e programas totalmente novos, assim como modificar sistemas pr\u00e9 existentes aos nossos clientes. O servi\u00e7o de Desenvolvimento de Software espec\u00edfico cobre os seguintes itens: An\u00e1lise de Sistemas e Apresenta\u00e7\u00e3o de Projeto Cria\u00e7\u00e3o de Prot\u00f3tipos e Aprova\u00e7\u00e3o do Projeto por partes Programa\u00e7\u00e3o e Entregas Programadas Testes e Aprova\u00e7\u00e3o dos Programas Aprova\u00e7\u00e3o total do sistema Consultoria na implanta\u00e7\u00e3o do sistema Consultoria na escolha de sistemas substitutos Treinamento aos usu\u00e1rios para a opera\u00e7\u00e3o do novo software Implanta\u00e7\u00e3o do Software por n\u00f3s confeccionado Manuten\u00e7\u00e3o posterior do software (opcional) O software \u00e9 confeccionado em Delphi em banco de dados PARADOX ou Firebird. Ser\u00e1 entregue com Help On Line que julgarmos ser necess\u00e1rio. Qualquer mudan\u00e7a no banco de dados utilizado causar\u00e1\u00a0aumento de custos. Metodologias \u00c1geis N\u00f3s trabalhamos com duas metodologias de desenvolvimento para que o resultado seja r\u00e1pido e o mais adequado poss\u00edvel. Primeiramente utilizamos uma ferramenta para gera\u00e7\u00e3o de aplicativos com tecnologia RAD (Rapid Application Development), ou seja: desenvolvimento r\u00e1pido da aplica\u00e7\u00e3o, que permite que nossas telas e relat\u00f3rios possam ser gerados rapidamente. Em segundo lugar utilizamos uma metodologia de implementa\u00e7\u00e3o e an\u00e1lise de sistemas que nos permite confirmar com o cliente as suas necessidades: a metodologia JAD (Join Application Design) ou seja desenhando a aplica\u00e7\u00e3o em conjunto. A principal ideia das duas metodologias \u00e9: fazer com que o sistema seja gerado rapidamente e que o software gerado atenda as necessidades do Cliente, e que o pr\u00f3prio cliente seja tamb\u00e9m um autor da solu\u00e7\u00e3o. A metodologia JAD pressup\u00f5e a cria\u00e7\u00e3o de um comit\u00ea que re\u00fana os usu\u00e1rios e desenvolvedores , este deve discutir as necessidades e implementa-las. At\u00e9 este ponto n\u00e3o h\u00e1 grandes novidades do que foi realizado at\u00e9 o momento, por\u00e9m com o desenvolvimento sendo feito, o comit\u00ea deve olhar o sistema e verificar se ele atende as necessidades e anseios dos usu\u00e1rios. Ou seja o ideal \u00e9 que os desenvolvedores fa\u00e7am as modifica\u00e7\u00f5es do sistema e que estas sejam verificadas pelos usu\u00e1rios cada vez que isto seja poss\u00edvel, ou seja: a cada nova vers\u00e3o devem ser verificadas as altera\u00e7\u00f5es para a certifica\u00e7\u00e3o de que elas realmente atendam as necessidades dos usu\u00e1rios. Todas as modifica\u00e7\u00f5es definitivas devem ter o respaldo do comit\u00ea. Que deve julgar se o que foi feito est\u00e1 realmente correto. Abaixo um pequeno esquema de funcionamento da metodologia JAD: Passo 1: Formar comit\u00ea com usu\u00e1rios e desenvolvedores Passo 2: Fazer as reuni\u00f5es sobre o projeto e tra\u00e7ar os objetivos e cronogramas Passo 3: Desenvolvedores utilizam a RAD para gerar modifica\u00e7\u00f5es rapidamente Passo 4: Usu\u00e1rios olham o aplicativo intermedi\u00e1rio gerado e d\u00e3o suas opini\u00f5es e sugest\u00f5es Passo 5: S\u00e3o repetidos os passos 3 e 4 at\u00e9 que\u00a0 o software esteja totalmente implementado Passo 6: Segue-se a implanta\u00e7\u00e3o e o treinamento &nbsp; Pre\u00e7os de Desenvolvimento de Sistemas Espec\u00edficos O pre\u00e7o dos servi\u00e7os de desenvolvimento de sistemas espec\u00edficos depende da tarefa que est\u00e1 sendo realizada: An\u00e1lise de Sistemas &#8211; R$ 180,00 h\/h * Reuni\u00f5es &#8211; R$ 200,00 h\/h * Programa\u00e7\u00e3o &#8211; R$ 95,00\u00a0h\/h * Treinamento &#8211; R$ 80,00 h\/h * Gera\u00e7\u00e3o de Documenta\u00e7\u00e3o &#8211; R$ 80,00 h\/h * * homem \/ hora Estes valores s\u00e3o somente de refer\u00eancia, pois cada software espec\u00edfico tem uma negocia\u00e7\u00e3o por causa da extens\u00e3o do projeto, reutiliza\u00e7\u00e3o de componentes de outros softwares, complexidade da aplica\u00e7\u00e3o, quantidade de horas utilizados e condi\u00e7\u00f5es de pagamentos. Para todos os casos ser\u00e3o realizados or\u00e7amentos pr\u00e9vios que ser\u00e3o cumpridos, desde que obedecidos os par\u00e2metros do sistema proposto, ou seja: a manuten\u00e7\u00e3o dos mesmos m\u00f3dulos e ferramentas definidos na proposta inicial.<\/p>\n","protected":false},"author":1,"featured_media":0,"parent":0,"menu_order":0,"comment_status":"open","ping_status":"open","template":"","meta":{"_eb_attr":"","_uag_custom_page_level_css":"","_exactmetrics_skip_tracking":false,"_exactmetrics_sitenote_active":false,"_exactmetrics_sitenote_note":"","_exactmetrics_sitenote_category":0,"_uf_show_specific_survey":0,"_uf_disable_surveys":false,"site-sidebar-layout":"default","site-content-layout":"","ast-site-content-layout":"default","site-content-style":"default","site-sidebar-style":"default","ast-global-header-display":"","ast-banner-title-visibility":"","ast-main-header-display":"","ast-hfb-above-header-display":"","ast-hfb-below-header-display":"","ast-hfb-mobile-header-display":"","site-post-title":"","ast-breadcrumbs-content":"","ast-featured-img":"","footer-sml-layout":"","theme-transparent-header-meta":"","adv-header-id-meta":"","stick-header-meta":"","header-above-stick-meta":"","header-main-stick-meta":"","header-below-stick-meta":"","astra-migrate-meta-layouts":"default","ast-page-background-enabled":"default","ast-page-background-meta":{"desktop":{"background-color":"var(--ast-global-color-4)","background-image":"","background-repeat":"repeat","background-position":"center center","background-size":"auto","background-attachment":"scroll","background-type":"","background-media":"","overlay-type":"","overlay-color":"","overlay-opacity":"","overlay-gradient":""},"tablet":{"background-color":"","background-image":"","background-repeat":"repeat","background-position":"center center","background-size":"auto","background-attachment":"scroll","background-type":"","background-media":"","overlay-type":"","overlay-color":"","overlay-opacity":"","overlay-gradient":""},"mobile":{"background-color":"","background-image":"","background-repeat":"repeat","background-position":"center center","background-size":"auto","background-attachment":"scroll","background-type":"","background-media":"","overlay-type":"","overlay-color":"","overlay-opacity":"","overlay-gradient":""}},"ast-content-background-meta":{"desktop":{"background-color":"var(--ast-global-color-5)","background-image":"","background-repeat":"repeat","background-position":"center center","background-size":"auto","background-attachment":"scroll","background-type":"","background-media":"","overlay-type":"","overlay-color":"","overlay-opacity":"","overlay-gradient":""},"tablet":{"background-color":"var(--ast-global-color-5)","background-image":"","background-repeat":"repeat","background-position":"center center","background-size":"auto","background-attachment":"scroll","background-type":"","background-media":"","overlay-type":"","overlay-color":"","overlay-opacity":"","overlay-gradient":""},"mobile":{"background-color":"var(--ast-global-color-5)","background-image":"","background-repeat":"repeat","background-position":"center center","background-size":"auto","background-attachment":"scroll","background-type":"","background-media":"","overlay-type":"","overlay-color":"","overlay-opacity":"","overlay-gradient":""}},"_joinchat":[],"footnotes":""},"class_list":["post-68","page","type-page","status-publish","hentry"],"aioseo_notices":[],"yoast_head":"\n<title>Desenvolvimento de Software Espec\u00edfico -<\/title>\n<meta name=\"description\" content=\"O servi\u00e7o de Desenvolvimento de Software Espec\u00edfico permite o desenvolvimento de novos softwares ou a cria\u00e7\u00e3o de novas funcionalidades nos nossos produtos.\" \/>\n<meta name=\"robots\" content=\"index, follow, max-snippet:-1, max-image-preview:large, max-video-preview:-1\" \/>\n<link rel=\"canonical\" href=\"https:\/\/www.santosaraujo.com.br\/santos\/desenvolvimento-de-software-especifico\/\" \/>\n<meta property=\"og:locale\" content=\"pt_BR\" \/>\n<meta property=\"og:type\" content=\"article\" \/>\n<meta property=\"og:title\" content=\"Desenvolvimento de Software Espec\u00edfico -\" \/>\n<meta property=\"og:description\" content=\"O servi\u00e7o de Desenvolvimento de Software Espec\u00edfico permite o desenvolvimento de novos softwares ou a cria\u00e7\u00e3o de novas funcionalidades nos nossos produtos.\" \/>\n<meta property=\"og:url\" content=\"https:\/\/www.santosaraujo.com.br\/santos\/desenvolvimento-de-software-especifico\/\" \/>\n<meta property=\"article:publisher\" content=\"https:\/\/facebook.com\/santosaraujoinfo\" \/>\n<meta property=\"article:modified_time\" content=\"2017-07-12T19:04:50+00:00\" \/>\n<meta name=\"twitter:card\" content=\"summary_large_image\" \/>\n<meta name=\"twitter:site\" content=\"@SantosAraujoInf\" \/>\n<meta name=\"twitter:label1\" content=\"Est. tempo de leitura\" \/>\n\t<meta name=\"twitter:data1\" content=\"4 minutos\" \/>\n<script type=\"application\/ld+json\" class=\"yoast-schema-graph\">{\"@context\":\"https:\/\/schema.org\",\"@graph\":[{\"@type\":\"WebPage\",\"@id\":\"https:\/\/www.santosaraujo.com.br\/santos\/desenvolvimento-de-software-especifico\/\",\"url\":\"https:\/\/www.santosaraujo.com.br\/santos\/desenvolvimento-de-software-especifico\/\",\"name\":\"Desenvolvimento de Software Espec\u00edfico -\",\"isPartOf\":{\"@id\":\"https:\/\/www.santosaraujo.com.br\/santos\/#website\"},\"datePublished\":\"2016-11-15T20:23:40+00:00\",\"dateModified\":\"2017-07-12T19:04:50+00:00\",\"description\":\"O servi\u00e7o de Desenvolvimento de Software Espec\u00edfico permite o desenvolvimento de novos softwares ou a cria\u00e7\u00e3o de novas funcionalidades nos nossos produtos.\",\"breadcrumb\":{\"@id\":\"https:\/\/www.santosaraujo.com.br\/santos\/desenvolvimento-de-software-especifico\/#breadcrumb\"},\"inLanguage\":\"pt-BR\",\"potentialAction\":[{\"@type\":\"ReadAction\",\"target\":[\"https:\/\/www.santosaraujo.com.br\/santos\/desenvolvimento-de-software-especifico\/\"]}]},{\"@type\":\"BreadcrumbList\",\"@id\":\"https:\/\/www.santosaraujo.com.br\/santos\/desenvolvimento-de-software-especifico\/#breadcrumb\",\"itemListElement\":[{\"@type\":\"ListItem\",\"position\":1,\"name\":\"In\u00edcio\",\"item\":\"https:\/\/www.santosaraujo.com.br\/santos\/\"},{\"@type\":\"ListItem\",\"position\":2,\"name\":\"Desenvolvimento de Software Espec\u00edfico\"}]},{\"@type\":\"WebSite\",\"@id\":\"https:\/\/www.santosaraujo.com.br\/santos\/#website\",\"url\":\"https:\/\/www.santosaraujo.com.br\/santos\/\",\"name\":\"\",\"description\":\"Santos Araujo Inform\u00e1tica \u00e9 especializada em Softwares de Cobran\u00e7a, Jur\u00eddicos, IR (Imposto de Renda) , Politicos, Condom\u00ednios.\",\"publisher\":{\"@id\":\"https:\/\/www.santosaraujo.com.br\/santos\/#organization\"},\"potentialAction\":[{\"@type\":\"SearchAction\",\"target\":{\"@type\":\"EntryPoint\",\"urlTemplate\":\"https:\/\/www.santosaraujo.com.br\/santos\/?s={search_term_string}\"},\"query-input\":{\"@type\":\"PropertyValueSpecification\",\"valueRequired\":true,\"valueName\":\"search_term_string\"}}],\"inLanguage\":\"pt-BR\"},{\"@type\":\"Organization\",\"@id\":\"https:\/\/www.santosaraujo.com.br\/santos\/#organization\",\"name\":\"Santos Araujo Inform\u00e1tica\",\"url\":\"https:\/\/www.santosaraujo.com.br\/santos\/\",\"logo\":{\"@type\":\"ImageObject\",\"inLanguage\":\"pt-BR\",\"@id\":\"https:\/\/www.santosaraujo.com.br\/santos\/#\/schema\/logo\/image\/\",\"url\":\"https:\/\/i0.wp.com\/www.santosaraujo.com.br\/santos\/wp-content\/uploads\/2024\/12\/cropped-Prancheta-2.png?fit=1943%2C615&ssl=1\",\"contentUrl\":\"https:\/\/i0.wp.com\/www.santosaraujo.com.br\/santos\/wp-content\/uploads\/2024\/12\/cropped-Prancheta-2.png?fit=1943%2C615&ssl=1\",\"width\":1943,\"height\":615,\"caption\":\"Santos Araujo Inform\u00e1tica\"},\"image\":{\"@id\":\"https:\/\/www.santosaraujo.com.br\/santos\/#\/schema\/logo\/image\/\"},\"sameAs\":[\"https:\/\/facebook.com\/santosaraujoinfo\",\"https:\/\/x.com\/SantosAraujoInf\",\"https:\/\/www.instagram.com\/santosaraujoinfo\/\",\"https:\/\/www.pinterest.com\/santosaraujoinformtica\/\"]}]}<\/script>\n","yoast_head_json":{"title":"Desenvolvimento de Software Espec\u00edfico -","description":"O servi\u00e7o de Desenvolvimento de Software Espec\u00edfico permite o desenvolvimento de novos softwares ou a cria\u00e7\u00e3o de novas funcionalidades nos nossos produtos.","robots":{"index":"index","follow":"follow","max-snippet":"max-snippet:-1","max-image-preview":"max-image-preview:large","max-video-preview":"max-video-preview:-1"},"canonical":"https:\/\/www.santosaraujo.com.br\/santos\/desenvolvimento-de-software-especifico\/","og_locale":"pt_BR","og_type":"article","og_title":"Desenvolvimento de Software Espec\u00edfico -","og_description":"O servi\u00e7o de Desenvolvimento de Software Espec\u00edfico permite o desenvolvimento de novos softwares ou a cria\u00e7\u00e3o de novas funcionalidades nos nossos produtos.","og_url":"https:\/\/www.santosaraujo.com.br\/santos\/desenvolvimento-de-software-especifico\/","article_publisher":"https:\/\/facebook.com\/santosaraujoinfo","article_modified_time":"2017-07-12T19:04:50+00:00","twitter_card":"summary_large_image","twitter_site":"@SantosAraujoInf","twitter_misc":{"Est. tempo de leitura":"4 minutos"},"schema":{"@context":"https:\/\/schema.org","@graph":[{"@type":"WebPage","@id":"https:\/\/www.santosaraujo.com.br\/santos\/desenvolvimento-de-software-especifico\/","url":"https:\/\/www.santosaraujo.com.br\/santos\/desenvolvimento-de-software-especifico\/","name":"Desenvolvimento de Software Espec\u00edfico -","isPartOf":{"@id":"https:\/\/www.santosaraujo.com.br\/santos\/#website"},"datePublished":"2016-11-15T20:23:40+00:00","dateModified":"2017-07-12T19:04:50+00:00","description":"O servi\u00e7o de Desenvolvimento de Software Espec\u00edfico permite o desenvolvimento de novos softwares ou a cria\u00e7\u00e3o de novas funcionalidades nos nossos produtos.","breadcrumb":{"@id":"https:\/\/www.santosaraujo.com.br\/santos\/desenvolvimento-de-software-especifico\/#breadcrumb"},"inLanguage":"pt-BR","potentialAction":[{"@type":"ReadAction","target":["https:\/\/www.santosaraujo.com.br\/santos\/desenvolvimento-de-software-especifico\/"]}]},{"@type":"BreadcrumbList","@id":"https:\/\/www.santosaraujo.com.br\/santos\/desenvolvimento-de-software-especifico\/#breadcrumb","itemListElement":[{"@type":"ListItem","position":1,"name":"In\u00edcio","item":"https:\/\/www.santosaraujo.com.br\/santos\/"},{"@type":"ListItem","position":2,"name":"Desenvolvimento de Software Espec\u00edfico"}]},{"@type":"WebSite","@id":"https:\/\/www.santosaraujo.com.br\/santos\/#website","url":"https:\/\/www.santosaraujo.com.br\/santos\/","name":"","description":"Santos Araujo Inform\u00e1tica \u00e9 especializada em Softwares de Cobran\u00e7a, Jur\u00eddicos, IR (Imposto de Renda) , Politicos, Condom\u00ednios.","publisher":{"@id":"https:\/\/www.santosaraujo.com.br\/santos\/#organization"},"potentialAction":[{"@type":"SearchAction","target":{"@type":"EntryPoint","urlTemplate":"https:\/\/www.santosaraujo.com.br\/santos\/?s={search_term_string}"},"query-input":{"@type":"PropertyValueSpecification","valueRequired":true,"valueName":"search_term_string"}}],"inLanguage":"pt-BR"},{"@type":"Organization","@id":"https:\/\/www.santosaraujo.com.br\/santos\/#organization","name":"Santos Araujo Inform\u00e1tica","url":"https:\/\/www.santosaraujo.com.br\/santos\/","logo":{"@type":"ImageObject","inLanguage":"pt-BR","@id":"https:\/\/www.santosaraujo.com.br\/santos\/#\/schema\/logo\/image\/","url":"https:\/\/i0.wp.com\/www.santosaraujo.com.br\/santos\/wp-content\/uploads\/2024\/12\/cropped-Prancheta-2.png?fit=1943%2C615&ssl=1","contentUrl":"https:\/\/i0.wp.com\/www.santosaraujo.com.br\/santos\/wp-content\/uploads\/2024\/12\/cropped-Prancheta-2.png?fit=1943%2C615&ssl=1","width":1943,"height":615,"caption":"Santos Araujo Inform\u00e1tica"},"image":{"@id":"https:\/\/www.santosaraujo.com.br\/santos\/#\/schema\/logo\/image\/"},"sameAs":["https:\/\/facebook.com\/santosaraujoinfo","https:\/\/x.com\/SantosAraujoInf","https:\/\/www.instagram.com\/santosaraujoinfo\/","https:\/\/www.pinterest.com\/santosaraujoinformtica\/"]}]}},"uagb_featured_image_src":{"full":false,"thumbnail":false,"medium":false,"medium_large":false,"large":false,"1536x1536":false,"2048x2048":false,"featured-slide":false,"featured-slide-thumb":false},"uagb_author_info":{"display_name":"Oswaldo Santos Araujo","author_link":"https:\/\/www.santosaraujo.com.br\/santos\/author\/sainfo\/"},"uagb_comment_info":0,"uagb_excerpt":"O Desenvolvimento de Software Espec\u00edfico realizado para nossos clientes \u00e9 uma atividade muito comum na Santos Araujo Inform\u00e1tica, o pr\u00f3prio contrato de manuten\u00e7\u00e3o de sistemas\u00a0de nossos produtos, tais como: ADV para Windows, COB para Windows, Eleito Profissional e outros oferece dentro dele esta possibilidade como um meio de implementar novos softwares e ou m\u00f3dulos, ferramentas&hellip;","jetpack_sharing_enabled":true,"_links":{"self":[{"href":"https:\/\/www.santosaraujo.com.br\/santos\/wp-json\/wp\/v2\/pages\/68","targetHints":{"allow":["GET"]}}],"collection":[{"href":"https:\/\/www.santosaraujo.com.br\/santos\/wp-json\/wp\/v2\/pages"}],"about":[{"href":"https:\/\/www.santosaraujo.com.br\/santos\/wp-json\/wp\/v2\/types\/page"}],"author":[{"embeddable":true,"href":"https:\/\/www.santosaraujo.com.br\/santos\/wp-json\/wp\/v2\/users\/1"}],"replies":[{"embeddable":true,"href":"https:\/\/www.santosaraujo.com.br\/santos\/wp-json\/wp\/v2\/comments?post=68"}],"version-history":[{"count":15,"href":"https:\/\/www.santosaraujo.com.br\/santos\/wp-json\/wp\/v2\/pages\/68\/revisions"}],"predecessor-version":[{"id":1738,"href":"https:\/\/www.santosaraujo.com.br\/santos\/wp-json\/wp\/v2\/pages\/68\/revisions\/1738"}],"wp:attachment":[{"href":"https:\/\/www.santosaraujo.com.br\/santos\/wp-json\/wp\/v2\/media?parent=68"}],"curies":[{"name":"wp","href":"https:\/\/api.w.org\/{rel}","templated":true}]}}