{"id":841,"date":"2023-08-02T14:48:55","date_gmt":"2023-08-02T14:48:55","guid":{"rendered":"http:\/\/santosaraujoinformatica.com.br\/santos\/?page_id=841"},"modified":"2023-08-03T10:47:00","modified_gmt":"2023-08-03T10:47:00","slug":"assistencia-tecnica","status":"publish","type":"page","link":"https:\/\/www.santosaraujo.com.br\/santos\/assistencia-tecnica\/","title":{"rendered":"Assist\u00eancia T\u00e9cnica"},"content":{"rendered":"<p><strong>Assist\u00eancia t\u00e9cnica<\/strong> \u00e9 um dos<strong> servi\u00e7os oferecidos<\/strong> pela <strong>Santos Araujo Inform\u00e1tica<\/strong> permitindo que nossa empresa ofere\u00e7a <strong>na \u00e1rea de hardware e software b\u00e1sico uma assessoria de qualidade<\/strong>, desde a <strong>escolha do equipamento at\u00e9 manuten\u00e7\u00e3o preventiva, upgrades, limpezas, formata\u00e7\u00f5es, passando pela instala\u00e7\u00e3o de hardware (equipamentos de inform\u00e1tica) e softwares (programas de qualquer esp\u00e9cie)<\/strong>, este servi\u00e7o est\u00e1 dispon\u00edvel tanto <strong>para empresas como para particulares.<\/strong><\/p>\n<p>Nossa especialidade \u00e9 <strong>aumentar a velocidade e o conforto no uso do seu equipamento<\/strong>, seja por recuperar m\u00e1quinas que estejam lentas por causa de<strong> problemas com v\u00edrus ou seguran\u00e7a<\/strong>. Nosso foco \u00e9 <strong>manter os dados do cliente<\/strong>, recuperar o n\u00edvel de seguran\u00e7a atualizando sistemas, com o cuidado de manter a legalidade e trazer seguran\u00e7a aos dados com a <strong>implanta\u00e7\u00e3o de uma pol\u00edtica de manuten\u00e7\u00e3o preventiva e seguran\u00e7a que v\u00e3o evitar que os dados do cliente fiquem desprotegidos<\/strong>.<\/p>\n<p>Neste<span style=\"font-size: revert; color: initial;\"> sentido realizamos o <\/span><strong style=\"font-size: revert; color: initial;\">upgrade de hardware<\/strong><span style=\"font-size: revert; color: initial;\">, <\/span><strong style=\"font-size: revert; color: initial;\">preservando seu investimento e aumentando a vida \u00fatil, produtiva com o m\u00e1ximo de efic\u00e1cia do seu equipamento<\/strong><span style=\"font-size: revert; color: initial;\">. Quando falamos em <\/span><em style=\"font-size: revert; color: initial;\"><strong>trocar um HD por SSD<\/strong> <\/em><span style=\"font-size: revert; color: initial;\">n\u00f3s <\/span><em style=\"font-size: revert; color: initial;\"><strong>ganhamos muito em velocidade<\/strong><\/em><span style=\"font-size: revert; color: initial;\"> no equipamento (<\/span><em style=\"font-size: revert; color: initial;\"><strong>normalmente 10 vezes mais r\u00e1pido<\/strong><\/em><span style=\"font-size: revert; color: initial;\">, no m\u00ednimo 5 e <\/span><em style=\"font-size: revert; color: initial;\"><strong>at\u00e9 25 vezes mais r\u00e1pido dependendo do equipamento<\/strong><\/em><span style=\"font-size: revert; color: initial;\">) , tamb\u00e9m verificamos a possibilidade de aumento de mem\u00f3ria, troca de wifi e outras melhorias que podem mudar muito a velocidade de opera\u00e7\u00e3o dos equipamentos e o conforto do uso.<\/p>\n<p><strong>As vezes uma troca de HD por SSD pode fazer voc\u00ea utilizar aquela m\u00e1quina de 5\/10 anos de uma maneira muito mais produtiva.<\/strong><\/span><\/p>\n<p>Um servi\u00e7o de <strong>limpeza de v\u00edrus e ajustes de velocidade e seguran\u00e7a<\/strong> podem inclusive evitar que o usu\u00e1rio seja pego de surpresa em muitos problemas de seguran\u00e7a, incluindo ataques em massa a computadores como os que tem ocorrido ultimamente, como relata nosso artigo: <strong><a href=\"https:\/\/www.santosaraujo.com.br\/santos\/como-se-proteger-de-qualquer-ataque-de-hackers\/\">Como se proteger de um ataque de hackers.<\/a><\/strong><\/p>\n<hr \/>\n<h3><strong>\u00c1rea de Atua\u00e7\u00e3o<\/strong><\/h3>\n<p>O\u00a0trabalho \u00e9 realizado no pr\u00f3prio local de trabalho ou no nosso laborat\u00f3rio, sempre pensando na qualidade do atendimento, seja no tempo do atendimento ou no resultado do mesmo, com\u00a0 transpar\u00eancia e diagn\u00f3sticos que permitem oferecer vantagens como economia de tempo e principalmente dinheiro.<\/p>\n<p>O servi\u00e7o de assist\u00eancia t\u00e9cnica seja para troca, substitui\u00e7\u00e3o, conserto ou atualiza\u00e7\u00e3o de um equipamento avulso est\u00e1 restrito aos bairros do Jardim S\u00e3o Paulo, Mandaqui, Santana e \u00c1gua Fria, na cidade S\u00e3o Paulo-SP e cercanias pr\u00f3ximas ao nosso escrit\u00f3rio e ao laborat\u00f3rio. Equipamentos para ajustes de velocidade em loco ou no laborat\u00f3rio, elimina\u00e7\u00e3o de v\u00edrus e outros ajustes de performance ou atualiza\u00e7\u00e3o tamb\u00e9m sofrem as mesmas restri\u00e7\u00f5es.<\/p>\n<p>Servi\u00e7os de manuten\u00e7\u00e3o preventiva software podem ser realizados em todo o Brasil e cobrem atualiza\u00e7\u00f5es de softwares, retiradas de v\u00edrus e etc podem fazer parte inclusive de nossos contratos referentes a outros softwares.<\/p>\n<hr \/>\n<h3><strong>O servi\u00e7o de assist\u00eancia t\u00e9cnica cobre os seguintes itens:<\/strong><\/h3>\n<p>Computadores, notebooks, impressoras, perif\u00e9ricos em geral, redes, formata\u00e7\u00f5es, clonagem, recupera\u00e7\u00e3o de dados, limpeza de v\u00edrus e configura\u00e7\u00f5es especiais, atualiza\u00e7\u00f5es de software e hardware e implementa\u00e7\u00e3o de seguran\u00e7a. Somos especializados em Windows\/Linux.<\/p>\n<hr \/>\n<p>Para solicitar a assist\u00eancia t\u00e9cnica ou em caso de alguma d\u00favida entre em <a href=\"https:\/\/www.santosaraujo.com.br\/santos\/contato\/\"><strong>contato<\/strong><\/a> conosco<\/p>\n","protected":false},"excerpt":{"rendered":"<p>Assist\u00eancia t\u00e9cnica \u00e9 um dos servi\u00e7os oferecidos pela Santos Araujo Inform\u00e1tica permitindo que nossa empresa ofere\u00e7a na \u00e1rea de hardware e software b\u00e1sico uma assessoria de qualidade, desde a escolha do equipamento at\u00e9 manuten\u00e7\u00e3o preventiva, upgrades, limpezas, formata\u00e7\u00f5es, passando pela instala\u00e7\u00e3o de hardware (equipamentos de inform\u00e1tica) e softwares (programas de qualquer esp\u00e9cie), este servi\u00e7o est\u00e1 dispon\u00edvel tanto para empresas como para particulares. Nossa especialidade \u00e9 aumentar a velocidade e o conforto no uso do seu equipamento, seja por recuperar m\u00e1quinas que estejam lentas por causa de problemas com v\u00edrus ou seguran\u00e7a. Nosso foco \u00e9 manter os dados do cliente, recuperar o n\u00edvel de seguran\u00e7a atualizando sistemas, com o cuidado de manter a legalidade e trazer seguran\u00e7a aos dados com a implanta\u00e7\u00e3o de uma pol\u00edtica de manuten\u00e7\u00e3o preventiva e seguran\u00e7a que v\u00e3o evitar que os dados do cliente fiquem desprotegidos. Neste sentido realizamos o upgrade de hardware, preservando seu investimento e aumentando a vida \u00fatil, produtiva com o m\u00e1ximo de efic\u00e1cia do seu equipamento. Quando falamos em trocar um HD por SSD n\u00f3s ganhamos muito em velocidade no equipamento (normalmente 10 vezes mais r\u00e1pido, no m\u00ednimo 5 e at\u00e9 25 vezes mais r\u00e1pido dependendo do equipamento) , tamb\u00e9m verificamos a possibilidade de aumento de mem\u00f3ria, troca de wifi e outras melhorias que podem mudar muito a velocidade de opera\u00e7\u00e3o dos equipamentos e o conforto do uso. As vezes uma troca de HD por SSD pode fazer voc\u00ea utilizar aquela m\u00e1quina de 5\/10 anos de uma maneira muito mais produtiva. Um servi\u00e7o de limpeza de v\u00edrus e ajustes de velocidade e seguran\u00e7a podem inclusive evitar que o usu\u00e1rio seja pego de surpresa em muitos problemas de seguran\u00e7a, incluindo ataques em massa a computadores como os que tem ocorrido ultimamente, como relata nosso artigo: Como se proteger de um ataque de hackers. \u00c1rea de Atua\u00e7\u00e3o O\u00a0trabalho \u00e9 realizado no pr\u00f3prio local de trabalho ou no nosso laborat\u00f3rio, sempre pensando na qualidade do atendimento, seja no tempo do atendimento ou no resultado do mesmo, com\u00a0 transpar\u00eancia e diagn\u00f3sticos que permitem oferecer vantagens como economia de tempo e principalmente dinheiro. O servi\u00e7o de assist\u00eancia t\u00e9cnica seja para troca, substitui\u00e7\u00e3o, conserto ou atualiza\u00e7\u00e3o de um equipamento avulso est\u00e1 restrito aos bairros do Jardim S\u00e3o Paulo, Mandaqui, Santana e \u00c1gua Fria, na cidade S\u00e3o Paulo-SP e cercanias pr\u00f3ximas ao nosso escrit\u00f3rio e ao laborat\u00f3rio. Equipamentos para ajustes de velocidade em loco ou no laborat\u00f3rio, elimina\u00e7\u00e3o de v\u00edrus e outros ajustes de performance ou atualiza\u00e7\u00e3o tamb\u00e9m sofrem as mesmas restri\u00e7\u00f5es. Servi\u00e7os de manuten\u00e7\u00e3o preventiva software podem ser realizados em todo o Brasil e cobrem atualiza\u00e7\u00f5es de softwares, retiradas de v\u00edrus e etc podem fazer parte inclusive de nossos contratos referentes a outros softwares. O servi\u00e7o de assist\u00eancia t\u00e9cnica cobre os seguintes itens: Computadores, notebooks, impressoras, perif\u00e9ricos em geral, redes, formata\u00e7\u00f5es, clonagem, recupera\u00e7\u00e3o de dados, limpeza de v\u00edrus e configura\u00e7\u00f5es especiais, atualiza\u00e7\u00f5es de software e hardware e implementa\u00e7\u00e3o de seguran\u00e7a. Somos especializados em Windows\/Linux. Para solicitar a assist\u00eancia t\u00e9cnica ou em caso de alguma d\u00favida entre em contato conosco<\/p>\n","protected":false},"author":1,"featured_media":1739,"parent":0,"menu_order":0,"comment_status":"closed","ping_status":"closed","template":"","meta":{"_eb_attr":"","_uag_custom_page_level_css":"","_exactmetrics_skip_tracking":false,"_exactmetrics_sitenote_active":false,"_exactmetrics_sitenote_note":"","_exactmetrics_sitenote_category":0,"_uf_show_specific_survey":0,"_uf_disable_surveys":false,"site-sidebar-layout":"default","site-content-layout":"","ast-site-content-layout":"default","site-content-style":"default","site-sidebar-style":"default","ast-global-header-display":"","ast-banner-title-visibility":"","ast-main-header-display":"","ast-hfb-above-header-display":"","ast-hfb-below-header-display":"","ast-hfb-mobile-header-display":"","site-post-title":"","ast-breadcrumbs-content":"","ast-featured-img":"","footer-sml-layout":"","theme-transparent-header-meta":"","adv-header-id-meta":"","stick-header-meta":"","header-above-stick-meta":"","header-main-stick-meta":"","header-below-stick-meta":"","astra-migrate-meta-layouts":"default","ast-page-background-enabled":"default","ast-page-background-meta":{"desktop":{"background-color":"var(--ast-global-color-4)","background-image":"","background-repeat":"repeat","background-position":"center center","background-size":"auto","background-attachment":"scroll","background-type":"","background-media":"","overlay-type":"","overlay-color":"","overlay-opacity":"","overlay-gradient":""},"tablet":{"background-color":"","background-image":"","background-repeat":"repeat","background-position":"center center","background-size":"auto","background-attachment":"scroll","background-type":"","background-media":"","overlay-type":"","overlay-color":"","overlay-opacity":"","overlay-gradient":""},"mobile":{"background-color":"","background-image":"","background-repeat":"repeat","background-position":"center center","background-size":"auto","background-attachment":"scroll","background-type":"","background-media":"","overlay-type":"","overlay-color":"","overlay-opacity":"","overlay-gradient":""}},"ast-content-background-meta":{"desktop":{"background-color":"var(--ast-global-color-5)","background-image":"","background-repeat":"repeat","background-position":"center center","background-size":"auto","background-attachment":"scroll","background-type":"","background-media":"","overlay-type":"","overlay-color":"","overlay-opacity":"","overlay-gradient":""},"tablet":{"background-color":"var(--ast-global-color-5)","background-image":"","background-repeat":"repeat","background-position":"center center","background-size":"auto","background-attachment":"scroll","background-type":"","background-media":"","overlay-type":"","overlay-color":"","overlay-opacity":"","overlay-gradient":""},"mobile":{"background-color":"var(--ast-global-color-5)","background-image":"","background-repeat":"repeat","background-position":"center center","background-size":"auto","background-attachment":"scroll","background-type":"","background-media":"","overlay-type":"","overlay-color":"","overlay-opacity":"","overlay-gradient":""}},"_joinchat":[],"footnotes":""},"class_list":["post-841","page","type-page","status-publish","has-post-thumbnail","hentry"],"aioseo_notices":[],"yoast_head":"\n<title>Assist\u00eancia T\u00e9cnica -<\/title>\n<meta name=\"description\" content=\"A assist\u00eancia t\u00e9cnica conserta seu PC\/Note, faz upgrade, formata m\u00e1quinas. Trocar um HD por um SSD deixar seu PC 10 vez mais r\u00e1pido.\" \/>\n<meta name=\"robots\" content=\"index, follow, max-snippet:-1, max-image-preview:large, max-video-preview:-1\" \/>\n<link rel=\"canonical\" href=\"https:\/\/www.santosaraujo.com.br\/santos\/assistencia-tecnica\/\" \/>\n<meta property=\"og:locale\" content=\"pt_BR\" \/>\n<meta property=\"og:type\" content=\"article\" \/>\n<meta property=\"og:title\" content=\"Assist\u00eancia T\u00e9cnica -\" \/>\n<meta property=\"og:description\" content=\"A assist\u00eancia t\u00e9cnica conserta seu PC\/Note, faz upgrade, formata m\u00e1quinas. Trocar um HD por um SSD deixar seu PC 10 vez mais r\u00e1pido.\" \/>\n<meta property=\"og:url\" content=\"https:\/\/www.santosaraujo.com.br\/santos\/assistencia-tecnica\/\" \/>\n<meta property=\"article:publisher\" content=\"https:\/\/facebook.com\/santosaraujoinfo\" \/>\n<meta property=\"article:modified_time\" content=\"2023-08-03T10:47:00+00:00\" \/>\n<meta property=\"og:image\" content=\"https:\/\/www.santosaraujo.com.br\/santos\/wp-content\/uploads\/2017\/01\/AssistenciaTecnica.png\" \/>\n\t<meta property=\"og:image:width\" content=\"1000\" \/>\n\t<meta property=\"og:image:height\" content=\"639\" \/>\n\t<meta property=\"og:image:type\" content=\"image\/png\" \/>\n<meta name=\"twitter:card\" content=\"summary_large_image\" \/>\n<meta name=\"twitter:site\" content=\"@SantosAraujoInf\" \/>\n<meta name=\"twitter:label1\" content=\"Est. tempo de leitura\" \/>\n\t<meta name=\"twitter:data1\" content=\"3 minutos\" \/>\n<script type=\"application\/ld+json\" class=\"yoast-schema-graph\">{\"@context\":\"https:\/\/schema.org\",\"@graph\":[{\"@type\":\"WebPage\",\"@id\":\"https:\/\/www.santosaraujo.com.br\/santos\/assistencia-tecnica\/\",\"url\":\"https:\/\/www.santosaraujo.com.br\/santos\/assistencia-tecnica\/\",\"name\":\"Assist\u00eancia T\u00e9cnica -\",\"isPartOf\":{\"@id\":\"https:\/\/www.santosaraujo.com.br\/santos\/#website\"},\"primaryImageOfPage\":{\"@id\":\"https:\/\/www.santosaraujo.com.br\/santos\/assistencia-tecnica\/#primaryimage\"},\"image\":{\"@id\":\"https:\/\/www.santosaraujo.com.br\/santos\/assistencia-tecnica\/#primaryimage\"},\"thumbnailUrl\":\"https:\/\/i0.wp.com\/www.santosaraujo.com.br\/santos\/wp-content\/uploads\/2017\/01\/AssistenciaTecnica.png?fit=1000%2C639&ssl=1\",\"datePublished\":\"2023-08-02T14:48:55+00:00\",\"dateModified\":\"2023-08-03T10:47:00+00:00\",\"description\":\"A assist\u00eancia t\u00e9cnica conserta seu PC\/Note, faz upgrade, formata m\u00e1quinas. Trocar um HD por um SSD deixar seu PC 10 vez mais r\u00e1pido.\",\"breadcrumb\":{\"@id\":\"https:\/\/www.santosaraujo.com.br\/santos\/assistencia-tecnica\/#breadcrumb\"},\"inLanguage\":\"pt-BR\",\"potentialAction\":[{\"@type\":\"ReadAction\",\"target\":[\"https:\/\/www.santosaraujo.com.br\/santos\/assistencia-tecnica\/\"]}]},{\"@type\":\"ImageObject\",\"inLanguage\":\"pt-BR\",\"@id\":\"https:\/\/www.santosaraujo.com.br\/santos\/assistencia-tecnica\/#primaryimage\",\"url\":\"https:\/\/i0.wp.com\/www.santosaraujo.com.br\/santos\/wp-content\/uploads\/2017\/01\/AssistenciaTecnica.png?fit=1000%2C639&ssl=1\",\"contentUrl\":\"https:\/\/i0.wp.com\/www.santosaraujo.com.br\/santos\/wp-content\/uploads\/2017\/01\/AssistenciaTecnica.png?fit=1000%2C639&ssl=1\",\"width\":1000,\"height\":639,\"caption\":\"Assist\u00eancia T\u00e9cnica\"},{\"@type\":\"BreadcrumbList\",\"@id\":\"https:\/\/www.santosaraujo.com.br\/santos\/assistencia-tecnica\/#breadcrumb\",\"itemListElement\":[{\"@type\":\"ListItem\",\"position\":1,\"name\":\"In\u00edcio\",\"item\":\"https:\/\/www.santosaraujo.com.br\/santos\/\"},{\"@type\":\"ListItem\",\"position\":2,\"name\":\"Assist\u00eancia T\u00e9cnica\"}]},{\"@type\":\"WebSite\",\"@id\":\"https:\/\/www.santosaraujo.com.br\/santos\/#website\",\"url\":\"https:\/\/www.santosaraujo.com.br\/santos\/\",\"name\":\"\",\"description\":\"Santos Araujo Inform\u00e1tica \u00e9 especializada em Softwares de Cobran\u00e7a, Jur\u00eddicos, IR (Imposto de Renda) , Politicos, Condom\u00ednios.\",\"publisher\":{\"@id\":\"https:\/\/www.santosaraujo.com.br\/santos\/#organization\"},\"potentialAction\":[{\"@type\":\"SearchAction\",\"target\":{\"@type\":\"EntryPoint\",\"urlTemplate\":\"https:\/\/www.santosaraujo.com.br\/santos\/?s={search_term_string}\"},\"query-input\":{\"@type\":\"PropertyValueSpecification\",\"valueRequired\":true,\"valueName\":\"search_term_string\"}}],\"inLanguage\":\"pt-BR\"},{\"@type\":\"Organization\",\"@id\":\"https:\/\/www.santosaraujo.com.br\/santos\/#organization\",\"name\":\"Santos Araujo Inform\u00e1tica\",\"url\":\"https:\/\/www.santosaraujo.com.br\/santos\/\",\"logo\":{\"@type\":\"ImageObject\",\"inLanguage\":\"pt-BR\",\"@id\":\"https:\/\/www.santosaraujo.com.br\/santos\/#\/schema\/logo\/image\/\",\"url\":\"https:\/\/i0.wp.com\/www.santosaraujo.com.br\/santos\/wp-content\/uploads\/2024\/12\/cropped-Prancheta-2.png?fit=1943%2C615&ssl=1\",\"contentUrl\":\"https:\/\/i0.wp.com\/www.santosaraujo.com.br\/santos\/wp-content\/uploads\/2024\/12\/cropped-Prancheta-2.png?fit=1943%2C615&ssl=1\",\"width\":1943,\"height\":615,\"caption\":\"Santos Araujo Inform\u00e1tica\"},\"image\":{\"@id\":\"https:\/\/www.santosaraujo.com.br\/santos\/#\/schema\/logo\/image\/\"},\"sameAs\":[\"https:\/\/facebook.com\/santosaraujoinfo\",\"https:\/\/x.com\/SantosAraujoInf\",\"https:\/\/www.instagram.com\/santosaraujoinfo\/\",\"https:\/\/www.pinterest.com\/santosaraujoinformtica\/\"]}]}<\/script>\n","yoast_head_json":{"title":"Assist\u00eancia T\u00e9cnica -","description":"A assist\u00eancia t\u00e9cnica conserta seu PC\/Note, faz upgrade, formata m\u00e1quinas. Trocar um HD por um SSD deixar seu PC 10 vez mais r\u00e1pido.","robots":{"index":"index","follow":"follow","max-snippet":"max-snippet:-1","max-image-preview":"max-image-preview:large","max-video-preview":"max-video-preview:-1"},"canonical":"https:\/\/www.santosaraujo.com.br\/santos\/assistencia-tecnica\/","og_locale":"pt_BR","og_type":"article","og_title":"Assist\u00eancia T\u00e9cnica -","og_description":"A assist\u00eancia t\u00e9cnica conserta seu PC\/Note, faz upgrade, formata m\u00e1quinas. Trocar um HD por um SSD deixar seu PC 10 vez mais r\u00e1pido.","og_url":"https:\/\/www.santosaraujo.com.br\/santos\/assistencia-tecnica\/","article_publisher":"https:\/\/facebook.com\/santosaraujoinfo","article_modified_time":"2023-08-03T10:47:00+00:00","og_image":[{"width":1000,"height":639,"url":"https:\/\/www.santosaraujo.com.br\/santos\/wp-content\/uploads\/2017\/01\/AssistenciaTecnica.png","type":"image\/png"}],"twitter_card":"summary_large_image","twitter_site":"@SantosAraujoInf","twitter_misc":{"Est. tempo de leitura":"3 minutos"},"schema":{"@context":"https:\/\/schema.org","@graph":[{"@type":"WebPage","@id":"https:\/\/www.santosaraujo.com.br\/santos\/assistencia-tecnica\/","url":"https:\/\/www.santosaraujo.com.br\/santos\/assistencia-tecnica\/","name":"Assist\u00eancia T\u00e9cnica -","isPartOf":{"@id":"https:\/\/www.santosaraujo.com.br\/santos\/#website"},"primaryImageOfPage":{"@id":"https:\/\/www.santosaraujo.com.br\/santos\/assistencia-tecnica\/#primaryimage"},"image":{"@id":"https:\/\/www.santosaraujo.com.br\/santos\/assistencia-tecnica\/#primaryimage"},"thumbnailUrl":"https:\/\/i0.wp.com\/www.santosaraujo.com.br\/santos\/wp-content\/uploads\/2017\/01\/AssistenciaTecnica.png?fit=1000%2C639&ssl=1","datePublished":"2023-08-02T14:48:55+00:00","dateModified":"2023-08-03T10:47:00+00:00","description":"A assist\u00eancia t\u00e9cnica conserta seu PC\/Note, faz upgrade, formata m\u00e1quinas. Trocar um HD por um SSD deixar seu PC 10 vez mais r\u00e1pido.","breadcrumb":{"@id":"https:\/\/www.santosaraujo.com.br\/santos\/assistencia-tecnica\/#breadcrumb"},"inLanguage":"pt-BR","potentialAction":[{"@type":"ReadAction","target":["https:\/\/www.santosaraujo.com.br\/santos\/assistencia-tecnica\/"]}]},{"@type":"ImageObject","inLanguage":"pt-BR","@id":"https:\/\/www.santosaraujo.com.br\/santos\/assistencia-tecnica\/#primaryimage","url":"https:\/\/i0.wp.com\/www.santosaraujo.com.br\/santos\/wp-content\/uploads\/2017\/01\/AssistenciaTecnica.png?fit=1000%2C639&ssl=1","contentUrl":"https:\/\/i0.wp.com\/www.santosaraujo.com.br\/santos\/wp-content\/uploads\/2017\/01\/AssistenciaTecnica.png?fit=1000%2C639&ssl=1","width":1000,"height":639,"caption":"Assist\u00eancia T\u00e9cnica"},{"@type":"BreadcrumbList","@id":"https:\/\/www.santosaraujo.com.br\/santos\/assistencia-tecnica\/#breadcrumb","itemListElement":[{"@type":"ListItem","position":1,"name":"In\u00edcio","item":"https:\/\/www.santosaraujo.com.br\/santos\/"},{"@type":"ListItem","position":2,"name":"Assist\u00eancia T\u00e9cnica"}]},{"@type":"WebSite","@id":"https:\/\/www.santosaraujo.com.br\/santos\/#website","url":"https:\/\/www.santosaraujo.com.br\/santos\/","name":"","description":"Santos Araujo Inform\u00e1tica \u00e9 especializada em Softwares de Cobran\u00e7a, Jur\u00eddicos, IR (Imposto de Renda) , Politicos, Condom\u00ednios.","publisher":{"@id":"https:\/\/www.santosaraujo.com.br\/santos\/#organization"},"potentialAction":[{"@type":"SearchAction","target":{"@type":"EntryPoint","urlTemplate":"https:\/\/www.santosaraujo.com.br\/santos\/?s={search_term_string}"},"query-input":{"@type":"PropertyValueSpecification","valueRequired":true,"valueName":"search_term_string"}}],"inLanguage":"pt-BR"},{"@type":"Organization","@id":"https:\/\/www.santosaraujo.com.br\/santos\/#organization","name":"Santos Araujo Inform\u00e1tica","url":"https:\/\/www.santosaraujo.com.br\/santos\/","logo":{"@type":"ImageObject","inLanguage":"pt-BR","@id":"https:\/\/www.santosaraujo.com.br\/santos\/#\/schema\/logo\/image\/","url":"https:\/\/i0.wp.com\/www.santosaraujo.com.br\/santos\/wp-content\/uploads\/2024\/12\/cropped-Prancheta-2.png?fit=1943%2C615&ssl=1","contentUrl":"https:\/\/i0.wp.com\/www.santosaraujo.com.br\/santos\/wp-content\/uploads\/2024\/12\/cropped-Prancheta-2.png?fit=1943%2C615&ssl=1","width":1943,"height":615,"caption":"Santos Araujo Inform\u00e1tica"},"image":{"@id":"https:\/\/www.santosaraujo.com.br\/santos\/#\/schema\/logo\/image\/"},"sameAs":["https:\/\/facebook.com\/santosaraujoinfo","https:\/\/x.com\/SantosAraujoInf","https:\/\/www.instagram.com\/santosaraujoinfo\/","https:\/\/www.pinterest.com\/santosaraujoinformtica\/"]}]}},"uagb_featured_image_src":{"full":["https:\/\/i0.wp.com\/www.santosaraujo.com.br\/santos\/wp-content\/uploads\/2017\/01\/AssistenciaTecnica.png?fit=1000%2C639&ssl=1",1000,639,false],"thumbnail":["https:\/\/i0.wp.com\/www.santosaraujo.com.br\/santos\/wp-content\/uploads\/2017\/01\/AssistenciaTecnica.png?resize=150%2C150&ssl=1",150,150,true],"medium":["https:\/\/i0.wp.com\/www.santosaraujo.com.br\/santos\/wp-content\/uploads\/2017\/01\/AssistenciaTecnica.png?fit=300%2C192&ssl=1",300,192,true],"medium_large":["https:\/\/i0.wp.com\/www.santosaraujo.com.br\/santos\/wp-content\/uploads\/2017\/01\/AssistenciaTecnica.png?fit=768%2C491&ssl=1",768,491,true],"large":["https:\/\/i0.wp.com\/www.santosaraujo.com.br\/santos\/wp-content\/uploads\/2017\/01\/AssistenciaTecnica.png?fit=1000%2C639&ssl=1",1000,639,true],"1536x1536":["https:\/\/i0.wp.com\/www.santosaraujo.com.br\/santos\/wp-content\/uploads\/2017\/01\/AssistenciaTecnica.png?fit=1000%2C639&ssl=1",1000,639,true],"2048x2048":["https:\/\/i0.wp.com\/www.santosaraujo.com.br\/santos\/wp-content\/uploads\/2017\/01\/AssistenciaTecnica.png?fit=1000%2C639&ssl=1",1000,639,true],"featured-slide":["https:\/\/i0.wp.com\/www.santosaraujo.com.br\/santos\/wp-content\/uploads\/2017\/01\/AssistenciaTecnica.png?resize=940%2C200&ssl=1",940,200,true],"featured-slide-thumb":["https:\/\/i0.wp.com\/www.santosaraujo.com.br\/santos\/wp-content\/uploads\/2017\/01\/AssistenciaTecnica.png?fit=250%2C160&ssl=1",250,160,true]},"uagb_author_info":{"display_name":"Oswaldo Santos Araujo","author_link":"https:\/\/www.santosaraujo.com.br\/santos\/author\/sainfo\/"},"uagb_comment_info":0,"uagb_excerpt":"Assist\u00eancia t\u00e9cnica \u00e9 um dos servi\u00e7os oferecidos pela Santos Araujo Inform\u00e1tica permitindo que nossa empresa ofere\u00e7a na \u00e1rea de hardware e software b\u00e1sico uma assessoria de qualidade, desde a escolha do equipamento at\u00e9 manuten\u00e7\u00e3o preventiva, upgrades, limpezas, formata\u00e7\u00f5es, passando pela instala\u00e7\u00e3o de hardware (equipamentos de inform\u00e1tica) e softwares (programas de qualquer esp\u00e9cie), este servi\u00e7o est\u00e1&hellip;","jetpack_sharing_enabled":true,"_links":{"self":[{"href":"https:\/\/www.santosaraujo.com.br\/santos\/wp-json\/wp\/v2\/pages\/841","targetHints":{"allow":["GET"]}}],"collection":[{"href":"https:\/\/www.santosaraujo.com.br\/santos\/wp-json\/wp\/v2\/pages"}],"about":[{"href":"https:\/\/www.santosaraujo.com.br\/santos\/wp-json\/wp\/v2\/types\/page"}],"author":[{"embeddable":true,"href":"https:\/\/www.santosaraujo.com.br\/santos\/wp-json\/wp\/v2\/users\/1"}],"replies":[{"embeddable":true,"href":"https:\/\/www.santosaraujo.com.br\/santos\/wp-json\/wp\/v2\/comments?post=841"}],"version-history":[{"count":2,"href":"https:\/\/www.santosaraujo.com.br\/santos\/wp-json\/wp\/v2\/pages\/841\/revisions"}],"predecessor-version":[{"id":11062,"href":"https:\/\/www.santosaraujo.com.br\/santos\/wp-json\/wp\/v2\/pages\/841\/revisions\/11062"}],"wp:featuredmedia":[{"embeddable":true,"href":"https:\/\/www.santosaraujo.com.br\/santos\/wp-json\/wp\/v2\/media\/1739"}],"wp:attachment":[{"href":"https:\/\/www.santosaraujo.com.br\/santos\/wp-json\/wp\/v2\/media?parent=841"}],"curies":[{"name":"wp","href":"https:\/\/api.w.org\/{rel}","templated":true}]}}